{"id":119452,"date":"2019-06-11T17:47:10","date_gmt":"2019-06-11T15:47:10","guid":{"rendered":"https:\/\/www.fabioferro.eu\/comete-herren-halskette-925-sterling-silber-und-rose-gold-faith-kollektion.html"},"modified":"2024-09-18T16:04:33","modified_gmt":"2024-09-18T14:04:33","slug":"comete-herren-halskette-925-sterling-silber-und-rose-gold-faith-kollektion","status":"publish","type":"product","link":"https:\/\/www.fabioferro.eu\/de\/comete-herren-halskette-925-sterling-silber-und-rose-gold-faith-kollektion.html","title":{"rendered":"Comete Herren Halskette 925 Sterling Silber und Rose Gold Faith Kollektion"},"content":{"rendered":"<p>Comete Gioielli Herrenhalskette aus 925\/1000 Silber und poliertem Ros\u00e9gold. Neue Faith-Kollektion &#8211; Made in Italy Produkt. 925er Sterlingsilber-Halskette mit Meeresknoten, Gesamtl\u00e4nge 50,00 cm einschlie\u00dflich Verschluss. Kreuzf\u00f6rmiger Anh\u00e4nger aus Silber und Ros\u00e9gold mit den Ma\u00dfen 18,80&#215;12,00 mm und einer Dicke von 2,00 mm. Die Halskette hat einen praktischen Karabinerverschluss. Neues Schmuckst\u00fcck mit Box und offizieller Comete Gioielli Garantie.  &nbsp;<\/p>\n","protected":false},"excerpt":{"rendered":"<p>Comete Gioielli Herrenhalsband der neuen Faith-Kollektion aus 925er Silber und Ros\u00e9gold<\/p>\n","protected":false},"featured_media":119453,"comment_status":"open","ping_status":"closed","template":"","meta":[],"product_brand":[157],"product_cat":[6338,6380],"product_tag":[],"class_list":{"0":"post-119452","1":"product","2":"type-product","3":"status-publish","4":"has-post-thumbnail","6":"product_brand-comete","7":"product_cat-comete-herren-halsketten","8":"product_cat-mannerschmuck","10":"first","11":"outofstock","12":"sale","13":"taxable","14":"shipping-taxable","15":"purchasable","16":"product-type-simple"},"exclude_global_add_ons":[],"addons":[],"df_price":336.6,"df_sale_price":336.6,"df_regular_price":374,"df_image_link":"https:\/\/cdn02.fabioferro.eu\/wp-content\/uploads\/virtuemart\/product\/collana-uomo-comete-gioielli-faith-oro-UGL-663.jpg","_links":{"self":[{"href":"https:\/\/www.fabioferro.eu\/de\/wp-json\/wp\/v2\/product\/119452","targetHints":{"allow":["GET"]}}],"collection":[{"href":"https:\/\/www.fabioferro.eu\/de\/wp-json\/wp\/v2\/product"}],"about":[{"href":"https:\/\/www.fabioferro.eu\/de\/wp-json\/wp\/v2\/types\/product"}],"replies":[{"embeddable":true,"href":"https:\/\/www.fabioferro.eu\/de\/wp-json\/wp\/v2\/comments?post=119452"}],"version-history":[{"count":0,"href":"https:\/\/www.fabioferro.eu\/de\/wp-json\/wp\/v2\/product\/119452\/revisions"}],"wp:featuredmedia":[{"embeddable":true,"href":"https:\/\/www.fabioferro.eu\/de\/wp-json\/wp\/v2\/media\/119453"}],"wp:attachment":[{"href":"https:\/\/www.fabioferro.eu\/de\/wp-json\/wp\/v2\/media?parent=119452"}],"wp:term":[{"taxonomy":"product_brand","embeddable":true,"href":"https:\/\/www.fabioferro.eu\/de\/wp-json\/wp\/v2\/product_brand?post=119452"},{"taxonomy":"product_cat","embeddable":true,"href":"https:\/\/www.fabioferro.eu\/de\/wp-json\/wp\/v2\/product_cat?post=119452"},{"taxonomy":"product_tag","embeddable":true,"href":"https:\/\/www.fabioferro.eu\/de\/wp-json\/wp\/v2\/product_tag?post=119452"}],"curies":[{"name":"wp","href":"https:\/\/api.w.org\/{rel}","templated":true}]}}