{"id":119455,"date":"2019-06-11T17:22:19","date_gmt":"2019-06-11T15:22:19","guid":{"rendered":"https:\/\/www.fabioferro.eu\/comete-jewellery-herrenhalskette-aus-925-sterling-silber-mit-kreuz-aus-weiss-und-gelbgold-mit-schwarzen-diamanten-faith-collection.html"},"modified":"2024-04-05T18:32:23","modified_gmt":"2024-04-05T16:32:23","slug":"comete-jewellery-herrenhalskette-aus-925-sterling-silber-mit-kreuz-aus-weiss-und-gelbgold-mit-schwarzen-diamanten-faith-collection","status":"publish","type":"product","link":"https:\/\/www.fabioferro.eu\/de\/comete-jewellery-herrenhalskette-aus-925-sterling-silber-mit-kreuz-aus-weiss-und-gelbgold-mit-schwarzen-diamanten-faith-collection.html","title":{"rendered":"Comete Jewellery Herrenhalskette aus 925 Sterling Silber mit Kreuz aus Wei\u00df- und Gelbgold mit schwarzen Diamanten Faith Collection"},"content":{"rendered":"<p>Comete Gioielli Herrenhalskette aus 925er Silber mit Kreuz aus Wei\u00df- und 18-kar\u00e4tigem Gelbgold mit polierten schwarzen Diamanten.<\/p>\n<p>Neue Faith-Kollektion &#8211; Made in Italy Produkt.<\/p>\n<p>925er Sterlingsilber-Halskette mit Meeresknoten, Gesamtl\u00e4nge 50,00 cm, inklusive Karabinerverschluss.<\/p>\n<p>Kreuzf\u00f6rmiger Anh\u00e4nger aus hochglanzpoliertem Wei\u00df- und Gelbgold mit den Ma\u00dfen 16,00 mm x 11,50 mm (ohne Gegenperle) und einer Dicke von 1,50 mm. Die Gegenperle ist mit drei schwarzen Diamanten im Brillantschliff von insgesamt 0,03 Karat besetzt.<\/p>\n<p>Neues Schmuckst\u00fcck mit Box und offizieller Comete Gioielli Garantie.<\/p>\n<p>&nbsp;<\/p>\n","protected":false},"excerpt":{"rendered":"<p>Herrenhalsband Comete Schmuck in Silber, Wei\u00df- und Gelbgold mit schwarzen Diamanten neue Kollektion Faith<\/p>\n","protected":false},"featured_media":119458,"comment_status":"open","ping_status":"closed","template":"","meta":[],"product_brand":[157],"product_cat":[6338,6380],"product_tag":[7442],"class_list":{"0":"post-119455","1":"product","2":"type-product","3":"status-publish","4":"has-post-thumbnail","6":"product_brand-comete","7":"product_cat-comete-herren-halsketten","8":"product_cat-mannerschmuck","9":"product_tag-verfugbar","11":"first","12":"instock","13":"sale","14":"taxable","15":"shipping-taxable","16":"purchasable","17":"product-type-simple"},"exclude_global_add_ons":[],"addons":[],"df_price":772.2,"df_sale_price":772.2,"df_regular_price":858,"df_image_link":"https:\/\/cdn02.fabioferro.eu\/wp-content\/uploads\/virtuemart\/product\/collana-comete-gioielli-uomo-oro-bianco-giallo-diamanti-neri-UGL-667.jpg","_links":{"self":[{"href":"https:\/\/www.fabioferro.eu\/de\/wp-json\/wp\/v2\/product\/119455","targetHints":{"allow":["GET"]}}],"collection":[{"href":"https:\/\/www.fabioferro.eu\/de\/wp-json\/wp\/v2\/product"}],"about":[{"href":"https:\/\/www.fabioferro.eu\/de\/wp-json\/wp\/v2\/types\/product"}],"replies":[{"embeddable":true,"href":"https:\/\/www.fabioferro.eu\/de\/wp-json\/wp\/v2\/comments?post=119455"}],"version-history":[{"count":0,"href":"https:\/\/www.fabioferro.eu\/de\/wp-json\/wp\/v2\/product\/119455\/revisions"}],"wp:featuredmedia":[{"embeddable":true,"href":"https:\/\/www.fabioferro.eu\/de\/wp-json\/wp\/v2\/media\/119458"}],"wp:attachment":[{"href":"https:\/\/www.fabioferro.eu\/de\/wp-json\/wp\/v2\/media?parent=119455"}],"wp:term":[{"taxonomy":"product_brand","embeddable":true,"href":"https:\/\/www.fabioferro.eu\/de\/wp-json\/wp\/v2\/product_brand?post=119455"},{"taxonomy":"product_cat","embeddable":true,"href":"https:\/\/www.fabioferro.eu\/de\/wp-json\/wp\/v2\/product_cat?post=119455"},{"taxonomy":"product_tag","embeddable":true,"href":"https:\/\/www.fabioferro.eu\/de\/wp-json\/wp\/v2\/product_tag?post=119455"}],"curies":[{"name":"wp","href":"https:\/\/api.w.org\/{rel}","templated":true}]}}