{"id":119456,"date":"2024-01-31T17:16:13","date_gmt":"2024-01-31T16:16:13","guid":{"rendered":"https:\/\/www.fabioferro.eu\/fabio-ferro-punto-luce-weissgold-halskette-mit-020-karat-diamant.html"},"modified":"2024-09-18T16:04:42","modified_gmt":"2024-09-18T14:04:42","slug":"fabio-ferro-punto-luce-weissgold-halskette-mit-020-karat-diamant","status":"publish","type":"product","link":"https:\/\/www.fabioferro.eu\/de\/fabio-ferro-punto-luce-weissgold-halskette-mit-020-karat-diamant.html","title":{"rendered":"Fabio Ferro Punto Luce Wei\u00dfgold Halskette mit 0,20 Karat Diamant"},"content":{"rendered":"<p>Damenhalskette mit Punto Luce, handgefertigt in unserer Goldschmiedewerkstatt aus 750\/100 Wei\u00dfgold mit einem Gewicht von 2,19 Gramm. Pointoluce mit Schiebeschlaufe, 4,00 x 4,00 mm gro\u00dfe quadratische L\u00fcnette, 3,40 mm dick. Solit\u00e4r-Diamant im Brillantschliff von 0,20 Karat, Farbe F, Reinheit VS, besetzt mit 4 flachen Riffs. Besondere 45 cm lange Rollenkette mit der M\u00f6glichkeit, dank eines am Ende der Kette angeschwei\u00dften Zwischenglieds 42 cm lang zu tragen. Praktischer und sicherer Karabinerhakenverschluss. Juwel begleitet von kostenlosen Geschenk-Box und Zertifikat von Garantie und Qualit\u00e4t Fabio Ferro i Gioielli.<\/p>\n","protected":false},"excerpt":{"rendered":"<p>Damenhalskette aus Wei\u00dfgold mit 0,20 Karat Point Light Diamant<\/p>\n","protected":false},"featured_media":119460,"comment_status":"open","ping_status":"closed","template":"","meta":[],"product_brand":[152],"product_cat":[6016],"product_tag":[],"class_list":{"0":"post-119456","1":"product","2":"type-product","3":"status-publish","4":"has-post-thumbnail","6":"product_brand-fabio-ferro-i-gioielli","7":"product_cat-dot-light-halsketten","9":"first","10":"instock","11":"sale","12":"taxable","13":"shipping-taxable","14":"purchasable","15":"product-type-simple"},"exclude_global_add_ons":[],"addons":[],"df_price":1112,"df_sale_price":1112,"df_regular_price":1390,"df_image_link":"https:\/\/cdn02.fabioferro.eu\/wp-content\/uploads\/virtuemart\/product\/collana-puntoluce-in-oro-bianco-e-diamanti-ff1014.jpg","_links":{"self":[{"href":"https:\/\/www.fabioferro.eu\/de\/wp-json\/wp\/v2\/product\/119456","targetHints":{"allow":["GET"]}}],"collection":[{"href":"https:\/\/www.fabioferro.eu\/de\/wp-json\/wp\/v2\/product"}],"about":[{"href":"https:\/\/www.fabioferro.eu\/de\/wp-json\/wp\/v2\/types\/product"}],"replies":[{"embeddable":true,"href":"https:\/\/www.fabioferro.eu\/de\/wp-json\/wp\/v2\/comments?post=119456"}],"version-history":[{"count":0,"href":"https:\/\/www.fabioferro.eu\/de\/wp-json\/wp\/v2\/product\/119456\/revisions"}],"wp:featuredmedia":[{"embeddable":true,"href":"https:\/\/www.fabioferro.eu\/de\/wp-json\/wp\/v2\/media\/119460"}],"wp:attachment":[{"href":"https:\/\/www.fabioferro.eu\/de\/wp-json\/wp\/v2\/media?parent=119456"}],"wp:term":[{"taxonomy":"product_brand","embeddable":true,"href":"https:\/\/www.fabioferro.eu\/de\/wp-json\/wp\/v2\/product_brand?post=119456"},{"taxonomy":"product_cat","embeddable":true,"href":"https:\/\/www.fabioferro.eu\/de\/wp-json\/wp\/v2\/product_cat?post=119456"},{"taxonomy":"product_tag","embeddable":true,"href":"https:\/\/www.fabioferro.eu\/de\/wp-json\/wp\/v2\/product_tag?post=119456"}],"curies":[{"name":"wp","href":"https:\/\/api.w.org\/{rel}","templated":true}]}}