{"id":119463,"date":"2019-06-11T15:45:28","date_gmt":"2019-06-11T13:45:28","guid":{"rendered":"https:\/\/www.fabioferro.eu\/comete-jewellery-herrenhalskette-aus-925er-sterlingsilber-mit-kreuz-aus-weissgold-und-schwarzen-diamanten-faith-collection.html"},"modified":"2024-09-18T16:04:29","modified_gmt":"2024-09-18T14:04:29","slug":"comete-jewellery-herrenhalskette-aus-925er-sterlingsilber-mit-kreuz-aus-weissgold-und-schwarzen-diamanten-faith-collection","status":"publish","type":"product","link":"https:\/\/www.fabioferro.eu\/de\/comete-jewellery-herrenhalskette-aus-925er-sterlingsilber-mit-kreuz-aus-weissgold-und-schwarzen-diamanten-faith-collection.html","title":{"rendered":"Comete Jewellery Herrenhalskette aus 925er Sterlingsilber mit Kreuz aus Wei\u00dfgold und schwarzen Diamanten Faith Collection"},"content":{"rendered":"<p>Comete Gioielli Herrenhalskette aus 750\/1000 Wei\u00dfgold, 925\/1000 Silber und schwarzen Diamanten. Neue Faith-Kollektion &#8211; Made in Italy Produkt. 925er Sterlingsilber-Halskette mit Meeresknoten, Gesamtl\u00e4nge 50,00 cm einschlie\u00dflich Verschluss. Schiebekreuz aus 750er Wei\u00dfgold, Ma\u00dfe 14,00 mm x 9,00 mm, Dicke 1,30 mm. Er ist mit f\u00fcnf nat\u00fcrlichen schwarzen Diamanten im Brillantschliff von insgesamt 0,05 Karat besetzt. Die Halskette hat einen praktischen Karabinerverschluss. Neues Schmuckst\u00fcck mit Box und offizieller Comete Gioielli Garantie.  &nbsp;<\/p>\n","protected":false},"excerpt":{"rendered":"<p>Comete Schmuck Herren neue Kollektion Faith Halskette aus Wei\u00dfgold, Silber und schwarzen Diamanten<\/p>\n","protected":false},"featured_media":119468,"comment_status":"open","ping_status":"closed","template":"","meta":[],"product_brand":[157],"product_cat":[6338,6380],"product_tag":[],"class_list":{"0":"post-119463","1":"product","2":"type-product","3":"status-publish","4":"has-post-thumbnail","6":"product_brand-comete","7":"product_cat-comete-herren-halsketten","8":"product_cat-mannerschmuck","10":"first","11":"outofstock","12":"sale","13":"taxable","14":"shipping-taxable","15":"purchasable","16":"product-type-simple"},"exclude_global_add_ons":[],"addons":[],"df_price":495,"df_sale_price":495,"df_regular_price":550,"df_image_link":"https:\/\/cdn02.fabioferro.eu\/wp-content\/uploads\/virtuemart\/product\/collana-comete-gioielli-uomo-argento-oro-bianco-UGL-665.jpg","_links":{"self":[{"href":"https:\/\/www.fabioferro.eu\/de\/wp-json\/wp\/v2\/product\/119463","targetHints":{"allow":["GET"]}}],"collection":[{"href":"https:\/\/www.fabioferro.eu\/de\/wp-json\/wp\/v2\/product"}],"about":[{"href":"https:\/\/www.fabioferro.eu\/de\/wp-json\/wp\/v2\/types\/product"}],"replies":[{"embeddable":true,"href":"https:\/\/www.fabioferro.eu\/de\/wp-json\/wp\/v2\/comments?post=119463"}],"version-history":[{"count":0,"href":"https:\/\/www.fabioferro.eu\/de\/wp-json\/wp\/v2\/product\/119463\/revisions"}],"wp:featuredmedia":[{"embeddable":true,"href":"https:\/\/www.fabioferro.eu\/de\/wp-json\/wp\/v2\/media\/119468"}],"wp:attachment":[{"href":"https:\/\/www.fabioferro.eu\/de\/wp-json\/wp\/v2\/media?parent=119463"}],"wp:term":[{"taxonomy":"product_brand","embeddable":true,"href":"https:\/\/www.fabioferro.eu\/de\/wp-json\/wp\/v2\/product_brand?post=119463"},{"taxonomy":"product_cat","embeddable":true,"href":"https:\/\/www.fabioferro.eu\/de\/wp-json\/wp\/v2\/product_cat?post=119463"},{"taxonomy":"product_tag","embeddable":true,"href":"https:\/\/www.fabioferro.eu\/de\/wp-json\/wp\/v2\/product_tag?post=119463"}],"curies":[{"name":"wp","href":"https:\/\/api.w.org\/{rel}","templated":true}]}}