{"id":119474,"date":"2024-02-01T16:32:30","date_gmt":"2024-02-01T15:32:30","guid":{"rendered":"https:\/\/www.fabioferro.eu\/fabio-ferro-punto-luce-weissgold-halskette-mit-018-karat-diamant.html"},"modified":"2025-08-06T13:07:12","modified_gmt":"2025-08-06T11:07:12","slug":"fabio-ferro-punto-luce-weissgold-halskette-mit-018-karat-diamant","status":"publish","type":"product","link":"https:\/\/www.fabioferro.eu\/de\/fabio-ferro-punto-luce-weissgold-halskette-mit-018-karat-diamant.html","title":{"rendered":"Fabio Ferro Punto Luce Halskette aus Wei\u00dfgold mit 0,18 Karat Diamant"},"content":{"rendered":"<p>Damenhalskette mit Punto Luce, entworfen und handgefertigt in unserer Goldschmiedewerkstatt in 750\/1000 Gramm Wei\u00dfgold.<\/p>\n<p>Quadratische, verschiebbare L\u00fcnette von 3,80 x 3,80 mm, 3 mm dick, mit einem Solit\u00e4rdiamanten im Brillantschliff von 0,18 Karat, Farbe F und Reinheit VS2, besetzt mit 4 flachen Riffs.<\/p>\n<p>Besondere venezianische Kette von 45 cm L\u00e4nge mit der M\u00f6glichkeit, 42 cm zu tragen dank der Zwischenglieder, die am Ende der Kette eingef\u00fcgt sind. Verschluss mit Karabinerhaken.<\/p>\n<p>Das Juwel wird von einer speziellen Box und einem von Fabio Ferro unterzeichneten Garantie- und Qualit\u00e4tszertifikat begleitet.<\/p>\n<p><img decoding=\"async\" class=\"alignnone size-full wp-image-68675\" src=\"https:\/\/cdn02.fabioferro.eu\/wp-content\/uploads\/IGI-4cs-chart-IT-scaled.jpg\" alt=\"\" width=\"1864\" height=\"2560\" title=\"\" srcset=\"https:\/\/cdn02.fabioferro.eu\/wp-content\/uploads\/IGI-4cs-chart-IT-scaled.jpg 1864w, https:\/\/cdn02.fabioferro.eu\/wp-content\/uploads\/IGI-4cs-chart-IT-768x1055.jpg 768w, https:\/\/cdn02.fabioferro.eu\/wp-content\/uploads\/IGI-4cs-chart-IT-1119x1536.jpg 1119w, https:\/\/cdn02.fabioferro.eu\/wp-content\/uploads\/IGI-4cs-chart-IT-1491x2048.jpg 1491w, https:\/\/cdn02.fabioferro.eu\/wp-content\/uploads\/IGI-4cs-chart-IT-990x1359.jpg 990w, https:\/\/cdn02.fabioferro.eu\/wp-content\/uploads\/IGI-4cs-chart-IT-441x606.jpg 441w, https:\/\/cdn02.fabioferro.eu\/wp-content\/uploads\/IGI-4cs-chart-IT-600x824.jpg 600w, https:\/\/cdn02.fabioferro.eu\/wp-content\/uploads\/IGI-4cs-chart-IT-150x206.jpg 150w\" sizes=\"(max-width: 1864px) 100vw, 1864px\" \/><\/p>\n","protected":false},"excerpt":{"rendered":"<p>Damen-Halskette aus Wei\u00dfgold mit einem Solit\u00e4r-Diamanten im Brillantschliff von 0,18 Karat<\/p>\n","protected":false},"featured_media":119479,"comment_status":"open","ping_status":"closed","template":"","meta":[],"product_brand":[],"product_cat":[6016],"product_tag":[],"class_list":{"0":"post-119474","1":"product","2":"type-product","3":"status-publish","4":"has-post-thumbnail","6":"product_cat-dot-light-halsketten","8":"first","9":"instock","10":"sale","11":"taxable","12":"shipping-taxable","13":"purchasable","14":"product-type-simple"},"exclude_global_add_ons":[],"addons":[],"df_price":1320,"df_sale_price":1320,"df_regular_price":1650,"df_image_link":"https:\/\/cdn02.fabioferro.eu\/wp-content\/uploads\/collana-punto-luce-fabio-ferro-in-oro-bianco-e-diamanti-ff1134.jpg","_links":{"self":[{"href":"https:\/\/www.fabioferro.eu\/de\/wp-json\/wp\/v2\/product\/119474","targetHints":{"allow":["GET"]}}],"collection":[{"href":"https:\/\/www.fabioferro.eu\/de\/wp-json\/wp\/v2\/product"}],"about":[{"href":"https:\/\/www.fabioferro.eu\/de\/wp-json\/wp\/v2\/types\/product"}],"replies":[{"embeddable":true,"href":"https:\/\/www.fabioferro.eu\/de\/wp-json\/wp\/v2\/comments?post=119474"}],"version-history":[{"count":1,"href":"https:\/\/www.fabioferro.eu\/de\/wp-json\/wp\/v2\/product\/119474\/revisions"}],"predecessor-version":[{"id":193030,"href":"https:\/\/www.fabioferro.eu\/de\/wp-json\/wp\/v2\/product\/119474\/revisions\/193030"}],"wp:featuredmedia":[{"embeddable":true,"href":"https:\/\/www.fabioferro.eu\/de\/wp-json\/wp\/v2\/media\/119479"}],"wp:attachment":[{"href":"https:\/\/www.fabioferro.eu\/de\/wp-json\/wp\/v2\/media?parent=119474"}],"wp:term":[{"taxonomy":"product_brand","embeddable":true,"href":"https:\/\/www.fabioferro.eu\/de\/wp-json\/wp\/v2\/product_brand?post=119474"},{"taxonomy":"product_cat","embeddable":true,"href":"https:\/\/www.fabioferro.eu\/de\/wp-json\/wp\/v2\/product_cat?post=119474"},{"taxonomy":"product_tag","embeddable":true,"href":"https:\/\/www.fabioferro.eu\/de\/wp-json\/wp\/v2\/product_tag?post=119474"}],"curies":[{"name":"wp","href":"https:\/\/api.w.org\/{rel}","templated":true}]}}