{"id":119530,"date":"2024-01-29T17:25:29","date_gmt":"2024-01-29T16:25:29","guid":{"rendered":"https:\/\/www.fabioferro.eu\/fabio-ferro-punto-luce-weissgold-halskette-mit-024-karat-diamant.html"},"modified":"2024-09-18T16:04:39","modified_gmt":"2024-09-18T14:04:39","slug":"fabio-ferro-punto-luce-weissgold-halskette-mit-024-karat-diamant","status":"publish","type":"product","link":"https:\/\/www.fabioferro.eu\/de\/fabio-ferro-punto-luce-weissgold-halskette-mit-024-karat-diamant.html","title":{"rendered":"Fabio Ferro Punto Luce Wei\u00dfgold Halskette mit 0,24 Karat Diamant"},"content":{"rendered":"<p>Halskette mit Punktlicht, handgefertigt in unserer Goldschmiedewerkstatt aus 750\/1000 Wei\u00dfgold mit einem Gewicht von 2,36 Gramm. Quadratische, verschiebbare L\u00fcnette, 4 x 4 mm, 3 mm dick. Solit\u00e4r-Diamant im Brillantschliff mit einem Gewicht von 0,24 Karat, Farbe F und Reinheit VS1, besetzt mit 4 flachen Riffs. Besondere venezianische Kette, 45 cm lang, mit der M\u00f6glichkeit, 42 cm zu tragen, dank einer Zwischenschlaufe, die in das Ende der Kette eingeschwei\u00dft ist, Verschluss mit Karabinerhaken. Das Schmuckst\u00fcck wird von einer Box mit Logo und einer von Fabio Ferro unterzeichneten Qualit\u00e4tsgarantie begleitet.  <img decoding=\"async\" class=\"alignnone size-full wp-image-68675\" src=\"https:\/\/cdn02.fabioferro.eu\/wp-content\/uploads\/IGI-4cs-chart-IT-scaled.jpg\" alt=\"\" width=\"1864\" height=\"2560\" title=\"\" srcset=\"https:\/\/cdn02.fabioferro.eu\/wp-content\/uploads\/IGI-4cs-chart-IT-scaled.jpg 1864w, https:\/\/cdn02.fabioferro.eu\/wp-content\/uploads\/IGI-4cs-chart-IT-768x1055.jpg 768w, https:\/\/cdn02.fabioferro.eu\/wp-content\/uploads\/IGI-4cs-chart-IT-1119x1536.jpg 1119w, https:\/\/cdn02.fabioferro.eu\/wp-content\/uploads\/IGI-4cs-chart-IT-1491x2048.jpg 1491w, https:\/\/cdn02.fabioferro.eu\/wp-content\/uploads\/IGI-4cs-chart-IT-990x1359.jpg 990w, https:\/\/cdn02.fabioferro.eu\/wp-content\/uploads\/IGI-4cs-chart-IT-441x606.jpg 441w, https:\/\/cdn02.fabioferro.eu\/wp-content\/uploads\/IGI-4cs-chart-IT-600x824.jpg 600w, https:\/\/cdn02.fabioferro.eu\/wp-content\/uploads\/IGI-4cs-chart-IT-150x206.jpg 150w\" sizes=\"(max-width: 1864px) 100vw, 1864px\" \/><\/p>\n","protected":false},"excerpt":{"rendered":"<p>Damen-Halskette mit Point Light in 0,24 Karat Brillantschliff Diamant<\/p>\n","protected":false},"featured_media":119532,"comment_status":"open","ping_status":"closed","template":"","meta":[],"product_brand":[152],"product_cat":[6016],"product_tag":[],"class_list":{"0":"post-119530","1":"product","2":"type-product","3":"status-publish","4":"has-post-thumbnail","6":"product_brand-fabio-ferro-i-gioielli","7":"product_cat-dot-light-halsketten","9":"first","10":"instock","11":"sale","12":"taxable","13":"shipping-taxable","14":"purchasable","15":"product-type-simple"},"exclude_global_add_ons":[],"addons":[],"df_price":1312,"df_sale_price":1312,"df_regular_price":1640,"df_image_link":"https:\/\/cdn02.fabioferro.eu\/wp-content\/uploads\/collana-fabio-ferro-punto-luce-in-oro-bianco-e-diamanti-ff1122.jpg","_links":{"self":[{"href":"https:\/\/www.fabioferro.eu\/de\/wp-json\/wp\/v2\/product\/119530","targetHints":{"allow":["GET"]}}],"collection":[{"href":"https:\/\/www.fabioferro.eu\/de\/wp-json\/wp\/v2\/product"}],"about":[{"href":"https:\/\/www.fabioferro.eu\/de\/wp-json\/wp\/v2\/types\/product"}],"replies":[{"embeddable":true,"href":"https:\/\/www.fabioferro.eu\/de\/wp-json\/wp\/v2\/comments?post=119530"}],"version-history":[{"count":0,"href":"https:\/\/www.fabioferro.eu\/de\/wp-json\/wp\/v2\/product\/119530\/revisions"}],"wp:featuredmedia":[{"embeddable":true,"href":"https:\/\/www.fabioferro.eu\/de\/wp-json\/wp\/v2\/media\/119532"}],"wp:attachment":[{"href":"https:\/\/www.fabioferro.eu\/de\/wp-json\/wp\/v2\/media?parent=119530"}],"wp:term":[{"taxonomy":"product_brand","embeddable":true,"href":"https:\/\/www.fabioferro.eu\/de\/wp-json\/wp\/v2\/product_brand?post=119530"},{"taxonomy":"product_cat","embeddable":true,"href":"https:\/\/www.fabioferro.eu\/de\/wp-json\/wp\/v2\/product_cat?post=119530"},{"taxonomy":"product_tag","embeddable":true,"href":"https:\/\/www.fabioferro.eu\/de\/wp-json\/wp\/v2\/product_tag?post=119530"}],"curies":[{"name":"wp","href":"https:\/\/api.w.org\/{rel}","templated":true}]}}