{"id":119568,"date":"2022-06-01T19:53:46","date_gmt":"2022-06-01T17:53:46","guid":{"rendered":"https:\/\/www.fabioferro.eu\/fope-flex-it-armband-prima-collection-in-gelbgold-mit-diamanten.html"},"modified":"2026-01-09T16:26:59","modified_gmt":"2026-01-09T15:26:59","slug":"fope-flex-it-armband-prima-collection-in-gelbgold-mit-diamanten","status":"publish","type":"product","link":"https:\/\/www.fabioferro.eu\/de\/fope-flex-it-armband-prima-collection-in-gelbgold-mit-diamanten.html","title":{"rendered":"Fope Flex It Armband Prima Collection in Gelbgold mit Diamanten"},"content":{"rendered":"<p>Fope Flex&#8217;it ist ein Synonym f\u00fcr Komfort. Einfach und elegant zu tragen, zu jeder Tageszeit. Das Juwel wurde in 750\/1000 Gold geschaffen.<\/p>\n<p>Das Armband wird in Italien vollst\u00e4ndig von Hand gefertigt.<\/p>\n<p>Die Dicke des Netzes betr\u00e4gt 3 mm. Die H\u00f6he des Hauptelements betr\u00e4gt 7 mm.<\/p>\n<p>Die Diamanten sind fein gefasst und unterscheiden sich in der Farbe G und der Reinheit VS1. Die Gesamtzahl der Steine betr\u00e4gt 0,18 Karat.<\/p>\n<p>Am unteren Rand befindet sich eine Leiste mit dem Fope-Logo und den Produktionsstempeln.<\/p>\n<p>Die flachen Glieder des Flex&#8217;it-Rings wurden w\u00e4hrend der Produktion einem Belastungstest von 12.000 Tests unterzogen, um ihre Qualit\u00e4t zu best\u00e4tigen.<\/p>\n<p>Der Ring wird von einer eleganten Verpackung und der internationalen Qualit\u00e4tsgarantie von Fope begleitet.<\/p>\n<p><img decoding=\"async\" class=\"alignnone size-full wp-image-205465\" src=\"http:\/\/cdn02.fabioferro.eu\/wp-content\/uploads\/tabelle-misure-bracciali.jpg\" alt=\"\" width=\"1900\" height=\"153\" title=\"\" srcset=\"https:\/\/cdn02.fabioferro.eu\/wp-content\/uploads\/tabelle-misure-bracciali.jpg 1900w, https:\/\/cdn02.fabioferro.eu\/wp-content\/uploads\/tabelle-misure-bracciali-768x62.jpg 768w, https:\/\/cdn02.fabioferro.eu\/wp-content\/uploads\/tabelle-misure-bracciali-1536x124.jpg 1536w, https:\/\/cdn02.fabioferro.eu\/wp-content\/uploads\/tabelle-misure-bracciali-990x80.jpg 990w, https:\/\/cdn02.fabioferro.eu\/wp-content\/uploads\/tabelle-misure-bracciali-441x36.jpg 441w, https:\/\/cdn02.fabioferro.eu\/wp-content\/uploads\/tabelle-misure-bracciali-600x48.jpg 600w, https:\/\/cdn02.fabioferro.eu\/wp-content\/uploads\/tabelle-misure-bracciali-150x12.jpg 150w\" sizes=\"(max-width: 1900px) 100vw, 1900px\" \/><\/p>\n","protected":false},"excerpt":{"rendered":"<p>Die Diamantscheibe wird sich entlang des gesamten Goldarmbandes bewegen und in jeder einzelnen Position gl\u00e4nzen.<\/p>\n","protected":false},"featured_media":119573,"comment_status":"open","ping_status":"closed","template":"","meta":[],"product_brand":[],"product_cat":[6161],"product_tag":[],"class_list":{"0":"post-119568","1":"product","2":"type-product","3":"status-publish","4":"has-post-thumbnail","6":"product_cat-fope-armbander","8":"first","9":"instock","10":"taxable","11":"shipping-taxable","12":"purchasable","13":"product-type-variable","14":"has-default-attributes"},"exclude_global_add_ons":[],"addons":[],"df_price":3410,"df_sale_price":"","df_regular_price":3410,"df_image_link":"https:\/\/cdn02.fabioferro.eu\/wp-content\/uploads\/virtuemart\/product\/bracciale_fope_collezione_prima_flexit_in_oro_giallo_e_diamanti_745B_BBR_GB_1__1592928210_768.jpg","_links":{"self":[{"href":"https:\/\/www.fabioferro.eu\/de\/wp-json\/wp\/v2\/product\/119568","targetHints":{"allow":["GET"]}}],"collection":[{"href":"https:\/\/www.fabioferro.eu\/de\/wp-json\/wp\/v2\/product"}],"about":[{"href":"https:\/\/www.fabioferro.eu\/de\/wp-json\/wp\/v2\/types\/product"}],"replies":[{"embeddable":true,"href":"https:\/\/www.fabioferro.eu\/de\/wp-json\/wp\/v2\/comments?post=119568"}],"version-history":[{"count":1,"href":"https:\/\/www.fabioferro.eu\/de\/wp-json\/wp\/v2\/product\/119568\/revisions"}],"predecessor-version":[{"id":206601,"href":"https:\/\/www.fabioferro.eu\/de\/wp-json\/wp\/v2\/product\/119568\/revisions\/206601"}],"wp:featuredmedia":[{"embeddable":true,"href":"https:\/\/www.fabioferro.eu\/de\/wp-json\/wp\/v2\/media\/119573"}],"wp:attachment":[{"href":"https:\/\/www.fabioferro.eu\/de\/wp-json\/wp\/v2\/media?parent=119568"}],"wp:term":[{"taxonomy":"product_brand","embeddable":true,"href":"https:\/\/www.fabioferro.eu\/de\/wp-json\/wp\/v2\/product_brand?post=119568"},{"taxonomy":"product_cat","embeddable":true,"href":"https:\/\/www.fabioferro.eu\/de\/wp-json\/wp\/v2\/product_cat?post=119568"},{"taxonomy":"product_tag","embeddable":true,"href":"https:\/\/www.fabioferro.eu\/de\/wp-json\/wp\/v2\/product_tag?post=119568"}],"curies":[{"name":"wp","href":"https:\/\/api.w.org\/{rel}","templated":true}]}}