{"id":119672,"date":"2022-06-01T19:53:24","date_gmt":"2022-06-01T17:53:24","guid":{"rendered":"https:\/\/www.fabioferro.eu\/giovanni-raspini-armreif-fuego-medio-aus-925er-silber.html"},"modified":"2025-05-02T17:32:39","modified_gmt":"2025-05-02T15:32:39","slug":"giovanni-raspini-armreif-fuego-medio-aus-925er-silber","status":"publish","type":"product","link":"https:\/\/www.fabioferro.eu\/de\/giovanni-raspini-armreif-fuego-medio-aus-925er-silber.html","title":{"rendered":"Giovanni Raspini Armspange Fuego Medio Armreif"},"content":{"rendered":"<p>Silberarmband mit Giovanni Raspini 925\/1000 Logo auf der Au\u00dfenseite, Fuego Kollektion.<\/p>\n<p>Gesamtgewicht ca. 36 Gramm, wellenf\u00f6rmig gearbeitet mit abgerundeten und abgeschr\u00e4gten Kanten f\u00fcr exzellenten Tragekomfort.<\/p>\n<p>Oberteilbreite mindestens 40 mm maximal 45 mm, L\u00e4nge 65 mm.<\/p>\n<p>Handgefertigt, Made in Italy.<\/p>\n<p>Armband kommt mit Garantie und offizieller Giovanni Raspini Einkaufstasche.<\/p>\n","protected":false},"excerpt":{"rendered":"<p>Das vom Feuer geschaffene Armband, das beim Tragen vor Leidenschaft brennt.<\/p>\n","protected":false},"featured_media":119679,"comment_status":"open","ping_status":"closed","template":"","meta":[],"product_brand":[],"product_cat":[7569],"product_tag":[7442],"class_list":{"0":"post-119672","1":"product","2":"type-product","3":"status-publish","4":"has-post-thumbnail","6":"product_cat-armbander-giovanni-raspini","7":"product_tag-verfugbar","9":"first","10":"instock","11":"sale","12":"taxable","13":"shipping-taxable","14":"purchasable","15":"product-type-simple"},"exclude_global_add_ons":[],"addons":[],"df_price":328.5,"df_sale_price":328.5,"df_regular_price":365,"df_image_link":"https:\/\/cdn02.fabioferro.eu\/wp-content\/uploads\/virtuemart\/product\/bracciale_giovanni_raspini_bangle_fuego_medio_10821__1592897027_904.jpg","_links":{"self":[{"href":"https:\/\/www.fabioferro.eu\/de\/wp-json\/wp\/v2\/product\/119672","targetHints":{"allow":["GET"]}}],"collection":[{"href":"https:\/\/www.fabioferro.eu\/de\/wp-json\/wp\/v2\/product"}],"about":[{"href":"https:\/\/www.fabioferro.eu\/de\/wp-json\/wp\/v2\/types\/product"}],"replies":[{"embeddable":true,"href":"https:\/\/www.fabioferro.eu\/de\/wp-json\/wp\/v2\/comments?post=119672"}],"version-history":[{"count":0,"href":"https:\/\/www.fabioferro.eu\/de\/wp-json\/wp\/v2\/product\/119672\/revisions"}],"wp:featuredmedia":[{"embeddable":true,"href":"https:\/\/www.fabioferro.eu\/de\/wp-json\/wp\/v2\/media\/119679"}],"wp:attachment":[{"href":"https:\/\/www.fabioferro.eu\/de\/wp-json\/wp\/v2\/media?parent=119672"}],"wp:term":[{"taxonomy":"product_brand","embeddable":true,"href":"https:\/\/www.fabioferro.eu\/de\/wp-json\/wp\/v2\/product_brand?post=119672"},{"taxonomy":"product_cat","embeddable":true,"href":"https:\/\/www.fabioferro.eu\/de\/wp-json\/wp\/v2\/product_cat?post=119672"},{"taxonomy":"product_tag","embeddable":true,"href":"https:\/\/www.fabioferro.eu\/de\/wp-json\/wp\/v2\/product_tag?post=119672"}],"curies":[{"name":"wp","href":"https:\/\/api.w.org\/{rel}","templated":true}]}}