{"id":119743,"date":"2022-06-01T19:51:50","date_gmt":"2022-06-01T17:51:50","guid":{"rendered":"https:\/\/www.fabioferro.eu\/seiko-king-turtle-save-the-ocean-blau-automatik-45-mm-srpe07k1-uhr.html"},"modified":"2022-06-01T19:51:50","modified_gmt":"2022-06-01T17:51:50","slug":"seiko-king-turtle-save-the-ocean-blau-automatik-45-mm-srpe07k1-uhr","status":"publish","type":"product","link":"https:\/\/www.fabioferro.eu\/de\/seiko-king-turtle-save-the-ocean-blau-automatik-45-mm-srpe07k1-uhr.html","title":{"rendered":"Seiko King Turtle Save The Ocean Blau Automatik 45 mm SRPE07K1 Uhr"},"content":{"rendered":"<p>Professionelle Taucheruhr, druckfest bis 20 bar\/200 Meter.<\/p>\n<p>Mechanisches Automatikwerk mit 3 Zeigern, Frequenz 21.600 Halbschwingungen pro Stunde, insgesamt 24 Lagersteine.<\/p>\n<p>Gangreserve \u00fcber 41 Stunden.<\/p>\n<p>Geh\u00e4use aus Edelstahl, verschraubte Krone und Boden. Einseitig drehbare L\u00fcnette aus blauer Keramik.<\/p>\n<p>Zifferblatt mit individueller Textur, Indexe und Zeiger mit Lumibrite-Beschichtung.<\/p>\n<p>Antireflektierendes Saphirglas. Vergr\u00f6\u00dferungsglas auf Tag\/Datum.<\/p>\n<p>Uhr mit Garantie und offizieller Seiko-Box.<\/p>\n","protected":false},"excerpt":{"rendered":"<p>Seiko unterst\u00fctzt das &#8220;Ocean Learning Centre&#8221;, eine Einrichtung, die sich f\u00fcr den Schutz der Weltmeere einsetzt. Ihr Sch\u00f6pfer, Fabien Cousteau, tr\u00e4gt genau dieses Modell bei seinen Tauchg\u00e4ngen.<\/p>\n","protected":false},"featured_media":119747,"comment_status":"open","ping_status":"closed","template":"","meta":[],"product_brand":[202],"product_cat":[5985],"product_tag":[],"class_list":{"0":"post-119743","1":"product","2":"type-product","3":"status-publish","4":"has-post-thumbnail","6":"product_brand-seiko","7":"product_cat-seiko-herrenuhren","9":"first","10":"instock","11":"taxable","12":"shipping-taxable","13":"purchasable","14":"product-type-simple"},"exclude_global_add_ons":[],"addons":[],"df_price":599,"df_sale_price":"","df_regular_price":599,"df_image_link":"https:\/\/cdn02.fabioferro.eu\/wp-content\/uploads\/virtuemart\/product\/orologio_seiko_prospex_king_turtle_SRPE07K1__1590996480_293.jpg","_links":{"self":[{"href":"https:\/\/www.fabioferro.eu\/de\/wp-json\/wp\/v2\/product\/119743","targetHints":{"allow":["GET"]}}],"collection":[{"href":"https:\/\/www.fabioferro.eu\/de\/wp-json\/wp\/v2\/product"}],"about":[{"href":"https:\/\/www.fabioferro.eu\/de\/wp-json\/wp\/v2\/types\/product"}],"replies":[{"embeddable":true,"href":"https:\/\/www.fabioferro.eu\/de\/wp-json\/wp\/v2\/comments?post=119743"}],"version-history":[{"count":0,"href":"https:\/\/www.fabioferro.eu\/de\/wp-json\/wp\/v2\/product\/119743\/revisions"}],"wp:featuredmedia":[{"embeddable":true,"href":"https:\/\/www.fabioferro.eu\/de\/wp-json\/wp\/v2\/media\/119747"}],"wp:attachment":[{"href":"https:\/\/www.fabioferro.eu\/de\/wp-json\/wp\/v2\/media?parent=119743"}],"wp:term":[{"taxonomy":"product_brand","embeddable":true,"href":"https:\/\/www.fabioferro.eu\/de\/wp-json\/wp\/v2\/product_brand?post=119743"},{"taxonomy":"product_cat","embeddable":true,"href":"https:\/\/www.fabioferro.eu\/de\/wp-json\/wp\/v2\/product_cat?post=119743"},{"taxonomy":"product_tag","embeddable":true,"href":"https:\/\/www.fabioferro.eu\/de\/wp-json\/wp\/v2\/product_tag?post=119743"}],"curies":[{"name":"wp","href":"https:\/\/api.w.org\/{rel}","templated":true}]}}