{"id":119789,"date":"2022-06-01T19:50:23","date_gmt":"2022-06-01T17:50:23","guid":{"rendered":"https:\/\/www.fabioferro.eu\/madi-nur-hydrothermaler-quarz-roter-ring.html"},"modified":"2025-06-06T16:15:47","modified_gmt":"2025-06-06T14:15:47","slug":"madi-nur-hydrothermaler-quarz-roter-ring","status":"publish","type":"product","link":"https:\/\/www.fabioferro.eu\/de\/madi-nur-hydrothermaler-quarz-roter-ring.html","title":{"rendered":"Madi Nur Hydrothermaler Quarz Roter Ring"},"content":{"rendered":"<p>Solit\u00e4rring aus ros\u00e9vergoldetem 925er Silber. Hydrothermaler Quarz kirschrot. Gewicht 4,5 g. Schmuckst\u00fcck mit Garantie und offizieller Mad\u00ec-Box.<\/p>\n","protected":false},"excerpt":{"rendered":"<p>Die Eleganz und Raffinesse dieses Schmuckst\u00fccks machen es einzigartig.<\/p>\n","protected":false},"featured_media":119804,"comment_status":"open","ping_status":"closed","template":"","meta":[],"product_brand":[],"product_cat":[7595],"product_tag":[],"class_list":{"0":"post-119789","1":"product","2":"type-product","3":"status-publish","4":"has-post-thumbnail","6":"product_cat-madi-ringe-de","8":"first","9":"instock","10":"sale","11":"taxable","12":"shipping-taxable","13":"purchasable","14":"product-type-variable","15":"has-default-attributes"},"exclude_global_add_ons":[],"addons":[],"df_price":106.2,"df_sale_price":"","df_regular_price":106.2,"df_image_link":"https:\/\/cdn02.fabioferro.eu\/wp-content\/uploads\/virtuemart\/product\/anello_madi_in_argento_925_con_quarzo_idrotermale_rosso_38793__1588414214_396.jpg","_links":{"self":[{"href":"https:\/\/www.fabioferro.eu\/de\/wp-json\/wp\/v2\/product\/119789","targetHints":{"allow":["GET"]}}],"collection":[{"href":"https:\/\/www.fabioferro.eu\/de\/wp-json\/wp\/v2\/product"}],"about":[{"href":"https:\/\/www.fabioferro.eu\/de\/wp-json\/wp\/v2\/types\/product"}],"replies":[{"embeddable":true,"href":"https:\/\/www.fabioferro.eu\/de\/wp-json\/wp\/v2\/comments?post=119789"}],"version-history":[{"count":0,"href":"https:\/\/www.fabioferro.eu\/de\/wp-json\/wp\/v2\/product\/119789\/revisions"}],"wp:featuredmedia":[{"embeddable":true,"href":"https:\/\/www.fabioferro.eu\/de\/wp-json\/wp\/v2\/media\/119804"}],"wp:attachment":[{"href":"https:\/\/www.fabioferro.eu\/de\/wp-json\/wp\/v2\/media?parent=119789"}],"wp:term":[{"taxonomy":"product_brand","embeddable":true,"href":"https:\/\/www.fabioferro.eu\/de\/wp-json\/wp\/v2\/product_brand?post=119789"},{"taxonomy":"product_cat","embeddable":true,"href":"https:\/\/www.fabioferro.eu\/de\/wp-json\/wp\/v2\/product_cat?post=119789"},{"taxonomy":"product_tag","embeddable":true,"href":"https:\/\/www.fabioferro.eu\/de\/wp-json\/wp\/v2\/product_tag?post=119789"}],"curies":[{"name":"wp","href":"https:\/\/api.w.org\/{rel}","templated":true}]}}