{"id":119793,"date":"2022-06-01T19:50:33","date_gmt":"2022-06-01T17:50:33","guid":{"rendered":"https:\/\/www.fabioferro.eu\/madi-rose-vergoldetes-silberarmband-mit-rotem-quarz.html"},"modified":"2024-10-03T17:12:06","modified_gmt":"2024-10-03T15:12:06","slug":"madi-rose-vergoldetes-silberarmband-mit-rotem-quarz","status":"publish","type":"product","link":"https:\/\/www.fabioferro.eu\/de\/madi-rose-vergoldetes-silberarmband-mit-rotem-quarz.html","title":{"rendered":"Madi Rose vergoldetes Silberarmband mit rotem Quarz"},"content":{"rendered":"<p>Armband aus ros\u00e9vergoldetem 925er Silber. Einstellbare Gr\u00f6\u00dfe zwischen 17 cm und 21 cm. Handgefertigt, Hergestellt in Italien. Roter hydrothermaler Quarz. Verstellbarer Karabinerhakenverschluss. Juwel mit Garantie, Einkaufstasche und offizieller Mad\u00ec-Box.<\/p>\n","protected":false},"excerpt":{"rendered":"<p>Rot ist die Farbe der Leidenschaft, eine Leidenschaft, die sich gut mit dem Rosa des Silbers verbindet.<\/p>\n","protected":false},"featured_media":119805,"comment_status":"open","ping_status":"closed","template":"","meta":[],"product_brand":[],"product_cat":[5954],"product_tag":[7442],"class_list":{"0":"post-119793","1":"product","2":"type-product","3":"status-publish","4":"has-post-thumbnail","6":"product_cat-madi-armbander","7":"product_tag-verfugbar","9":"first","10":"instock","11":"sale","12":"taxable","13":"shipping-taxable","14":"purchasable","15":"product-type-simple"},"exclude_global_add_ons":[],"addons":[],"df_price":152.1,"df_sale_price":152.1,"df_regular_price":169,"df_image_link":"https:\/\/cdn02.fabioferro.eu\/wp-content\/uploads\/virtuemart\/product\/bracciale_madi_in_argento_925_quarzo_38794__1588781606_511.jpg","_links":{"self":[{"href":"https:\/\/www.fabioferro.eu\/de\/wp-json\/wp\/v2\/product\/119793","targetHints":{"allow":["GET"]}}],"collection":[{"href":"https:\/\/www.fabioferro.eu\/de\/wp-json\/wp\/v2\/product"}],"about":[{"href":"https:\/\/www.fabioferro.eu\/de\/wp-json\/wp\/v2\/types\/product"}],"replies":[{"embeddable":true,"href":"https:\/\/www.fabioferro.eu\/de\/wp-json\/wp\/v2\/comments?post=119793"}],"version-history":[{"count":0,"href":"https:\/\/www.fabioferro.eu\/de\/wp-json\/wp\/v2\/product\/119793\/revisions"}],"wp:featuredmedia":[{"embeddable":true,"href":"https:\/\/www.fabioferro.eu\/de\/wp-json\/wp\/v2\/media\/119805"}],"wp:attachment":[{"href":"https:\/\/www.fabioferro.eu\/de\/wp-json\/wp\/v2\/media?parent=119793"}],"wp:term":[{"taxonomy":"product_brand","embeddable":true,"href":"https:\/\/www.fabioferro.eu\/de\/wp-json\/wp\/v2\/product_brand?post=119793"},{"taxonomy":"product_cat","embeddable":true,"href":"https:\/\/www.fabioferro.eu\/de\/wp-json\/wp\/v2\/product_cat?post=119793"},{"taxonomy":"product_tag","embeddable":true,"href":"https:\/\/www.fabioferro.eu\/de\/wp-json\/wp\/v2\/product_tag?post=119793"}],"curies":[{"name":"wp","href":"https:\/\/api.w.org\/{rel}","templated":true}]}}