{"id":119801,"date":"2022-06-01T19:50:46","date_gmt":"2022-06-01T17:50:46","guid":{"rendered":"https:\/\/www.fabioferro.eu\/madi-anhaenger-ohrringe-mit-braunem-und-weissem-hydrothermalquarz.html"},"modified":"2024-09-14T12:26:10","modified_gmt":"2024-09-14T10:26:10","slug":"madi-anhaenger-ohrringe-mit-braunem-und-weissem-hydrothermalquarz","status":"publish","type":"product","link":"https:\/\/www.fabioferro.eu\/de\/madi-anhaenger-ohrringe-mit-braunem-und-weissem-hydrothermalquarz.html","title":{"rendered":"Madi Anh\u00e4nger Ohrringe mit braunem und wei\u00dfem Hydrothermalquarz"},"content":{"rendered":"<p>Ohrringe aus ros\u00e9-vergoldetem Sterlingsilber.<br \/>\nBrauner und wei\u00dfer hydrothermaler Quarz.<br \/>\nHandgefertigt, Made in Italy.<br \/>\nKlickverschluss, angenehm zu tragen.<br \/>\nSchmuckst\u00fcck mit Garantie und offizieller Mad\u00ec-Box.    <\/p>\n","protected":false},"excerpt":{"rendered":"<p>Ein Paar aus braunem und wei\u00dfem Quarz, das sich durch seine runde Form auszeichnet.<\/p>\n","protected":false},"featured_media":119813,"comment_status":"open","ping_status":"closed","template":"","meta":[],"product_brand":[],"product_cat":[5921],"product_tag":[7442],"class_list":{"0":"post-119801","1":"product","2":"type-product","3":"status-publish","4":"has-post-thumbnail","6":"product_cat-madi-ohrringe","7":"product_tag-verfugbar","9":"first","10":"instock","11":"sale","12":"taxable","13":"shipping-taxable","14":"purchasable","15":"product-type-simple"},"exclude_global_add_ons":[],"addons":[],"df_price":134.55,"df_sale_price":134.55,"df_regular_price":149.5,"df_image_link":"https:\/\/cdn02.fabioferro.eu\/wp-content\/uploads\/virtuemart\/product\/orecchini_madi_pendenti_quarzo_idrotermale_38674__1588867963_221.jpg","_links":{"self":[{"href":"https:\/\/www.fabioferro.eu\/de\/wp-json\/wp\/v2\/product\/119801","targetHints":{"allow":["GET"]}}],"collection":[{"href":"https:\/\/www.fabioferro.eu\/de\/wp-json\/wp\/v2\/product"}],"about":[{"href":"https:\/\/www.fabioferro.eu\/de\/wp-json\/wp\/v2\/types\/product"}],"replies":[{"embeddable":true,"href":"https:\/\/www.fabioferro.eu\/de\/wp-json\/wp\/v2\/comments?post=119801"}],"version-history":[{"count":0,"href":"https:\/\/www.fabioferro.eu\/de\/wp-json\/wp\/v2\/product\/119801\/revisions"}],"wp:featuredmedia":[{"embeddable":true,"href":"https:\/\/www.fabioferro.eu\/de\/wp-json\/wp\/v2\/media\/119813"}],"wp:attachment":[{"href":"https:\/\/www.fabioferro.eu\/de\/wp-json\/wp\/v2\/media?parent=119801"}],"wp:term":[{"taxonomy":"product_brand","embeddable":true,"href":"https:\/\/www.fabioferro.eu\/de\/wp-json\/wp\/v2\/product_brand?post=119801"},{"taxonomy":"product_cat","embeddable":true,"href":"https:\/\/www.fabioferro.eu\/de\/wp-json\/wp\/v2\/product_cat?post=119801"},{"taxonomy":"product_tag","embeddable":true,"href":"https:\/\/www.fabioferro.eu\/de\/wp-json\/wp\/v2\/product_tag?post=119801"}],"curies":[{"name":"wp","href":"https:\/\/api.w.org\/{rel}","templated":true}]}}