{"id":119802,"date":"2022-06-01T19:50:38","date_gmt":"2022-06-01T17:50:38","guid":{"rendered":"https:\/\/www.fabioferro.eu\/madi-rose-vergoldet-silber-halskette-mit-rotem-quarz.html"},"modified":"2024-09-06T16:55:20","modified_gmt":"2024-09-06T14:55:20","slug":"madi-rose-vergoldet-silber-halskette-mit-rotem-quarz","status":"publish","type":"product","link":"https:\/\/www.fabioferro.eu\/de\/madi-rose-vergoldet-silber-halskette-mit-rotem-quarz.html","title":{"rendered":"Madi Rose vergoldet Silber Halskette mit rotem Quarz"},"content":{"rendered":"<p>Halskette aus ros\u00e9vergoldetem 925er Silber. Gr\u00f6\u00dfe verstellbar \u00fcber die Ringe, von 44 cm bis 48 cm. Handgefertigt, Hergestellt in Italien. Roter hydrothermaler Quarz. Verstellbarer Karabinerhakenverschluss. Juwel mit Garantie, Einkaufstasche und offizieller Mad\u00ec-Box.<\/p>\n","protected":false},"excerpt":{"rendered":"<p>Eine Folge von rotem Quarz. Sie werden von dem Rosa des Silbers begleitet, das sie in dem Schmuckst\u00fcck umschlie\u00dft.<\/p>\n","protected":false},"featured_media":119814,"comment_status":"open","ping_status":"closed","template":"","meta":[],"product_brand":[],"product_cat":[5951],"product_tag":[],"class_list":{"0":"post-119802","1":"product","2":"type-product","3":"status-publish","4":"has-post-thumbnail","6":"product_cat-madi-halsketten","8":"first","9":"instock","10":"sale","11":"taxable","12":"shipping-taxable","13":"purchasable","14":"product-type-simple"},"exclude_global_add_ons":[],"addons":[],"df_price":188.1,"df_sale_price":188.1,"df_regular_price":209,"df_image_link":"https:\/\/cdn02.fabioferro.eu\/wp-content\/uploads\/virtuemart\/product\/collana_madi_in_argento_con_quarzi_rossi_38796__1588785354_463.jpg","_links":{"self":[{"href":"https:\/\/www.fabioferro.eu\/de\/wp-json\/wp\/v2\/product\/119802","targetHints":{"allow":["GET"]}}],"collection":[{"href":"https:\/\/www.fabioferro.eu\/de\/wp-json\/wp\/v2\/product"}],"about":[{"href":"https:\/\/www.fabioferro.eu\/de\/wp-json\/wp\/v2\/types\/product"}],"replies":[{"embeddable":true,"href":"https:\/\/www.fabioferro.eu\/de\/wp-json\/wp\/v2\/comments?post=119802"}],"version-history":[{"count":0,"href":"https:\/\/www.fabioferro.eu\/de\/wp-json\/wp\/v2\/product\/119802\/revisions"}],"wp:featuredmedia":[{"embeddable":true,"href":"https:\/\/www.fabioferro.eu\/de\/wp-json\/wp\/v2\/media\/119814"}],"wp:attachment":[{"href":"https:\/\/www.fabioferro.eu\/de\/wp-json\/wp\/v2\/media?parent=119802"}],"wp:term":[{"taxonomy":"product_brand","embeddable":true,"href":"https:\/\/www.fabioferro.eu\/de\/wp-json\/wp\/v2\/product_brand?post=119802"},{"taxonomy":"product_cat","embeddable":true,"href":"https:\/\/www.fabioferro.eu\/de\/wp-json\/wp\/v2\/product_cat?post=119802"},{"taxonomy":"product_tag","embeddable":true,"href":"https:\/\/www.fabioferro.eu\/de\/wp-json\/wp\/v2\/product_tag?post=119802"}],"curies":[{"name":"wp","href":"https:\/\/api.w.org\/{rel}","templated":true}]}}