{"id":119808,"date":"2022-06-01T19:51:21","date_gmt":"2022-06-01T17:51:21","guid":{"rendered":"https:\/\/www.fabioferro.eu\/hamilton-khaki-field-titanium-auto-herrenuhr-42-mm.html"},"modified":"2025-04-02T21:22:43","modified_gmt":"2025-04-02T19:22:43","slug":"hamilton-khaki-field-titanium-auto-herrenuhr-42-mm","status":"publish","type":"product","link":"https:\/\/www.fabioferro.eu\/de\/hamilton-khaki-field-titanium-auto-herrenuhr-42-mm.html","title":{"rendered":"Hamilton Khaki Field Titanium 42mm H70665533"},"content":{"rendered":"<p>Hamilton Khaki Field Titanium 42mm H70665533 hat Tausende von Uhren f\u00fcr die Streitkr\u00e4fte hergestellt. Heute ist es genau diese Erfahrung, die wir nutzen, um Zeitmesser zu kreieren, die dem modernen Leben entsprechen.<\/p>\n<p>Geh\u00e4use aus Titan, 42 mm Durchmesser, federleicht.<\/p>\n<p>Wasserdicht bis zu 10 bar\/100 Meter.<\/p>\n<p>Mechanisches Automatikwerk, Kaliber H-10, Gangreserve von 80 Stunden.<\/p>\n<p>Leicht gew\u00f6lbtes Saphirglas.<\/p>\n<p>Armband aus braunem Kalbsleder. Breite zwischen den \u00d6sen 20 mm. Dornschlie\u00dfe.<\/p>\n<p>Schwarzes Zifferblatt mit braunen Stundenmarkierungen und Zeigern.<\/p>\n<p>Uhr mit Garantie und offizieller Hamilton-Box.<\/p>\n","protected":false},"excerpt":{"rendered":"<p>Die Hamilton Khaki Field Titanium 42mm H70665533 ist die perfekte Kombination aus Funktionalit\u00e4t, Leichtigkeit und milit\u00e4rischem Stil. Die Khaki Field Titanium Automatic ist bereit f\u00fcr den Einsatz.<\/p>\n","protected":false},"featured_media":119816,"comment_status":"open","ping_status":"closed","template":"","meta":[],"product_brand":[161],"product_cat":[5974],"product_tag":[],"class_list":{"0":"post-119808","1":"product","2":"type-product","3":"status-publish","4":"has-post-thumbnail","6":"product_brand-hamilton","7":"product_cat-hamilton-herrenuhren","9":"first","10":"instock","11":"sale","12":"taxable","13":"shipping-taxable","14":"purchasable","15":"product-type-simple"},"exclude_global_add_ons":[],"addons":[],"df_price":956,"df_sale_price":956,"df_regular_price":1195,"df_image_link":"https:\/\/cdn02.fabioferro.eu\/wp-content\/uploads\/virtuemart\/product\/hamilton_khaki_field_auto_titanium_H70665533__1589987073_192.jpg","_links":{"self":[{"href":"https:\/\/www.fabioferro.eu\/de\/wp-json\/wp\/v2\/product\/119808","targetHints":{"allow":["GET"]}}],"collection":[{"href":"https:\/\/www.fabioferro.eu\/de\/wp-json\/wp\/v2\/product"}],"about":[{"href":"https:\/\/www.fabioferro.eu\/de\/wp-json\/wp\/v2\/types\/product"}],"replies":[{"embeddable":true,"href":"https:\/\/www.fabioferro.eu\/de\/wp-json\/wp\/v2\/comments?post=119808"}],"version-history":[{"count":0,"href":"https:\/\/www.fabioferro.eu\/de\/wp-json\/wp\/v2\/product\/119808\/revisions"}],"wp:featuredmedia":[{"embeddable":true,"href":"https:\/\/www.fabioferro.eu\/de\/wp-json\/wp\/v2\/media\/119816"}],"wp:attachment":[{"href":"https:\/\/www.fabioferro.eu\/de\/wp-json\/wp\/v2\/media?parent=119808"}],"wp:term":[{"taxonomy":"product_brand","embeddable":true,"href":"https:\/\/www.fabioferro.eu\/de\/wp-json\/wp\/v2\/product_brand?post=119808"},{"taxonomy":"product_cat","embeddable":true,"href":"https:\/\/www.fabioferro.eu\/de\/wp-json\/wp\/v2\/product_cat?post=119808"},{"taxonomy":"product_tag","embeddable":true,"href":"https:\/\/www.fabioferro.eu\/de\/wp-json\/wp\/v2\/product_tag?post=119808"}],"curies":[{"name":"wp","href":"https:\/\/api.w.org\/{rel}","templated":true}]}}