{"id":119845,"date":"2022-06-01T19:47:44","date_gmt":"2022-06-01T17:47:44","guid":{"rendered":"https:\/\/www.fabioferro.eu\/ohrringe-giovanni-raspini-kollektion-tahiti-gaensebluemchen.html"},"modified":"2025-05-02T17:32:21","modified_gmt":"2025-05-02T15:32:21","slug":"ohrringe-giovanni-raspini-kollektion-tahiti-gaensebluemchen","status":"publish","type":"product","link":"https:\/\/www.fabioferro.eu\/de\/ohrringe-giovanni-raspini-kollektion-tahiti-gaensebluemchen.html","title":{"rendered":"Ohrringe Giovanni Raspini Kollektion Tahiti G\u00e4nsebl\u00fcmchen"},"content":{"rendered":"<p>Tahiti-Kollektion, die die Geschichte der S\u00fc\u00dfwasserperlen erz\u00e4hlt.<\/p>\n<p>Niedliches Motiv mit G\u00e4nsebl\u00fcmchen aus 925er Sterlingsilber.<\/p>\n<p>Original-S\u00fc\u00dfwasserperle aus Tahiti.<\/p>\n<p>Verschluss mit Logo-Phalanx.<\/p>\n<p>Gewicht Paar Ohrringe 9 gr.<\/p>\n<p>L\u00e4nge 1,6 cm.<\/p>\n<p>Handgefertigt in Italien.<\/p>\n<p>Ohrringe werden mit offizieller Giovanni Raspini-Box und Garantie verkauft<\/p>\n","protected":false},"excerpt":{"rendered":"<p>Ohrringe Giovanni Raspini Kollektion Tahiti G\u00e4nsebl\u00fcmchen<\/p>\n","protected":false},"featured_media":119856,"comment_status":"open","ping_status":"closed","template":"","meta":[],"product_brand":[155],"product_cat":[7570],"product_tag":[],"class_list":{"0":"post-119845","1":"product","2":"type-product","3":"status-publish","4":"has-post-thumbnail","6":"product_brand-raspini","7":"product_cat-giovanni-raspini-ohrringe","9":"first","10":"instock","11":"sale","12":"taxable","13":"shipping-taxable","14":"purchasable","15":"product-type-simple"},"exclude_global_add_ons":[],"addons":[],"df_price":229.5,"df_sale_price":229.5,"df_regular_price":255,"df_image_link":"https:\/\/cdn02.fabioferro.eu\/wp-content\/uploads\/virtuemart\/product\/10850_raspini_orecchini_tahiti_margherite__1582909766_471.jpg","_links":{"self":[{"href":"https:\/\/www.fabioferro.eu\/de\/wp-json\/wp\/v2\/product\/119845","targetHints":{"allow":["GET"]}}],"collection":[{"href":"https:\/\/www.fabioferro.eu\/de\/wp-json\/wp\/v2\/product"}],"about":[{"href":"https:\/\/www.fabioferro.eu\/de\/wp-json\/wp\/v2\/types\/product"}],"replies":[{"embeddable":true,"href":"https:\/\/www.fabioferro.eu\/de\/wp-json\/wp\/v2\/comments?post=119845"}],"version-history":[{"count":0,"href":"https:\/\/www.fabioferro.eu\/de\/wp-json\/wp\/v2\/product\/119845\/revisions"}],"wp:featuredmedia":[{"embeddable":true,"href":"https:\/\/www.fabioferro.eu\/de\/wp-json\/wp\/v2\/media\/119856"}],"wp:attachment":[{"href":"https:\/\/www.fabioferro.eu\/de\/wp-json\/wp\/v2\/media?parent=119845"}],"wp:term":[{"taxonomy":"product_brand","embeddable":true,"href":"https:\/\/www.fabioferro.eu\/de\/wp-json\/wp\/v2\/product_brand?post=119845"},{"taxonomy":"product_cat","embeddable":true,"href":"https:\/\/www.fabioferro.eu\/de\/wp-json\/wp\/v2\/product_cat?post=119845"},{"taxonomy":"product_tag","embeddable":true,"href":"https:\/\/www.fabioferro.eu\/de\/wp-json\/wp\/v2\/product_tag?post=119845"}],"curies":[{"name":"wp","href":"https:\/\/api.w.org\/{rel}","templated":true}]}}