{"id":119854,"date":"2022-06-01T19:47:54","date_gmt":"2022-06-01T17:47:54","guid":{"rendered":"https:\/\/www.fabioferro.eu\/fabio-ferro-ohrringe-aus-meeres-zuchtperlen-und-diamanten-6-mm.html"},"modified":"2022-06-01T19:47:54","modified_gmt":"2022-06-01T17:47:54","slug":"fabio-ferro-ohrringe-aus-meeres-zuchtperlen-und-diamanten-6-mm","status":"publish","type":"product","link":"https:\/\/www.fabioferro.eu\/de\/fabio-ferro-ohrringe-aus-meeres-zuchtperlen-und-diamanten-6-mm.html","title":{"rendered":"Fabio Ferro Ohrringe aus Meeres-Zuchtperlen und Diamanten 6 mm"},"content":{"rendered":"<p>Paar feste Ohrringe mit japanischen Zuchtperlen und 2 Diamanten im Brillantschliff.<\/p>\n<p>Sie werden in unserer Goldschmiedewerkstatt aus 18 Karat Wei\u00dfgold handgefertigt und wiegen insgesamt 1,70 g. Sie werden durch einen Stift und einen Schmetterlingsr\u00fccken getragen.<\/p>\n<p>Die gut kultivierten Meeresperlen haben einen Durchmesser von 6 mm und sind \u00fcber 2 Diamanten im Brillantschliff mit insgesamt 0,05 Karat gefasst, die durch 4 Drahtclips gesichert sind. Die Farbe ist F, der Reinheitsgrad VS1.<\/p>\n<p>Die Qualit\u00e4t der Perlen ist extrem, da sie sorgf\u00e4ltig ausgew\u00e4hlt werden, bevor sie montiert werden.<\/p>\n<p>Das Schmuckst\u00fcck wird von der Garantie &#8220;Fabio Ferro i Gioielli&#8221; und einer eleganten Geschenkbox begleitet.<\/p>\n","protected":false},"excerpt":{"rendered":"<p>Zuchtmeeresperlen und Diamant-Ohrringe mit Brillantschliff<\/p>\n","protected":false},"featured_media":118278,"comment_status":"open","ping_status":"closed","template":"","meta":[],"product_brand":[152],"product_cat":[6022],"product_tag":[7442],"class_list":{"0":"post-119854","1":"product","2":"type-product","3":"status-publish","4":"has-post-thumbnail","6":"product_brand-fabio-ferro-i-gioielli","7":"product_cat-perlen-ohrringe","8":"product_tag-verfugbar","10":"first","11":"instock","12":"sale","13":"taxable","14":"shipping-taxable","15":"purchasable","16":"product-type-simple"},"exclude_global_add_ons":[],"addons":[],"df_price":1330,"df_sale_price":1330,"df_regular_price":1660,"df_image_link":"https:\/\/cdn02.fabioferro.eu\/wp-content\/uploads\/orecchini-fabio-ferro-con-perle-in-oro-bianco-e-diamanti-ff45-2.jpg","_links":{"self":[{"href":"https:\/\/www.fabioferro.eu\/de\/wp-json\/wp\/v2\/product\/119854","targetHints":{"allow":["GET"]}}],"collection":[{"href":"https:\/\/www.fabioferro.eu\/de\/wp-json\/wp\/v2\/product"}],"about":[{"href":"https:\/\/www.fabioferro.eu\/de\/wp-json\/wp\/v2\/types\/product"}],"replies":[{"embeddable":true,"href":"https:\/\/www.fabioferro.eu\/de\/wp-json\/wp\/v2\/comments?post=119854"}],"version-history":[{"count":0,"href":"https:\/\/www.fabioferro.eu\/de\/wp-json\/wp\/v2\/product\/119854\/revisions"}],"wp:featuredmedia":[{"embeddable":true,"href":"https:\/\/www.fabioferro.eu\/de\/wp-json\/wp\/v2\/media\/118278"}],"wp:attachment":[{"href":"https:\/\/www.fabioferro.eu\/de\/wp-json\/wp\/v2\/media?parent=119854"}],"wp:term":[{"taxonomy":"product_brand","embeddable":true,"href":"https:\/\/www.fabioferro.eu\/de\/wp-json\/wp\/v2\/product_brand?post=119854"},{"taxonomy":"product_cat","embeddable":true,"href":"https:\/\/www.fabioferro.eu\/de\/wp-json\/wp\/v2\/product_cat?post=119854"},{"taxonomy":"product_tag","embeddable":true,"href":"https:\/\/www.fabioferro.eu\/de\/wp-json\/wp\/v2\/product_tag?post=119854"}],"curies":[{"name":"wp","href":"https:\/\/api.w.org\/{rel}","templated":true}]}}