{"id":119858,"date":"2022-06-01T19:49:45","date_gmt":"2022-06-01T17:49:45","guid":{"rendered":"https:\/\/www.fabioferro.eu\/armband-giovanni-raspini-armreif-mondschale-golden-piccolo.html"},"modified":"2025-05-02T17:32:30","modified_gmt":"2025-05-02T15:32:30","slug":"armband-giovanni-raspini-armreif-mondschale-golden-piccolo","status":"publish","type":"product","link":"https:\/\/www.fabioferro.eu\/de\/armband-giovanni-raspini-armreif-mondschale-golden-piccolo.html","title":{"rendered":"Armband Giovanni Raspini Armreif Mondschale Golden Piccolo"},"content":{"rendered":"<p>Armband aus 925er Silber, 4 Mikron gelbvergoldet.<\/p>\n<p>Einfach zu tragen dank der Feder\u00f6ffnung.<\/p>\n<p>Gewicht 12 g insgesamt.<\/p>\n<p>Ovale Gr\u00f6\u00dfe, innen 5 x 6 cm f\u00fcr mittlere\/standard Handgelenke.<\/p>\n<p>Handgefertigt in Italien.<\/p>\n<p>Schmuckst\u00fcck wird mit Box und offizieller Giovanni Raspini Garantie verkauft.<\/p>\n","protected":false},"excerpt":{"rendered":"<p>Goldenes Modell, leicht zu tragen und sehr elegant dank der speziellen geh\u00e4mmerten Textur.<\/p>\n","protected":false},"featured_media":119872,"comment_status":"open","ping_status":"closed","template":"","meta":[],"product_brand":[155],"product_cat":[7569],"product_tag":[],"class_list":{"0":"post-119858","1":"product","2":"type-product","3":"status-publish","4":"has-post-thumbnail","6":"product_brand-raspini","7":"product_cat-armbander-giovanni-raspini","9":"first","10":"instock","11":"sale","12":"taxable","13":"shipping-taxable","14":"purchasable","15":"product-type-simple"},"exclude_global_add_ons":[],"addons":[],"df_price":193.5,"df_sale_price":193.5,"df_regular_price":215,"df_image_link":"https:\/\/cdn02.fabioferro.eu\/wp-content\/uploads\/virtuemart\/product\/giovanni_raspini_bracciale_bangle_piccolo_10832__1586178966_575.jpg","_links":{"self":[{"href":"https:\/\/www.fabioferro.eu\/de\/wp-json\/wp\/v2\/product\/119858","targetHints":{"allow":["GET"]}}],"collection":[{"href":"https:\/\/www.fabioferro.eu\/de\/wp-json\/wp\/v2\/product"}],"about":[{"href":"https:\/\/www.fabioferro.eu\/de\/wp-json\/wp\/v2\/types\/product"}],"replies":[{"embeddable":true,"href":"https:\/\/www.fabioferro.eu\/de\/wp-json\/wp\/v2\/comments?post=119858"}],"version-history":[{"count":0,"href":"https:\/\/www.fabioferro.eu\/de\/wp-json\/wp\/v2\/product\/119858\/revisions"}],"wp:featuredmedia":[{"embeddable":true,"href":"https:\/\/www.fabioferro.eu\/de\/wp-json\/wp\/v2\/media\/119872"}],"wp:attachment":[{"href":"https:\/\/www.fabioferro.eu\/de\/wp-json\/wp\/v2\/media?parent=119858"}],"wp:term":[{"taxonomy":"product_brand","embeddable":true,"href":"https:\/\/www.fabioferro.eu\/de\/wp-json\/wp\/v2\/product_brand?post=119858"},{"taxonomy":"product_cat","embeddable":true,"href":"https:\/\/www.fabioferro.eu\/de\/wp-json\/wp\/v2\/product_cat?post=119858"},{"taxonomy":"product_tag","embeddable":true,"href":"https:\/\/www.fabioferro.eu\/de\/wp-json\/wp\/v2\/product_tag?post=119858"}],"curies":[{"name":"wp","href":"https:\/\/api.w.org\/{rel}","templated":true}]}}