{"id":119893,"date":"2022-06-01T19:46:54","date_gmt":"2022-06-01T17:46:54","guid":{"rendered":"https:\/\/www.fabioferro.eu\/armband-giovanni-raspini-armreif-moon-bowl-medium.html"},"modified":"2026-01-30T18:39:56","modified_gmt":"2026-01-30T17:39:56","slug":"armband-giovanni-raspini-armreif-moon-bowl-medium","status":"publish","type":"product","link":"https:\/\/www.fabioferro.eu\/de\/armband-giovanni-raspini-armreif-moon-bowl-medium.html","title":{"rendered":"Armband Giovanni Raspini Armreif Moon Bowl Medium"},"content":{"rendered":"<p>925 Sterling Silber Moon Bowl Kollektion<\/p>\n<p>Geh\u00e4mmerte Oberfl\u00e4che des Silbers, die von einer antiken Sch\u00f6nheit erz\u00e4hlt, die zeitgem\u00e4\u00df wird.<\/p>\n<p>Halboffen mit Feder.<\/p>\n<p>Ovale Gr\u00f6\u00dfe, innen 5 x 6 cm.<\/p>\n<p>Dicke 3 mm.<\/p>\n<p>Handgefertigt in Italien.<\/p>\n<p>Armband wird mit Box und offizieller Giovanni Raspini Garantie verkauft.<\/p>\n","protected":false},"excerpt":{"rendered":"<p>Armband Giovanni Raspini Armreif Moon Bowl Medium Kollektion<\/p>\n","protected":false},"featured_media":119901,"comment_status":"open","ping_status":"closed","template":"","meta":[],"product_brand":[155],"product_cat":[7569],"product_tag":[],"class_list":{"0":"post-119893","1":"product","2":"type-product","3":"status-publish","4":"has-post-thumbnail","6":"product_brand-raspini","7":"product_cat-armbander-giovanni-raspini","9":"first","10":"instock","11":"sale","12":"taxable","13":"shipping-taxable","14":"purchasable","15":"product-type-simple"},"exclude_global_add_ons":[],"addons":[],"df_price":243,"df_sale_price":243,"df_regular_price":270,"df_image_link":"https:\/\/cdn02.fabioferro.eu\/wp-content\/uploads\/virtuemart\/product\/10824_giovanni_raspini_bangle_moon__1582643961_515.jpg","_links":{"self":[{"href":"https:\/\/www.fabioferro.eu\/de\/wp-json\/wp\/v2\/product\/119893","targetHints":{"allow":["GET"]}}],"collection":[{"href":"https:\/\/www.fabioferro.eu\/de\/wp-json\/wp\/v2\/product"}],"about":[{"href":"https:\/\/www.fabioferro.eu\/de\/wp-json\/wp\/v2\/types\/product"}],"replies":[{"embeddable":true,"href":"https:\/\/www.fabioferro.eu\/de\/wp-json\/wp\/v2\/comments?post=119893"}],"version-history":[{"count":0,"href":"https:\/\/www.fabioferro.eu\/de\/wp-json\/wp\/v2\/product\/119893\/revisions"}],"wp:featuredmedia":[{"embeddable":true,"href":"https:\/\/www.fabioferro.eu\/de\/wp-json\/wp\/v2\/media\/119901"}],"wp:attachment":[{"href":"https:\/\/www.fabioferro.eu\/de\/wp-json\/wp\/v2\/media?parent=119893"}],"wp:term":[{"taxonomy":"product_brand","embeddable":true,"href":"https:\/\/www.fabioferro.eu\/de\/wp-json\/wp\/v2\/product_brand?post=119893"},{"taxonomy":"product_cat","embeddable":true,"href":"https:\/\/www.fabioferro.eu\/de\/wp-json\/wp\/v2\/product_cat?post=119893"},{"taxonomy":"product_tag","embeddable":true,"href":"https:\/\/www.fabioferro.eu\/de\/wp-json\/wp\/v2\/product_tag?post=119893"}],"curies":[{"name":"wp","href":"https:\/\/api.w.org\/{rel}","templated":true}]}}