{"id":119913,"date":"2022-06-01T19:46:08","date_gmt":"2022-06-01T17:46:08","guid":{"rendered":"https:\/\/www.fabioferro.eu\/lampe-berger-seve-eternelle-nachfuellpackung-linfa-eterna-500ml.html"},"modified":"2024-03-05T16:39:21","modified_gmt":"2024-03-05T15:39:21","slug":"lampe-berger-seve-eternelle-nachfuellpackung-linfa-eterna-500ml","status":"publish","type":"product","link":"https:\/\/www.fabioferro.eu\/de\/lampe-berger-seve-eternelle-nachfuellpackung-linfa-eterna-500ml.html","title":{"rendered":"Lampe Berger S\u00e8ve \u00c9ternelle Nachf\u00fcllpackung &#8211; Linfa Eterna 500ml"},"content":{"rendered":"<p>Die 500-ml-Nachf\u00fcllpackung Linfa Eterna \u00f6ffnet sich mit einer kr\u00e4ftigen aromatischen Eukalyptusnote, die mit einer kr\u00e4ftigen Grapefruitschale und gr\u00fcnen Noten vermischt ist.<\/p>\n<p>Das duftende Herz verstr\u00f6mt die moschusartigen D\u00fcfte von Muskatellersalbei und die milderen D\u00fcfte von Pfefferminze, Aloe Vera und Lotusblume.<\/p>\n<p>Die Duftkomposition endet mit einer holzigen Note aus indonesischem Patchouli und D\u00fcften von gem\u00e4htem Heu, die durch Moschus verst\u00e4rkt werden.<\/p>\n<p>Konzipiert, entworfen und hergestellt in Frankreich von Maison Berger.<\/p>\n","protected":false},"excerpt":{"rendered":"<p>Lampe Berger S\u00e8ve \u00c9ternelle Nachf\u00fcllpackung &#8211; Linfa Eterna 500ml<\/p>\n","protected":false},"featured_media":119936,"comment_status":"open","ping_status":"closed","template":"","meta":[],"product_brand":[167],"product_cat":[6450],"product_tag":[7442],"class_list":{"0":"post-119913","1":"product","2":"type-product","3":"status-publish","4":"has-post-thumbnail","6":"product_brand-lampe-berger","7":"product_cat-parfums-und-nachfullungen-lampe-berger","8":"product_tag-verfugbar","10":"first","11":"outofstock","12":"taxable","13":"shipping-taxable","14":"purchasable","15":"product-type-simple"},"exclude_global_add_ons":[],"addons":[],"df_price":17,"df_sale_price":"","df_regular_price":17,"df_image_link":"https:\/\/cdn02.fabioferro.eu\/wp-content\/uploads\/virtuemart\/product\/linfa_eterna_lampe_berger_fabioferro__1580580728_700.jpg","_links":{"self":[{"href":"https:\/\/www.fabioferro.eu\/de\/wp-json\/wp\/v2\/product\/119913","targetHints":{"allow":["GET"]}}],"collection":[{"href":"https:\/\/www.fabioferro.eu\/de\/wp-json\/wp\/v2\/product"}],"about":[{"href":"https:\/\/www.fabioferro.eu\/de\/wp-json\/wp\/v2\/types\/product"}],"replies":[{"embeddable":true,"href":"https:\/\/www.fabioferro.eu\/de\/wp-json\/wp\/v2\/comments?post=119913"}],"version-history":[{"count":0,"href":"https:\/\/www.fabioferro.eu\/de\/wp-json\/wp\/v2\/product\/119913\/revisions"}],"wp:featuredmedia":[{"embeddable":true,"href":"https:\/\/www.fabioferro.eu\/de\/wp-json\/wp\/v2\/media\/119936"}],"wp:attachment":[{"href":"https:\/\/www.fabioferro.eu\/de\/wp-json\/wp\/v2\/media?parent=119913"}],"wp:term":[{"taxonomy":"product_brand","embeddable":true,"href":"https:\/\/www.fabioferro.eu\/de\/wp-json\/wp\/v2\/product_brand?post=119913"},{"taxonomy":"product_cat","embeddable":true,"href":"https:\/\/www.fabioferro.eu\/de\/wp-json\/wp\/v2\/product_cat?post=119913"},{"taxonomy":"product_tag","embeddable":true,"href":"https:\/\/www.fabioferro.eu\/de\/wp-json\/wp\/v2\/product_tag?post=119913"}],"curies":[{"name":"wp","href":"https:\/\/api.w.org\/{rel}","templated":true}]}}