{"id":119937,"date":"2022-06-01T19:46:10","date_gmt":"2022-06-01T17:46:10","guid":{"rendered":"https:\/\/www.fabioferro.eu\/lampe-berger-the-blanc-nachfuellpackung-weisser-tee-1-liter.html"},"modified":"2022-06-01T19:46:10","modified_gmt":"2022-06-01T17:46:10","slug":"lampe-berger-the-blanc-nachfuellpackung-weisser-tee-1-liter","status":"publish","type":"product","link":"https:\/\/www.fabioferro.eu\/de\/lampe-berger-the-blanc-nachfuellpackung-weisser-tee-1-liter.html","title":{"rendered":"Lampe Berger Th\u00e9 Blanc Nachf\u00fcllpackung &#8211; Wei\u00dfer Tee 1 Liter"},"content":{"rendered":"<p>Mit dem Parf\u00fcm White Tea bietet uns Maison Berger Paris eine zarte und raffinierte Interpretation eines dieser schwebenden Momente, die uns die Natur bieten kann.<\/p>\n<p>Dies ist eine \u00dcbung in Stil, ein Moment der reinen Gelassenheit. Einige Kopfnoten, Bergamotte und schwarze Johannisbeere, die ebenso einfach wie diskret sind.<\/p>\n<p>Ein reines Herz, das Wei\u00df seines Tees, makellos wie ein zartes Bouquet aus Maigl\u00f6ckchen, Rose und Jasmin.<\/p>\n<p>Dann legt sich ein Schleier aus wei\u00dfem Moschus, leicht und umh\u00fcllend, gemischt mit einem Hauch von Zedernholz.<\/p>\n<p>Konzipiert, entworfen und hergestellt in Frankreich von Maison Berger.<\/p>\n","protected":false},"excerpt":{"rendered":"<p>Lampe Berger Th\u00e9 Blanc Nachf\u00fcllpackung &#8211; Wei\u00dfer Tee 1 Liter<\/p>\n","protected":false},"featured_media":119949,"comment_status":"open","ping_status":"closed","template":"","meta":[],"product_brand":[167],"product_cat":[6450],"product_tag":[],"class_list":{"0":"post-119937","1":"product","2":"type-product","3":"status-publish","4":"has-post-thumbnail","6":"product_brand-lampe-berger","7":"product_cat-parfums-und-nachfullungen-lampe-berger","9":"first","10":"outofstock","11":"taxable","12":"shipping-taxable","13":"purchasable","14":"product-type-simple"},"exclude_global_add_ons":[],"addons":[],"df_price":28,"df_sale_price":"","df_regular_price":28,"df_image_link":"https:\/\/cdn02.fabioferro.eu\/wp-content\/uploads\/virtuemart\/product\/te_bianco_lampe_berger_fabioferro__1580581380_368.jpg","_links":{"self":[{"href":"https:\/\/www.fabioferro.eu\/de\/wp-json\/wp\/v2\/product\/119937","targetHints":{"allow":["GET"]}}],"collection":[{"href":"https:\/\/www.fabioferro.eu\/de\/wp-json\/wp\/v2\/product"}],"about":[{"href":"https:\/\/www.fabioferro.eu\/de\/wp-json\/wp\/v2\/types\/product"}],"replies":[{"embeddable":true,"href":"https:\/\/www.fabioferro.eu\/de\/wp-json\/wp\/v2\/comments?post=119937"}],"version-history":[{"count":0,"href":"https:\/\/www.fabioferro.eu\/de\/wp-json\/wp\/v2\/product\/119937\/revisions"}],"wp:featuredmedia":[{"embeddable":true,"href":"https:\/\/www.fabioferro.eu\/de\/wp-json\/wp\/v2\/media\/119949"}],"wp:attachment":[{"href":"https:\/\/www.fabioferro.eu\/de\/wp-json\/wp\/v2\/media?parent=119937"}],"wp:term":[{"taxonomy":"product_brand","embeddable":true,"href":"https:\/\/www.fabioferro.eu\/de\/wp-json\/wp\/v2\/product_brand?post=119937"},{"taxonomy":"product_cat","embeddable":true,"href":"https:\/\/www.fabioferro.eu\/de\/wp-json\/wp\/v2\/product_cat?post=119937"},{"taxonomy":"product_tag","embeddable":true,"href":"https:\/\/www.fabioferro.eu\/de\/wp-json\/wp\/v2\/product_tag?post=119937"}],"curies":[{"name":"wp","href":"https:\/\/api.w.org\/{rel}","templated":true}]}}