{"id":119942,"date":"2022-06-01T19:46:05","date_gmt":"2022-06-01T17:46:05","guid":{"rendered":"https:\/\/www.fabioferro.eu\/duopack-lampe-berger-caresse-de-coton-the-blanc-purete-caress-of-cotton-hibiscus-love.html"},"modified":"2022-06-01T19:46:05","modified_gmt":"2022-06-01T17:46:05","slug":"duopack-lampe-berger-caresse-de-coton-the-blanc-purete-caress-of-cotton-hibiscus-love","status":"publish","type":"product","link":"https:\/\/www.fabioferro.eu\/de\/duopack-lampe-berger-caresse-de-coton-the-blanc-purete-caress-of-cotton-hibiscus-love.html","title":{"rendered":"Duopack Lampe Berger Caresse de Coton\/Th\u00e9 Blanc Puret\u00e9 &#8211; Caress of Cotton\/Hibiscus Love"},"content":{"rendered":"<p>Die 2er-Packung Gla\u00e7on 250 ml besteht aus dem Parf\u00fcm Caresse de Coton mit seinem frischen, flaumigen Duft nach Orangenbl\u00fcten.<\/p>\n<p>Der zweite Duft von Th\u00e9 Blanc Puret\u00e9 mit seinen w\u00fcrzigen Noten von Bergamotte, der Eleganz von wei\u00dfem Tee aus Yunnan und dem aphrodisierenden Duft von wei\u00dfem Moschus entf\u00fchrt Sie in eine unber\u00fchrte Duftwelt.<\/p>\n<p>Dieser 2er-Pack mit 250 ml Icicle-Lampennachf\u00fcllungen reinigt die Luft von allen unerw\u00fcnschten Ger\u00fcchen und sorgt zudem f\u00fcr einen lang anhaltenden Duft.<\/p>\n<p>Mit seinen 80 Stunden Duft, sorgen f\u00fcr eine \u00fcppige Atmosph\u00e4re in allen Umst\u00e4nden.<\/p>\n","protected":false},"excerpt":{"rendered":"<p>Duopack Lampe Berger Caresse de Coton\/Th\u00e9 Blanc Puret\u00e9 &#8211; Caress of Cotton\/Hibiscus Love<\/p>\n","protected":false},"featured_media":119954,"comment_status":"open","ping_status":"closed","template":"","meta":[],"product_brand":[167],"product_cat":[6450],"product_tag":[],"class_list":{"0":"post-119942","1":"product","2":"type-product","3":"status-publish","4":"has-post-thumbnail","6":"product_brand-lampe-berger","7":"product_cat-parfums-und-nachfullungen-lampe-berger","9":"first","10":"outofstock","11":"taxable","12":"shipping-taxable","13":"purchasable","14":"product-type-simple"},"exclude_global_add_ons":[],"addons":[],"df_price":15,"df_sale_price":"","df_regular_price":15,"df_image_link":"https:\/\/cdn02.fabioferro.eu\/wp-content\/uploads\/virtuemart\/product\/duopack_lampe_berger_fabioferro__1580578427_206.jpg","_links":{"self":[{"href":"https:\/\/www.fabioferro.eu\/de\/wp-json\/wp\/v2\/product\/119942","targetHints":{"allow":["GET"]}}],"collection":[{"href":"https:\/\/www.fabioferro.eu\/de\/wp-json\/wp\/v2\/product"}],"about":[{"href":"https:\/\/www.fabioferro.eu\/de\/wp-json\/wp\/v2\/types\/product"}],"replies":[{"embeddable":true,"href":"https:\/\/www.fabioferro.eu\/de\/wp-json\/wp\/v2\/comments?post=119942"}],"version-history":[{"count":0,"href":"https:\/\/www.fabioferro.eu\/de\/wp-json\/wp\/v2\/product\/119942\/revisions"}],"wp:featuredmedia":[{"embeddable":true,"href":"https:\/\/www.fabioferro.eu\/de\/wp-json\/wp\/v2\/media\/119954"}],"wp:attachment":[{"href":"https:\/\/www.fabioferro.eu\/de\/wp-json\/wp\/v2\/media?parent=119942"}],"wp:term":[{"taxonomy":"product_brand","embeddable":true,"href":"https:\/\/www.fabioferro.eu\/de\/wp-json\/wp\/v2\/product_brand?post=119942"},{"taxonomy":"product_cat","embeddable":true,"href":"https:\/\/www.fabioferro.eu\/de\/wp-json\/wp\/v2\/product_cat?post=119942"},{"taxonomy":"product_tag","embeddable":true,"href":"https:\/\/www.fabioferro.eu\/de\/wp-json\/wp\/v2\/product_tag?post=119942"}],"curies":[{"name":"wp","href":"https:\/\/api.w.org\/{rel}","templated":true}]}}