{"id":119946,"date":"2022-06-01T19:46:58","date_gmt":"2022-06-01T17:46:58","guid":{"rendered":"https:\/\/www.fabioferro.eu\/giovanni-raspini-rio-sodalith-armband.html"},"modified":"2025-06-03T08:34:16","modified_gmt":"2025-06-03T06:34:16","slug":"giovanni-raspini-rio-sodalith-armband","status":"publish","type":"product","link":"https:\/\/www.fabioferro.eu\/de\/giovanni-raspini-rio-sodalith-armband.html","title":{"rendered":"Giovanni Raspini Rio Sodalith-Armband"},"content":{"rendered":"<p>Rio-Armband aus Sterlingsilber und Sodalith. Vollst\u00e4ndig handgefertigt, made in Italy. 9 g. Verstellbare L\u00e4nge mit den Ringen am Ende des Armbands. Verschluss mit Karabinerhaken mit Giovanni Raspini-Logo und Gl\u00fccksbringer. Armband wird mit Box und offizieller Giovanni Raspini-Garantie verkauft.<\/p>\n","protected":false},"excerpt":{"rendered":"<p>Giovanni Raspini Rio Sodalith und 925 Silber Armband<\/p>\n","protected":false},"featured_media":119955,"comment_status":"open","ping_status":"closed","template":"","meta":[],"product_brand":[],"product_cat":[7569],"product_tag":[],"class_list":{"0":"post-119946","1":"product","2":"type-product","3":"status-publish","4":"has-post-thumbnail","6":"product_cat-armbander-giovanni-raspini","8":"first","9":"instock","10":"sale","11":"taxable","12":"shipping-taxable","13":"purchasable","14":"product-type-variable","15":"has-default-attributes"},"exclude_global_add_ons":[],"addons":[],"df_price":139.5,"df_sale_price":"","df_regular_price":139.5,"df_image_link":"https:\/\/cdn02.fabioferro.eu\/wp-content\/uploads\/virtuemart\/product\/10841_raspini_collezione_rio__1582648571_237.jpg","_links":{"self":[{"href":"https:\/\/www.fabioferro.eu\/de\/wp-json\/wp\/v2\/product\/119946","targetHints":{"allow":["GET"]}}],"collection":[{"href":"https:\/\/www.fabioferro.eu\/de\/wp-json\/wp\/v2\/product"}],"about":[{"href":"https:\/\/www.fabioferro.eu\/de\/wp-json\/wp\/v2\/types\/product"}],"replies":[{"embeddable":true,"href":"https:\/\/www.fabioferro.eu\/de\/wp-json\/wp\/v2\/comments?post=119946"}],"version-history":[{"count":0,"href":"https:\/\/www.fabioferro.eu\/de\/wp-json\/wp\/v2\/product\/119946\/revisions"}],"wp:featuredmedia":[{"embeddable":true,"href":"https:\/\/www.fabioferro.eu\/de\/wp-json\/wp\/v2\/media\/119955"}],"wp:attachment":[{"href":"https:\/\/www.fabioferro.eu\/de\/wp-json\/wp\/v2\/media?parent=119946"}],"wp:term":[{"taxonomy":"product_brand","embeddable":true,"href":"https:\/\/www.fabioferro.eu\/de\/wp-json\/wp\/v2\/product_brand?post=119946"},{"taxonomy":"product_cat","embeddable":true,"href":"https:\/\/www.fabioferro.eu\/de\/wp-json\/wp\/v2\/product_cat?post=119946"},{"taxonomy":"product_tag","embeddable":true,"href":"https:\/\/www.fabioferro.eu\/de\/wp-json\/wp\/v2\/product_tag?post=119946"}],"curies":[{"name":"wp","href":"https:\/\/api.w.org\/{rel}","templated":true}]}}