{"id":119947,"date":"2022-06-01T19:48:32","date_gmt":"2022-06-01T17:48:32","guid":{"rendered":"https:\/\/www.fabioferro.eu\/fabio-ferro-topas-london-kleines-herz-im-rosengold-schliff-halskette.html"},"modified":"2024-09-18T17:14:21","modified_gmt":"2024-09-18T15:14:21","slug":"fabio-ferro-topas-london-kleines-herz-im-rosengold-schliff-halskette","status":"publish","type":"product","link":"https:\/\/www.fabioferro.eu\/de\/fabio-ferro-topas-london-kleines-herz-im-rosengold-schliff-halskette.html","title":{"rendered":"Fabio Ferro Topas London Kleines Herz im Rosengold-Schliff Halskette"},"content":{"rendered":"<p>Fabio Ferro Halskette aus Ros\u00e9gold, handgefertigt in unserer Goldschmiedewerkstatt, besetzt mit einem herzf\u00f6rmig geschliffenen Londoner Blautopas. Ein Diamant im Brillantschliff ist ebenfalls entlang der Halskette gefasst. Dieses Schmuckst\u00fcck aus Ros\u00e9gold mit einem Gewicht von 4,30 g besteht aus einer schmalen, 42 cm langen Rolokette, in deren Mitte ein herzf\u00f6rmig geschliffener &#8216;London&#8217;-Topas mit einem Gewicht von 2,71 Karat sitzt, der 8,30 x 8,70 mm gro\u00df und mit 4 polierten, abgerundeten Krallen besetzt ist. Das Rol\u00f2-Collier endet mit einem Sicherheitsverschluss als klassischem Verschluss. Auf der rechten Seite, 2 Zentimeter vom Topas London entfernt, befindet sich ein Diamant im Brillantschliff von 0,04 Karat, der sich durch seine Farbe F und seine Reinheit VS2 auszeichnet und mit einem polierten Schliff gefasst ist, der dem Collier eine gewisse Abgehobenheit und Besonderheit verleiht. Das Schmuckst\u00fcck wird von einer eleganten, individuell gestalteten Fabio Ferro i Gioielli-Schatulle mit einem Garantie- und Echtheitszertifikat der Steine begleitet.  <img decoding=\"async\" class=\"alignnone size-full wp-image-68675\" src=\"https:\/\/cdn02.fabioferro.eu\/wp-content\/uploads\/IGI-4cs-chart-IT-scaled.jpg\" alt=\"\" width=\"1864\" height=\"2560\" title=\"\" srcset=\"https:\/\/cdn02.fabioferro.eu\/wp-content\/uploads\/IGI-4cs-chart-IT-scaled.jpg 1864w, https:\/\/cdn02.fabioferro.eu\/wp-content\/uploads\/IGI-4cs-chart-IT-768x1055.jpg 768w, https:\/\/cdn02.fabioferro.eu\/wp-content\/uploads\/IGI-4cs-chart-IT-1119x1536.jpg 1119w, https:\/\/cdn02.fabioferro.eu\/wp-content\/uploads\/IGI-4cs-chart-IT-1491x2048.jpg 1491w, https:\/\/cdn02.fabioferro.eu\/wp-content\/uploads\/IGI-4cs-chart-IT-990x1359.jpg 990w, https:\/\/cdn02.fabioferro.eu\/wp-content\/uploads\/IGI-4cs-chart-IT-441x606.jpg 441w, https:\/\/cdn02.fabioferro.eu\/wp-content\/uploads\/IGI-4cs-chart-IT-600x824.jpg 600w, https:\/\/cdn02.fabioferro.eu\/wp-content\/uploads\/IGI-4cs-chart-IT-150x206.jpg 150w\" sizes=\"(max-width: 1864px) 100vw, 1864px\" \/><\/p>\n","protected":false},"excerpt":{"rendered":"<p>Ein s\u00fc\u00dfes Topasherz in einer faszinierenden, dunklen, fast geheimnisvollen Farbe.<\/p>\n","protected":false},"featured_media":125335,"comment_status":"open","ping_status":"closed","template":"","meta":[],"product_brand":[152],"product_cat":[6015],"product_tag":[],"class_list":{"0":"post-119947","1":"product","2":"type-product","3":"status-publish","4":"has-post-thumbnail","6":"product_brand-fabio-ferro-i-gioielli","7":"product_cat-halsketten","9":"first","10":"instock","11":"sale","12":"taxable","13":"shipping-taxable","14":"purchasable","15":"product-type-simple"},"exclude_global_add_ons":[],"addons":[],"df_price":1272,"df_sale_price":1272,"df_regular_price":1590,"df_image_link":"https:\/\/cdn02.fabioferro.eu\/wp-content\/uploads\/collana-fabio-ferro-topazio-london-piccolo-ff1049.jpg","_links":{"self":[{"href":"https:\/\/www.fabioferro.eu\/de\/wp-json\/wp\/v2\/product\/119947","targetHints":{"allow":["GET"]}}],"collection":[{"href":"https:\/\/www.fabioferro.eu\/de\/wp-json\/wp\/v2\/product"}],"about":[{"href":"https:\/\/www.fabioferro.eu\/de\/wp-json\/wp\/v2\/types\/product"}],"replies":[{"embeddable":true,"href":"https:\/\/www.fabioferro.eu\/de\/wp-json\/wp\/v2\/comments?post=119947"}],"version-history":[{"count":0,"href":"https:\/\/www.fabioferro.eu\/de\/wp-json\/wp\/v2\/product\/119947\/revisions"}],"wp:featuredmedia":[{"embeddable":true,"href":"https:\/\/www.fabioferro.eu\/de\/wp-json\/wp\/v2\/media\/125335"}],"wp:attachment":[{"href":"https:\/\/www.fabioferro.eu\/de\/wp-json\/wp\/v2\/media?parent=119947"}],"wp:term":[{"taxonomy":"product_brand","embeddable":true,"href":"https:\/\/www.fabioferro.eu\/de\/wp-json\/wp\/v2\/product_brand?post=119947"},{"taxonomy":"product_cat","embeddable":true,"href":"https:\/\/www.fabioferro.eu\/de\/wp-json\/wp\/v2\/product_cat?post=119947"},{"taxonomy":"product_tag","embeddable":true,"href":"https:\/\/www.fabioferro.eu\/de\/wp-json\/wp\/v2\/product_tag?post=119947"}],"curies":[{"name":"wp","href":"https:\/\/api.w.org\/{rel}","templated":true}]}}