{"id":119998,"date":"2022-06-01T19:46:03","date_gmt":"2022-06-01T17:46:03","guid":{"rendered":"https:\/\/www.fabioferro.eu\/lampe-berger-glacon-pink-amber-250-ml-hibiskus-duftset.html"},"modified":"2025-12-22T16:54:54","modified_gmt":"2025-12-22T15:54:54","slug":"lampe-berger-glacon-pink-amber-250-ml-hibiskus-duftset","status":"publish","type":"product","link":"https:\/\/www.fabioferro.eu\/de\/lampe-berger-glacon-pink-amber-250-ml-hibiskus-duftset.html","title":{"rendered":"Lampe Berger Glacon Pink Amber + 250 ml Hibiskus Duftset"},"content":{"rendered":"<p>Das Set Lampe Berger in Rosa f\u00e4llt durch seine abgerundeten Ecken auf, die sofort an einen Eisw\u00fcrfel denken lassen.<\/p>\n<p>Der silberne Rahmen, majest\u00e4tisch und schick, sorgt f\u00fcr gl\u00e4nzende Momente.<\/p>\n<p>In Kombination mit dem blumigen Duft 250 ml Impressive Hibiscus verstr\u00f6mt die Lampe eine fr\u00f6hliche und s\u00fc\u00dfe Atmosph\u00e4re.<\/p>\n<p>Konzipiert, entworfen und hergestellt in Frankreich von Maison Berger.<\/p>\n<p>Sie ist 13,00 cm hoch und besteht nur aus Glas.<\/p>\n<p>Enth\u00e4lt bis zu 225 ml. Er wird mit einer speziellen Box verkauft, die den Brenner enth\u00e4lt.<\/p>\n","protected":false},"excerpt":{"rendered":"<p>Lampe Berger Glacon Pink Amber + 250 ml Hibiskus Duftset<\/p>\n","protected":false},"featured_media":120004,"comment_status":"open","ping_status":"closed","template":"","meta":[],"product_brand":[167],"product_cat":[6211],"product_tag":[],"class_list":{"0":"post-119998","1":"product","2":"type-product","3":"status-publish","4":"has-post-thumbnail","6":"product_brand-lampe-berger","7":"product_cat-lampen-lampe-berger","9":"first","10":"outofstock","11":"taxable","12":"shipping-taxable","13":"purchasable","14":"product-type-simple"},"exclude_global_add_ons":[],"addons":[],"df_price":38,"df_sale_price":"","df_regular_price":38,"df_image_link":"https:\/\/cdn02.fabioferro.eu\/wp-content\/uploads\/virtuemart\/product\/4712_pack_lampe_ambra_fabioferro__1580575963_578.jpg","_links":{"self":[{"href":"https:\/\/www.fabioferro.eu\/de\/wp-json\/wp\/v2\/product\/119998","targetHints":{"allow":["GET"]}}],"collection":[{"href":"https:\/\/www.fabioferro.eu\/de\/wp-json\/wp\/v2\/product"}],"about":[{"href":"https:\/\/www.fabioferro.eu\/de\/wp-json\/wp\/v2\/types\/product"}],"replies":[{"embeddable":true,"href":"https:\/\/www.fabioferro.eu\/de\/wp-json\/wp\/v2\/comments?post=119998"}],"version-history":[{"count":0,"href":"https:\/\/www.fabioferro.eu\/de\/wp-json\/wp\/v2\/product\/119998\/revisions"}],"wp:featuredmedia":[{"embeddable":true,"href":"https:\/\/www.fabioferro.eu\/de\/wp-json\/wp\/v2\/media\/120004"}],"wp:attachment":[{"href":"https:\/\/www.fabioferro.eu\/de\/wp-json\/wp\/v2\/media?parent=119998"}],"wp:term":[{"taxonomy":"product_brand","embeddable":true,"href":"https:\/\/www.fabioferro.eu\/de\/wp-json\/wp\/v2\/product_brand?post=119998"},{"taxonomy":"product_cat","embeddable":true,"href":"https:\/\/www.fabioferro.eu\/de\/wp-json\/wp\/v2\/product_cat?post=119998"},{"taxonomy":"product_tag","embeddable":true,"href":"https:\/\/www.fabioferro.eu\/de\/wp-json\/wp\/v2\/product_tag?post=119998"}],"curies":[{"name":"wp","href":"https:\/\/api.w.org\/{rel}","templated":true}]}}