{"id":120011,"date":"2022-06-01T19:44:10","date_gmt":"2022-06-01T17:44:10","guid":{"rendered":"https:\/\/www.fabioferro.eu\/armband-giovanni-raspini-bond-onyx-klein.html"},"modified":"2024-10-30T09:56:16","modified_gmt":"2024-10-30T08:56:16","slug":"armband-giovanni-raspini-bond-onyx-klein","status":"publish","type":"product","link":"https:\/\/www.fabioferro.eu\/de\/armband-giovanni-raspini-bond-onyx-klein.html","title":{"rendered":"Armband Giovanni Raspini Bond Onyx Klein"},"content":{"rendered":"<p>Armband Giovanni Raspini Bond Onyx Small in Sterling Silber 925\/1000 Erstellt mit Ringen und geh\u00e4mmerten Eins\u00e4tzen in Silber, Onyx und kleinen Ringen, um die L\u00e4nge von 18 bis 20 cm einzustellen L\u00e4nge cm 20 f\u00fcr Gr\u00f6\u00dfe M und cm 22 f\u00fcr Gr\u00f6\u00dfe L. Gesamtgewicht 21 gr. Handgefertigt, Made in Italy. Neues Produkt mit Box und Giovanni Raspini Garantie verkauft.<\/p>\n<p>&nbsp;<\/p>\n","protected":false},"excerpt":{"rendered":"<p>Die K\u00f6rnung des schwarzen Steins ist einzigartig und unnachahmlich in der Welt.<\/p>\n","protected":false},"featured_media":120019,"comment_status":"open","ping_status":"closed","template":"","meta":[],"product_brand":[155],"product_cat":[7597],"product_tag":[],"class_list":{"0":"post-120011","1":"product","2":"type-product","3":"status-publish","4":"has-post-thumbnail","6":"product_brand-raspini","7":"product_cat-armbander-giovanni-raspini-manner","9":"first","10":"instock","11":"sale","12":"taxable","13":"shipping-taxable","14":"purchasable","15":"product-type-variable","16":"has-default-attributes"},"exclude_global_add_ons":[],"addons":[],"df_price":220.5,"df_sale_price":"","df_regular_price":220.5,"df_image_link":"https:\/\/cdn02.fabioferro.eu\/wp-content\/uploads\/virtuemart\/product\/bracciale-giovanni-raspini-bond-onice-piccolo-10696.jpg","_links":{"self":[{"href":"https:\/\/www.fabioferro.eu\/de\/wp-json\/wp\/v2\/product\/120011","targetHints":{"allow":["GET"]}}],"collection":[{"href":"https:\/\/www.fabioferro.eu\/de\/wp-json\/wp\/v2\/product"}],"about":[{"href":"https:\/\/www.fabioferro.eu\/de\/wp-json\/wp\/v2\/types\/product"}],"replies":[{"embeddable":true,"href":"https:\/\/www.fabioferro.eu\/de\/wp-json\/wp\/v2\/comments?post=120011"}],"version-history":[{"count":0,"href":"https:\/\/www.fabioferro.eu\/de\/wp-json\/wp\/v2\/product\/120011\/revisions"}],"wp:featuredmedia":[{"embeddable":true,"href":"https:\/\/www.fabioferro.eu\/de\/wp-json\/wp\/v2\/media\/120019"}],"wp:attachment":[{"href":"https:\/\/www.fabioferro.eu\/de\/wp-json\/wp\/v2\/media?parent=120011"}],"wp:term":[{"taxonomy":"product_brand","embeddable":true,"href":"https:\/\/www.fabioferro.eu\/de\/wp-json\/wp\/v2\/product_brand?post=120011"},{"taxonomy":"product_cat","embeddable":true,"href":"https:\/\/www.fabioferro.eu\/de\/wp-json\/wp\/v2\/product_cat?post=120011"},{"taxonomy":"product_tag","embeddable":true,"href":"https:\/\/www.fabioferro.eu\/de\/wp-json\/wp\/v2\/product_tag?post=120011"}],"curies":[{"name":"wp","href":"https:\/\/api.w.org\/{rel}","templated":true}]}}