{"id":120032,"date":"2022-06-01T19:46:01","date_gmt":"2022-06-01T17:46:01","guid":{"rendered":"https:\/\/www.fabioferro.eu\/lampe-berger-glacon-grigio-250ml-aromatischer-weisser-tee-set.html"},"modified":"2022-06-01T19:46:01","modified_gmt":"2022-06-01T17:46:01","slug":"lampe-berger-glacon-grigio-250ml-aromatischer-weisser-tee-set","status":"publish","type":"product","link":"https:\/\/www.fabioferro.eu\/de\/lampe-berger-glacon-grigio-250ml-aromatischer-weisser-tee-set.html","title":{"rendered":"Lampe Berger Glacon Grigio + 250ml Aromatischer Wei\u00dfer Tee Set"},"content":{"rendered":"<p>Der Klassiker unter den Berger-Lampen wurde durch seine neue kubische Form mit abgerundeten Kanten, die Modernit\u00e4t und Sanftheit verbinden, neu gestaltet.<\/p>\n<p>Die Lampe Berger Gla\u00e7on in Grau erm\u00f6glicht es Ihnen, Ihr Zuhause auf originelle Weise zu dekorieren. Die anthrazitgraue Farbe verleiht ihm einen rohen, industriellen Charakter.<\/p>\n<p>In Kombination mit dem Duft des 250 ml gro\u00dfen wei\u00dfen Tees entsteht eine reine und moderne Atmosph\u00e4re in Ihrem Zuhause.<\/p>\n<p>Konzipiert, entworfen und hergestellt in Frankreich von Maison Berger.<\/p>\n<p>Sie ist 13,00 cm hoch und besteht nur aus Glas.<\/p>\n<p>Enth\u00e4lt bis zu 225 ml. Er wird mit einer speziellen Box verkauft, die den Brenner enth\u00e4lt.<\/p>\n","protected":false},"excerpt":{"rendered":"<p>Lampe Berger Glacon Grigio + 250ml Aromatischer Wei\u00dfer Tee Set<\/p>\n","protected":false},"featured_media":120050,"comment_status":"open","ping_status":"closed","template":"","meta":[],"product_brand":[167],"product_cat":[6211],"product_tag":[7442],"class_list":{"0":"post-120032","1":"product","2":"type-product","3":"status-publish","4":"has-post-thumbnail","6":"product_brand-lampe-berger","7":"product_cat-lampen-lampe-berger","8":"product_tag-verfugbar","10":"first","11":"outofstock","12":"taxable","13":"shipping-taxable","14":"purchasable","15":"product-type-simple"},"exclude_global_add_ons":[],"addons":[],"df_price":38,"df_sale_price":"","df_regular_price":38,"df_image_link":"https:\/\/cdn02.fabioferro.eu\/wp-content\/uploads\/virtuemart\/product\/4711_pack_lampe_grigio_fabioferro__1580575485_799.jpg","_links":{"self":[{"href":"https:\/\/www.fabioferro.eu\/de\/wp-json\/wp\/v2\/product\/120032","targetHints":{"allow":["GET"]}}],"collection":[{"href":"https:\/\/www.fabioferro.eu\/de\/wp-json\/wp\/v2\/product"}],"about":[{"href":"https:\/\/www.fabioferro.eu\/de\/wp-json\/wp\/v2\/types\/product"}],"replies":[{"embeddable":true,"href":"https:\/\/www.fabioferro.eu\/de\/wp-json\/wp\/v2\/comments?post=120032"}],"version-history":[{"count":0,"href":"https:\/\/www.fabioferro.eu\/de\/wp-json\/wp\/v2\/product\/120032\/revisions"}],"wp:featuredmedia":[{"embeddable":true,"href":"https:\/\/www.fabioferro.eu\/de\/wp-json\/wp\/v2\/media\/120050"}],"wp:attachment":[{"href":"https:\/\/www.fabioferro.eu\/de\/wp-json\/wp\/v2\/media?parent=120032"}],"wp:term":[{"taxonomy":"product_brand","embeddable":true,"href":"https:\/\/www.fabioferro.eu\/de\/wp-json\/wp\/v2\/product_brand?post=120032"},{"taxonomy":"product_cat","embeddable":true,"href":"https:\/\/www.fabioferro.eu\/de\/wp-json\/wp\/v2\/product_cat?post=120032"},{"taxonomy":"product_tag","embeddable":true,"href":"https:\/\/www.fabioferro.eu\/de\/wp-json\/wp\/v2\/product_tag?post=120032"}],"curies":[{"name":"wp","href":"https:\/\/api.w.org\/{rel}","templated":true}]}}