{"id":120082,"date":"2022-06-01T19:43:28","date_gmt":"2022-06-01T17:43:28","guid":{"rendered":"https:\/\/www.fabioferro.eu\/suesswasserperlen-weiss-7-75-mm-fabio-ferro-zuchtperlen-halskette-2.html"},"modified":"2024-09-18T17:26:09","modified_gmt":"2024-09-18T15:26:09","slug":"suesswasserperlen-weiss-7-75-mm-fabio-ferro-zuchtperlen-halskette-2","status":"publish","type":"product","link":"https:\/\/www.fabioferro.eu\/de\/suesswasserperlen-weiss-7-75-mm-fabio-ferro-zuchtperlen-halskette-2.html","title":{"rendered":"S\u00fc\u00dfwasserperlen wei\u00df 7-7,5 mm Fabio Ferro Zuchtperlen Halskette"},"content":{"rendered":"<p>Fabio Ferro Halskette aus wei\u00dfen S\u00fc\u00dfwasser-Zuchtperlen (S\u00fc\u00dfwasser) von hervorragender Qualit\u00e4t, die einzeln von Hand mit Knoten befestigt werden, um sie zu sichern. Die Perlen sind wei\u00df und haben einen Durchmesser von 7-7,5 mm. Die Gesamtl\u00e4nge des Colliers einschlie\u00dflich des herzf\u00f6rmigen Verschlusses betr\u00e4gt 48,00 cm. Das Besondere an der Halskette ist der elegante herzf\u00f6rmige Verschluss aus 925er Sterlingsilber, der, wenn er nach vorne gelegt wird, als Anh\u00e4nger fungieren kann. Die Farbe der Perlen kann leicht von der Abbildung abweichen, da es sich um nat\u00fcrliche Perlen handelt und eine Perle von der anderen verschieden ist. Die Halskette wird in einer eleganten Geschenkbox mit der entsprechenden Fabio Ferro I Gioielli-Garantie und einem Qualit\u00e4tszertifikat geliefert.<\/p>\n","protected":false},"excerpt":{"rendered":"<p>Wei\u00dfe S\u00fc\u00dfwasser-Zuchtperlenkette 7-7,5 mm.<\/p>\n","protected":false},"featured_media":120089,"comment_status":"open","ping_status":"closed","template":"","meta":[],"product_brand":[152],"product_cat":[6301],"product_tag":[],"class_list":{"0":"post-120082","1":"product","2":"type-product","3":"status-publish","4":"has-post-thumbnail","6":"product_brand-fabio-ferro-i-gioielli","7":"product_cat-perlenketten","9":"first","10":"instock","11":"sale","12":"taxable","13":"shipping-taxable","14":"purchasable","15":"product-type-simple"},"exclude_global_add_ons":[],"addons":[],"df_price":556,"df_sale_price":556,"df_regular_price":695,"df_image_link":"https:\/\/cdn02.fabioferro.eu\/wp-content\/uploads\/collana-di-perle-fabio-ferro-cuore-acqua-dolce-ff1035.jpg","_links":{"self":[{"href":"https:\/\/www.fabioferro.eu\/de\/wp-json\/wp\/v2\/product\/120082","targetHints":{"allow":["GET"]}}],"collection":[{"href":"https:\/\/www.fabioferro.eu\/de\/wp-json\/wp\/v2\/product"}],"about":[{"href":"https:\/\/www.fabioferro.eu\/de\/wp-json\/wp\/v2\/types\/product"}],"replies":[{"embeddable":true,"href":"https:\/\/www.fabioferro.eu\/de\/wp-json\/wp\/v2\/comments?post=120082"}],"version-history":[{"count":0,"href":"https:\/\/www.fabioferro.eu\/de\/wp-json\/wp\/v2\/product\/120082\/revisions"}],"wp:featuredmedia":[{"embeddable":true,"href":"https:\/\/www.fabioferro.eu\/de\/wp-json\/wp\/v2\/media\/120089"}],"wp:attachment":[{"href":"https:\/\/www.fabioferro.eu\/de\/wp-json\/wp\/v2\/media?parent=120082"}],"wp:term":[{"taxonomy":"product_brand","embeddable":true,"href":"https:\/\/www.fabioferro.eu\/de\/wp-json\/wp\/v2\/product_brand?post=120082"},{"taxonomy":"product_cat","embeddable":true,"href":"https:\/\/www.fabioferro.eu\/de\/wp-json\/wp\/v2\/product_cat?post=120082"},{"taxonomy":"product_tag","embeddable":true,"href":"https:\/\/www.fabioferro.eu\/de\/wp-json\/wp\/v2\/product_tag?post=120082"}],"curies":[{"name":"wp","href":"https:\/\/api.w.org\/{rel}","templated":true}]}}