{"id":120121,"date":"2022-06-01T19:42:00","date_gmt":"2022-06-01T17:42:00","guid":{"rendered":"https:\/\/www.fabioferro.eu\/giovanni-raspini-bond-lapis-armband-klein.html"},"modified":"2025-06-06T15:58:57","modified_gmt":"2025-06-06T13:58:57","slug":"giovanni-raspini-bond-lapis-armband-klein","status":"publish","type":"product","link":"https:\/\/www.fabioferro.eu\/de\/giovanni-raspini-bond-lapis-armband-klein.html","title":{"rendered":"Giovanni Raspini Bond Lapis-Armband klein"},"content":{"rendered":"<p>Herrenarmband Giovanni Raspini Bond Kollektion in 925\/1000 Silber<\/p>\n<p>Hergestellt in Italien. Handgefertigt mit Eins\u00e4tzen aus Silber und Lapislazuli. Gesamtgewicht von 21 g.<\/p>\n<p>Die maximale L\u00e4nge des Armbands betr\u00e4gt 20 cm f\u00fcr das Modell M und 22 cm f\u00fcr das Modell L.<\/p>\n<p>In der Schlie\u00dfe befindet sich der klassische Gl\u00fcckspfeffer von Raspini sowie Ringe zum Einstellen der L\u00e4nge.<\/p>\n<p>Neuer Artikel mit Box und offizieller Giovanni Raspini Garantie.<\/p>\n","protected":false},"excerpt":{"rendered":"<p>Giovanni Raspini Bond Lapis Armband Kleiner Mann in 925 Silber<\/p>\n","protected":false},"featured_media":120127,"comment_status":"open","ping_status":"closed","template":"","meta":[],"product_brand":[155],"product_cat":[7597],"product_tag":[],"class_list":{"0":"post-120121","1":"product","2":"type-product","3":"status-publish","4":"has-post-thumbnail","6":"product_brand-raspini","7":"product_cat-armbander-giovanni-raspini-manner","9":"first","10":"instock","11":"sale","12":"taxable","13":"shipping-taxable","14":"purchasable","15":"product-type-variable","16":"has-default-attributes"},"exclude_global_add_ons":[],"addons":[],"df_price":220.5,"df_sale_price":"","df_regular_price":220.5,"df_image_link":"https:\/\/cdn02.fabioferro.eu\/wp-content\/uploads\/virtuemart\/product\/bracciale-giovanni-raspini-bond-lapislazzuli-10695.jpg","_links":{"self":[{"href":"https:\/\/www.fabioferro.eu\/de\/wp-json\/wp\/v2\/product\/120121","targetHints":{"allow":["GET"]}}],"collection":[{"href":"https:\/\/www.fabioferro.eu\/de\/wp-json\/wp\/v2\/product"}],"about":[{"href":"https:\/\/www.fabioferro.eu\/de\/wp-json\/wp\/v2\/types\/product"}],"replies":[{"embeddable":true,"href":"https:\/\/www.fabioferro.eu\/de\/wp-json\/wp\/v2\/comments?post=120121"}],"version-history":[{"count":0,"href":"https:\/\/www.fabioferro.eu\/de\/wp-json\/wp\/v2\/product\/120121\/revisions"}],"wp:featuredmedia":[{"embeddable":true,"href":"https:\/\/www.fabioferro.eu\/de\/wp-json\/wp\/v2\/media\/120127"}],"wp:attachment":[{"href":"https:\/\/www.fabioferro.eu\/de\/wp-json\/wp\/v2\/media?parent=120121"}],"wp:term":[{"taxonomy":"product_brand","embeddable":true,"href":"https:\/\/www.fabioferro.eu\/de\/wp-json\/wp\/v2\/product_brand?post=120121"},{"taxonomy":"product_cat","embeddable":true,"href":"https:\/\/www.fabioferro.eu\/de\/wp-json\/wp\/v2\/product_cat?post=120121"},{"taxonomy":"product_tag","embeddable":true,"href":"https:\/\/www.fabioferro.eu\/de\/wp-json\/wp\/v2\/product_tag?post=120121"}],"curies":[{"name":"wp","href":"https:\/\/api.w.org\/{rel}","templated":true}]}}