{"id":120132,"date":"2022-06-01T19:41:57","date_gmt":"2022-06-01T17:41:57","guid":{"rendered":"https:\/\/www.fabioferro.eu\/giovanni-raspini-damen-ohrringe-mit-krokodil.html"},"modified":"2025-11-17T09:02:35","modified_gmt":"2025-11-17T08:02:35","slug":"giovanni-raspini-damen-ohrringe-mit-krokodil","status":"publish","type":"product","link":"https:\/\/www.fabioferro.eu\/de\/giovanni-raspini-damen-ohrringe-mit-krokodil.html","title":{"rendered":"Giovanni Raspini Damen Ohrringe mit Krokodil"},"content":{"rendered":"<p>Ohrringe Giovanni Raspini Krokodil Kollektion in 925\/1000 Silber.<\/p>\n<p>Handgefertigter Schmuck Made in Italy. Gewicht gr. 5.00. Arbeit mit Krokodilschuppen.<\/p>\n<p>Ohrringtyp f\u00fcr durchstochene Ohren, knopff\u00f6rmig. Modell mit Stecknadel und Schmetterlingsverschluss auf der R\u00fcckseite.<\/p>\n<p>Der Ohrring hat einen Durchmesser von 16 mm. mit einer Dicke von 9,00 mm.<\/p>\n<p>Neues Schmuckst\u00fcck mit Box und offizieller Giovanni Raspini Garantie.<\/p>\n","protected":false},"excerpt":{"rendered":"<p>Giovanni Raspini Damen Ohrringe Krokodil Kollektion in 925 Silber<\/p>\n","protected":false},"featured_media":120136,"comment_status":"open","ping_status":"closed","template":"","meta":[],"product_brand":[155],"product_cat":[7570],"product_tag":[],"class_list":{"0":"post-120132","1":"product","2":"type-product","3":"status-publish","4":"has-post-thumbnail","6":"product_brand-raspini","7":"product_cat-giovanni-raspini-ohrringe","9":"first","10":"instock","11":"sale","12":"taxable","13":"shipping-taxable","14":"purchasable","15":"product-type-simple"},"exclude_global_add_ons":[],"addons":[],"df_price":144,"df_sale_price":144,"df_regular_price":160,"df_image_link":"https:\/\/cdn02.fabioferro.eu\/wp-content\/uploads\/virtuemart\/product\/10663__1572075283_63.jpg","_links":{"self":[{"href":"https:\/\/www.fabioferro.eu\/de\/wp-json\/wp\/v2\/product\/120132","targetHints":{"allow":["GET"]}}],"collection":[{"href":"https:\/\/www.fabioferro.eu\/de\/wp-json\/wp\/v2\/product"}],"about":[{"href":"https:\/\/www.fabioferro.eu\/de\/wp-json\/wp\/v2\/types\/product"}],"replies":[{"embeddable":true,"href":"https:\/\/www.fabioferro.eu\/de\/wp-json\/wp\/v2\/comments?post=120132"}],"version-history":[{"count":0,"href":"https:\/\/www.fabioferro.eu\/de\/wp-json\/wp\/v2\/product\/120132\/revisions"}],"wp:featuredmedia":[{"embeddable":true,"href":"https:\/\/www.fabioferro.eu\/de\/wp-json\/wp\/v2\/media\/120136"}],"wp:attachment":[{"href":"https:\/\/www.fabioferro.eu\/de\/wp-json\/wp\/v2\/media?parent=120132"}],"wp:term":[{"taxonomy":"product_brand","embeddable":true,"href":"https:\/\/www.fabioferro.eu\/de\/wp-json\/wp\/v2\/product_brand?post=120132"},{"taxonomy":"product_cat","embeddable":true,"href":"https:\/\/www.fabioferro.eu\/de\/wp-json\/wp\/v2\/product_cat?post=120132"},{"taxonomy":"product_tag","embeddable":true,"href":"https:\/\/www.fabioferro.eu\/de\/wp-json\/wp\/v2\/product_tag?post=120132"}],"curies":[{"name":"wp","href":"https:\/\/api.w.org\/{rel}","templated":true}]}}