{"id":120141,"date":"2022-06-01T19:33:51","date_gmt":"2022-06-01T17:33:51","guid":{"rendered":"https:\/\/www.fabioferro.eu\/ti-sento-milano-intreccio-zirkonia-ohrringe.html"},"modified":"2022-06-01T19:33:51","modified_gmt":"2022-06-01T17:33:51","slug":"ti-sento-milano-intreccio-zirkonia-ohrringe","status":"publish","type":"product","link":"https:\/\/www.fabioferro.eu\/de\/ti-sento-milano-intreccio-zirkonia-ohrringe.html","title":{"rendered":"Ti Sento Milano Intreccio Zirkonia-Ohrringe"},"content":{"rendered":"<div class=\"description\">\n<p>Ti Sento Milano Damenohrringe aus rhodiniertem 925\/1000 Silber mit Zirkonen.<\/p>\n<p>Knotenf\u00f6rmiges Modell. Modell mit festem B\u00fcgel und Schmetterlingsverschluss auf der R\u00fcckseite.<\/p>\n<p>Der Ohrring hat eine Gr\u00f6\u00dfe von 8,4&#215;6,8 mm.<\/p>\n<p>Das neue Schmuckst\u00fcck wird von einer eleganten Verpackung und der entsprechenden Ti Sento Milano Garantie begleitet.<\/p>\n<p>&nbsp;<\/p>\n<\/div>\n","protected":false},"excerpt":{"rendered":"<p>Paar Damenohrringe Ti Sento Milano aus 925er Sterlingsilber mit wei\u00dfem Zirkoniumdioxid<\/p>\n","protected":false},"featured_media":120150,"comment_status":"open","ping_status":"closed","template":"","meta":[],"product_brand":[158],"product_cat":[6060],"product_tag":[7551],"class_list":{"0":"post-120141","1":"product","2":"type-product","3":"status-publish","4":"has-post-thumbnail","6":"product_brand-ti-sento-milano","7":"product_cat-ti-sento-milano-ohrringe","8":"product_tag-ausschlusse","10":"first","11":"outofstock","12":"taxable","13":"shipping-taxable","14":"purchasable","15":"product-type-simple"},"exclude_global_add_ons":[],"addons":[],"df_price":65,"df_sale_price":"","df_regular_price":65,"df_image_link":"https:\/\/cdn02.fabioferro.eu\/wp-content\/uploads\/virtuemart\/product\/orecchini-argento-donna-ti-sento-milano-7784ZI.jpg","_links":{"self":[{"href":"https:\/\/www.fabioferro.eu\/de\/wp-json\/wp\/v2\/product\/120141","targetHints":{"allow":["GET"]}}],"collection":[{"href":"https:\/\/www.fabioferro.eu\/de\/wp-json\/wp\/v2\/product"}],"about":[{"href":"https:\/\/www.fabioferro.eu\/de\/wp-json\/wp\/v2\/types\/product"}],"replies":[{"embeddable":true,"href":"https:\/\/www.fabioferro.eu\/de\/wp-json\/wp\/v2\/comments?post=120141"}],"version-history":[{"count":0,"href":"https:\/\/www.fabioferro.eu\/de\/wp-json\/wp\/v2\/product\/120141\/revisions"}],"wp:featuredmedia":[{"embeddable":true,"href":"https:\/\/www.fabioferro.eu\/de\/wp-json\/wp\/v2\/media\/120150"}],"wp:attachment":[{"href":"https:\/\/www.fabioferro.eu\/de\/wp-json\/wp\/v2\/media?parent=120141"}],"wp:term":[{"taxonomy":"product_brand","embeddable":true,"href":"https:\/\/www.fabioferro.eu\/de\/wp-json\/wp\/v2\/product_brand?post=120141"},{"taxonomy":"product_cat","embeddable":true,"href":"https:\/\/www.fabioferro.eu\/de\/wp-json\/wp\/v2\/product_cat?post=120141"},{"taxonomy":"product_tag","embeddable":true,"href":"https:\/\/www.fabioferro.eu\/de\/wp-json\/wp\/v2\/product_tag?post=120141"}],"curies":[{"name":"wp","href":"https:\/\/api.w.org\/{rel}","templated":true}]}}