{"id":120142,"date":"2022-06-01T19:37:37","date_gmt":"2022-06-01T17:37:37","guid":{"rendered":"https:\/\/www.fabioferro.eu\/calvin-klein-minimal-damenuhr-schwarz-pvd-stahl-mm-35-mit-mesh-band-milan.html"},"modified":"2026-03-14T16:50:02","modified_gmt":"2026-03-14T15:50:02","slug":"calvin-klein-minimal-damenuhr-schwarz-pvd-stahl-mm-35-mit-mesh-band-milan","status":"publish","type":"product","link":"https:\/\/www.fabioferro.eu\/de\/calvin-klein-minimal-damenuhr-schwarz-pvd-stahl-mm-35-mit-mesh-band-milan.html","title":{"rendered":"Calvin Klein Minimal Damenuhr schwarz PVD Stahl MM. 35 mit Mesh-Band Milan"},"content":{"rendered":"<p>Calvin Klein Damenuhr der neuen Minimal Kollektion aus schwarzem PVD-Stahl 35,00 mm.<\/p>\n<p>Swiss Made ETA 901.001 analoges Quarzwerk mit Stunden- und Minutenfunktion.<\/p>\n<p>Rundes Geh\u00e4use aus schwarzem PVD-Stahl, Durchmesser 35,00 mm. Wasserdichte Krone mit CK-Logo. Geh\u00e4useboden aus schwarzem PVD-Stahl, druckverschlossen und wasserdicht bis 3 ATM.<\/p>\n<p>Schwarzes Zifferblatt mit Stunden- und Minutenzeiger aus Metall. Besonders charakteristisch ist das eingravierte CK-Logo am unteren Rand des Zifferblatts.<\/p>\n<p>Geh\u00e4rtetes Mineralglas.<\/p>\n<p>Milan-Mesh-Armband aus schwarzem PVD-Stahl. Das Armband ist am Handgelenk verstellbar, da es einen Verschluss hat, durch den man das Armband einfach durchschieben und in der gew\u00fcnschten Gr\u00f6\u00dfe verschlie\u00dfen kann.<\/p>\n<p>Ein spezieller Karton und eine 2-Jahres-Garantie begleiten eine kostenlose Geschenkbox.<\/p>\n<p>&nbsp;<\/p>\n<p>&nbsp;<\/p>\n<p>&nbsp;<\/p>\n","protected":false},"excerpt":{"rendered":"<p>Calvin Klein Damenuhr der Minimal-Kollektion aus 35 mm schwarzem PVD-Stahl mit Milanaisearmband.<\/p>\n","protected":false},"featured_media":120157,"comment_status":"open","ping_status":"closed","template":"","meta":[],"product_brand":[163],"product_cat":[6785,6310],"product_tag":[7442],"class_list":{"0":"post-120142","1":"product","2":"type-product","3":"status-publish","4":"has-post-thumbnail","6":"product_brand-calvin-klein","7":"product_cat-calvin-klein-damenuhren","8":"product_cat-ein-uhren-outlet-nur-fur-sie-ein-paar-stucke-zu-kleinen-preisen","9":"product_tag-verfugbar","11":"first","12":"outofstock","13":"sale","14":"taxable","15":"shipping-taxable","16":"purchasable","17":"product-type-simple"},"exclude_global_add_ons":[],"addons":[],"df_price":139.5,"df_sale_price":139.5,"df_regular_price":279,"df_image_link":"https:\/\/cdn02.fabioferro.eu\/wp-content\/uploads\/virtuemart\/product\/orologio-calvin-klein-donna-minimal-pvd-nero-35mm-K3M5245X.jpg","_links":{"self":[{"href":"https:\/\/www.fabioferro.eu\/de\/wp-json\/wp\/v2\/product\/120142","targetHints":{"allow":["GET"]}}],"collection":[{"href":"https:\/\/www.fabioferro.eu\/de\/wp-json\/wp\/v2\/product"}],"about":[{"href":"https:\/\/www.fabioferro.eu\/de\/wp-json\/wp\/v2\/types\/product"}],"replies":[{"embeddable":true,"href":"https:\/\/www.fabioferro.eu\/de\/wp-json\/wp\/v2\/comments?post=120142"}],"version-history":[{"count":0,"href":"https:\/\/www.fabioferro.eu\/de\/wp-json\/wp\/v2\/product\/120142\/revisions"}],"wp:featuredmedia":[{"embeddable":true,"href":"https:\/\/www.fabioferro.eu\/de\/wp-json\/wp\/v2\/media\/120157"}],"wp:attachment":[{"href":"https:\/\/www.fabioferro.eu\/de\/wp-json\/wp\/v2\/media?parent=120142"}],"wp:term":[{"taxonomy":"product_brand","embeddable":true,"href":"https:\/\/www.fabioferro.eu\/de\/wp-json\/wp\/v2\/product_brand?post=120142"},{"taxonomy":"product_cat","embeddable":true,"href":"https:\/\/www.fabioferro.eu\/de\/wp-json\/wp\/v2\/product_cat?post=120142"},{"taxonomy":"product_tag","embeddable":true,"href":"https:\/\/www.fabioferro.eu\/de\/wp-json\/wp\/v2\/product_tag?post=120142"}],"curies":[{"name":"wp","href":"https:\/\/api.w.org\/{rel}","templated":true}]}}