{"id":120159,"date":"2022-06-01T19:33:22","date_gmt":"2022-06-01T17:33:22","guid":{"rendered":"https:\/\/www.fabioferro.eu\/herrenhalsband-comete-schmuck-aus-925-silber-mit-schwarzen-zirkonen-polar-star-collection.html"},"modified":"2024-09-18T15:32:01","modified_gmt":"2024-09-18T13:32:01","slug":"herrenhalsband-comete-schmuck-aus-925-silber-mit-schwarzen-zirkonen-polar-star-collection","status":"publish","type":"product","link":"https:\/\/www.fabioferro.eu\/de\/herrenhalsband-comete-schmuck-aus-925-silber-mit-schwarzen-zirkonen-polar-star-collection.html","title":{"rendered":"Herrenhalsband Comete Schmuck aus 925 Silber mit schwarzen Zirkonen Polar Star Collection"},"content":{"rendered":"<div class=\"description\">\n<div class=\"description\">\n<div class=\"description\">\n<div class=\"description\">  Der Nordstern, das Juwel, das Sie leitet. Er wird Ihr neuer Gl\u00fccksbringer sein, den Sie jeden Tag tragen&#8230; er ist ein besonderer Stern, der Ihnen wie ein Kompass den Weg zu Ihren Tr\u00e4umen und Zielen weist. Comete Gioielli Herrenhalskette der neuen Kollektion Stella Polare aus gl\u00e4nzendem und satiniertem 925\/1000 Silber mit Ros\u00e9goldauflage und schwarzen Zirkonen. In Italien hergestelltes Produkt. Marinefarbenes Knotenhalsband mit einer Gesamtl\u00e4nge von 50,00 cm. Runder Kompass-Anh\u00e4nger aus satiniertem Silber, Durchmesser 17 mm, Dicke 3 mm, mit poliertem, rosafarbenem Nordstern in der Mitte. Um ihn herum sind schwarze Zirkonia und die 4 Himmelsrichtungen auf einem rosafarbenen polierten Sockel eingraviert. Verschluss mit praktischem Karabinerhaken. Neues Schmuckst\u00fcck mit Box und offizieller Comete Gioielli Garantie.  <\/div>\n<\/div>\n<\/div>\n<\/div>\n","protected":false},"excerpt":{"rendered":"<p>Comete Gioielli Herrenhalskette neue Kollektion Stella Polare inj Silber 925\/1000 mit schwarzen Zirkonen<\/p>\n","protected":false},"featured_media":120167,"comment_status":"open","ping_status":"closed","template":"","meta":[],"product_brand":[157],"product_cat":[6338,6380],"product_tag":[],"class_list":{"0":"post-120159","1":"product","2":"type-product","3":"status-publish","4":"has-post-thumbnail","6":"product_brand-comete","7":"product_cat-comete-herren-halsketten","8":"product_cat-mannerschmuck","10":"first","11":"outofstock","12":"sale","13":"taxable","14":"shipping-taxable","15":"purchasable","16":"product-type-simple"},"exclude_global_add_ons":[],"addons":[],"df_price":199.8,"df_sale_price":199.8,"df_regular_price":222,"df_image_link":"https:\/\/cdn02.fabioferro.eu\/wp-content\/uploads\/virtuemart\/product\/collana-comete-gioielli-uomo-stella-polare-UGL-657.jpg","_links":{"self":[{"href":"https:\/\/www.fabioferro.eu\/de\/wp-json\/wp\/v2\/product\/120159","targetHints":{"allow":["GET"]}}],"collection":[{"href":"https:\/\/www.fabioferro.eu\/de\/wp-json\/wp\/v2\/product"}],"about":[{"href":"https:\/\/www.fabioferro.eu\/de\/wp-json\/wp\/v2\/types\/product"}],"replies":[{"embeddable":true,"href":"https:\/\/www.fabioferro.eu\/de\/wp-json\/wp\/v2\/comments?post=120159"}],"version-history":[{"count":0,"href":"https:\/\/www.fabioferro.eu\/de\/wp-json\/wp\/v2\/product\/120159\/revisions"}],"wp:featuredmedia":[{"embeddable":true,"href":"https:\/\/www.fabioferro.eu\/de\/wp-json\/wp\/v2\/media\/120167"}],"wp:attachment":[{"href":"https:\/\/www.fabioferro.eu\/de\/wp-json\/wp\/v2\/media?parent=120159"}],"wp:term":[{"taxonomy":"product_brand","embeddable":true,"href":"https:\/\/www.fabioferro.eu\/de\/wp-json\/wp\/v2\/product_brand?post=120159"},{"taxonomy":"product_cat","embeddable":true,"href":"https:\/\/www.fabioferro.eu\/de\/wp-json\/wp\/v2\/product_cat?post=120159"},{"taxonomy":"product_tag","embeddable":true,"href":"https:\/\/www.fabioferro.eu\/de\/wp-json\/wp\/v2\/product_tag?post=120159"}],"curies":[{"name":"wp","href":"https:\/\/api.w.org\/{rel}","templated":true}]}}