{"id":120163,"date":"2022-06-01T19:34:55","date_gmt":"2022-06-01T17:34:55","guid":{"rendered":"https:\/\/www.fabioferro.eu\/hamilton-herren-intra-matic-automatik-chrono-mm-40-blaues-zifferblatt-und-braunes-lederarmband.html"},"modified":"2025-06-06T16:13:45","modified_gmt":"2025-06-06T14:13:45","slug":"hamilton-herren-intra-matic-automatik-chrono-mm-40-blaues-zifferblatt-und-braunes-lederarmband","status":"publish","type":"product","link":"https:\/\/www.fabioferro.eu\/de\/hamilton-herren-intra-matic-automatik-chrono-mm-40-blaues-zifferblatt-und-braunes-lederarmband.html","title":{"rendered":"Hamilton Intra-Matic American Classic 40mm H38416541"},"content":{"rendered":"<p>Hamilton Intra-Matic H38416541 Chrono Automatic mit blau\/beigem Zifferblatt.<\/p>\n<p>Mechanisches H-31 Automatikwerk Swiss Made. Das Uhrwerk H-31 ist ein leistungsstarkes Automatik-Chronographenwerk mit einer erh\u00f6hten Gangreserve von 60 Stunden, das den Anforderungen der sportlichsten Modelle gerecht wird. Das H-Motiv auf der Schwungmasse l\u00e4sst keinen Zweifel daran, wer dieses Uhrwerk hergestellt hat.<\/p>\n<p>Sie kombiniert den authentischen Stil der 1960er Jahre mit dem exklusiven Automatikwerk H-31. Ein spezielles Zifferblatt mit &#8220;Panda&#8221;-Effekt zieht alle Blicke auf sich.<\/p>\n<p>Geh\u00e4use aus poliertem Edelstahl, Durchmesser 40,00 mm, Dicke 14,45 mm. Ger\u00e4ndelte Stahlkrone mit Hamilton-Logo, Pump-Chronokn\u00f6pfe aus Stahl. Durch den verschraubten Edelstahlboden ist die Uhr bis zu 10 ATM wasserdicht.<\/p>\n<p>Beige-blaues Zifferblatt mit beigen Z\u00e4hlern und Tachymeter-L\u00fcnette. Stunden- und Minutenzeiger aus grauem Metall, Chronozeiger aus wei\u00dfem Metall in der Mitte. Datumsfeld bei 6 Uhr.<\/p>\n<p>Kratzfestes Saphirkristallglas.<\/p>\n<p>Goldbraunes Lederband mit Dornschlie\u00dfe mit Hamilton-Logo aus Stahl. 20,00 mm Schleifen.<\/p>\n<p>Die Uhr wird von einer personalisierten Box und einer zweij\u00e4hrigen Originalgarantie von Hamilton begleitet.<\/p>\n<p>Ein Zubeh\u00f6rteil zum Einstellen des Datums wird mitgeliefert.<\/p>\n","protected":false},"excerpt":{"rendered":"<p>Hamilton Intra-Matic H38416541 Chrono 40mm<\/p>\n","protected":false},"featured_media":120175,"comment_status":"open","ping_status":"closed","template":"","meta":[],"product_brand":[161],"product_cat":[5974],"product_tag":[],"class_list":{"0":"post-120163","1":"product","2":"type-product","3":"status-publish","4":"has-post-thumbnail","6":"product_brand-hamilton","7":"product_cat-hamilton-herrenuhren","9":"first","10":"instock","11":"sale","12":"taxable","13":"shipping-taxable","14":"purchasable","15":"product-type-simple"},"exclude_global_add_ons":[],"addons":[],"df_price":1956,"df_sale_price":1956,"df_regular_price":2445,"df_image_link":"https:\/\/cdn02.fabioferro.eu\/wp-content\/uploads\/virtuemart\/product\/orologio-hamilton-uomo-intra-matic-auto-chrono-blu-H38416541-cinturino-pelle-marrone.jpg","_links":{"self":[{"href":"https:\/\/www.fabioferro.eu\/de\/wp-json\/wp\/v2\/product\/120163","targetHints":{"allow":["GET"]}}],"collection":[{"href":"https:\/\/www.fabioferro.eu\/de\/wp-json\/wp\/v2\/product"}],"about":[{"href":"https:\/\/www.fabioferro.eu\/de\/wp-json\/wp\/v2\/types\/product"}],"replies":[{"embeddable":true,"href":"https:\/\/www.fabioferro.eu\/de\/wp-json\/wp\/v2\/comments?post=120163"}],"version-history":[{"count":0,"href":"https:\/\/www.fabioferro.eu\/de\/wp-json\/wp\/v2\/product\/120163\/revisions"}],"wp:featuredmedia":[{"embeddable":true,"href":"https:\/\/www.fabioferro.eu\/de\/wp-json\/wp\/v2\/media\/120175"}],"wp:attachment":[{"href":"https:\/\/www.fabioferro.eu\/de\/wp-json\/wp\/v2\/media?parent=120163"}],"wp:term":[{"taxonomy":"product_brand","embeddable":true,"href":"https:\/\/www.fabioferro.eu\/de\/wp-json\/wp\/v2\/product_brand?post=120163"},{"taxonomy":"product_cat","embeddable":true,"href":"https:\/\/www.fabioferro.eu\/de\/wp-json\/wp\/v2\/product_cat?post=120163"},{"taxonomy":"product_tag","embeddable":true,"href":"https:\/\/www.fabioferro.eu\/de\/wp-json\/wp\/v2\/product_tag?post=120163"}],"curies":[{"name":"wp","href":"https:\/\/api.w.org\/{rel}","templated":true}]}}