{"id":120188,"date":"2022-06-01T19:33:10","date_gmt":"2022-06-01T17:33:10","guid":{"rendered":"https:\/\/www.fabioferro.eu\/frauen-armband-in-mm-tuerkis-stein-8-und-sterling-silber-925-laenge-cm-18-ti-sento-milano.html"},"modified":"2022-06-01T19:33:10","modified_gmt":"2022-06-01T17:33:10","slug":"frauen-armband-in-mm-tuerkis-stein-8-und-sterling-silber-925-laenge-cm-18-ti-sento-milano","status":"publish","type":"product","link":"https:\/\/www.fabioferro.eu\/de\/frauen-armband-in-mm-tuerkis-stein-8-und-sterling-silber-925-laenge-cm-18-ti-sento-milano.html","title":{"rendered":"Frauen-Armband in MM T\u00fcrkis Stein. 8 und Sterling Silber 925 L\u00e4nge cm. 18 Ti Sento Milano"},"content":{"rendered":"<div class=\"description\">\n<div class=\"description\">\n<div class=\"description\">\n<p>Ti Sento Milano Damenarmband aus rhodiniertem, antiallergenem 925\/1000 Silber mit T\u00fcrkissteinen.<\/p>\n<p>Zusammengesetzt aus kugelf\u00f6rmigen Steinen mit einem Durchmesser von 8,00 mm, t\u00fcrkisfarben mit schwarzen Adern.<\/p>\n<p>Die Gesamtl\u00e4nge des Armbands betr\u00e4gt 18,00 cm einschlie\u00dflich des Verschlusses. Das Armband wird ohne Knoten aufgef\u00e4delt.  <strong><br \/>\n<\/strong><\/p>\n<p>Silberner Karabinerverschluss mit TSM-Logo.<\/p>\n<p>Das neue Schmuckst\u00fcck wird von einer eleganten Satinschachtel und der entsprechenden Ti Sento Milano Garantie begleitet.<\/p>\n<p>Ich stelle eine Quittung und\/oder Rechnung aus.<\/p>\n<\/div>\n<\/div>\n<\/div>\n","protected":false},"excerpt":{"rendered":"<p>Ti Sento Milano Damenarmband in T\u00fcrkis Farbe Stein Durchmesser mmm. 8 L\u00e4nge cm. 18<\/p>\n","protected":false},"featured_media":120204,"comment_status":"open","ping_status":"closed","template":"","meta":[],"product_brand":[158],"product_cat":[6074],"product_tag":[7551],"class_list":{"0":"post-120188","1":"product","2":"type-product","3":"status-publish","4":"has-post-thumbnail","6":"product_brand-ti-sento-milano","7":"product_cat-ti-sento-milano-armbander","8":"product_tag-ausschlusse","10":"first","11":"outofstock","12":"taxable","13":"shipping-taxable","14":"purchasable","15":"product-type-simple"},"exclude_global_add_ons":[],"addons":[],"df_price":65,"df_sale_price":"","df_regular_price":65,"df_image_link":"https:\/\/cdn02.fabioferro.eu\/wp-content\/uploads\/virtuemart\/product\/bracciale-donna-pietra-turchese-ti-sento-milano-2816ZI.jpg","_links":{"self":[{"href":"https:\/\/www.fabioferro.eu\/de\/wp-json\/wp\/v2\/product\/120188","targetHints":{"allow":["GET"]}}],"collection":[{"href":"https:\/\/www.fabioferro.eu\/de\/wp-json\/wp\/v2\/product"}],"about":[{"href":"https:\/\/www.fabioferro.eu\/de\/wp-json\/wp\/v2\/types\/product"}],"replies":[{"embeddable":true,"href":"https:\/\/www.fabioferro.eu\/de\/wp-json\/wp\/v2\/comments?post=120188"}],"version-history":[{"count":0,"href":"https:\/\/www.fabioferro.eu\/de\/wp-json\/wp\/v2\/product\/120188\/revisions"}],"wp:featuredmedia":[{"embeddable":true,"href":"https:\/\/www.fabioferro.eu\/de\/wp-json\/wp\/v2\/media\/120204"}],"wp:attachment":[{"href":"https:\/\/www.fabioferro.eu\/de\/wp-json\/wp\/v2\/media?parent=120188"}],"wp:term":[{"taxonomy":"product_brand","embeddable":true,"href":"https:\/\/www.fabioferro.eu\/de\/wp-json\/wp\/v2\/product_brand?post=120188"},{"taxonomy":"product_cat","embeddable":true,"href":"https:\/\/www.fabioferro.eu\/de\/wp-json\/wp\/v2\/product_cat?post=120188"},{"taxonomy":"product_tag","embeddable":true,"href":"https:\/\/www.fabioferro.eu\/de\/wp-json\/wp\/v2\/product_tag?post=120188"}],"curies":[{"name":"wp","href":"https:\/\/api.w.org\/{rel}","templated":true}]}}