{"id":120212,"date":"2022-06-01T19:37:43","date_gmt":"2022-06-01T17:37:43","guid":{"rendered":"https:\/\/www.fabioferro.eu\/fabio-ferro-ohrringe-aus-weissgold-mit-japanischen-naturperlen-75-8-mm.html"},"modified":"2025-06-06T16:18:53","modified_gmt":"2025-06-06T14:18:53","slug":"fabio-ferro-ohrringe-aus-weissgold-mit-japanischen-naturperlen-75-8-mm","status":"publish","type":"product","link":"https:\/\/www.fabioferro.eu\/de\/fabio-ferro-ohrringe-aus-weissgold-mit-japanischen-naturperlen-75-8-mm.html","title":{"rendered":"Ohrringe Fabio Ferro in Wei\u00dfgold mit japanischen Naturperlen 7,5-8 mm"},"content":{"rendered":"<p>Paar Ohrringe, handgefertigt in unserer Goldschmiedewerkstatt aus 750\/1000 g Wei\u00dfgold mit Diamanten.<\/p>\n<p>Die Ohrringe werden mit einem Schmetterlingsverschluss am Ohrl\u00e4ppchen befestigt. Die wei\u00dfen japanischen Zuchtperlen sind sorgf\u00e4ltig ausgew\u00e4hlt und haben einen Durchmesser von 7,5-8 mm.<\/p>\n<p>Sie sind mit 2 Diamanten im Brillantschliff von insgesamt 0,09 Karat besetzt, die sich durch die Farbe F und die Reinheit VS1 auszeichnen.<\/p>\n<p>Praktischer und bequemer Butterfly-Verschluss aus Wei\u00dfgold.<\/p>\n<p>Die Farbe der Perlen kann leicht von der Abbildung abweichen, da es sich um nat\u00fcrliche Perlen handelt und eine Perle von der anderen verschieden ist.<\/p>\n<p>Das Schmuckst\u00fcck wird von einer eleganten Geschenkbox und einem Garantie- und Qualit\u00e4tszertifikat begleitet Fabio Ferro Das Schmuckst\u00fcck.<\/p>\n","protected":false},"excerpt":{"rendered":"<p>Elegant und immer bereit f\u00fcr jede Gelegenheit. Zwei Ohrringe, die f\u00fcr alle m\u00f6glichen Momente geeignet sind.<\/p>\n","protected":false},"featured_media":118278,"comment_status":"open","ping_status":"closed","template":"","meta":[],"product_brand":[152],"product_cat":[6022],"product_tag":[7442],"class_list":{"0":"post-120212","1":"product","2":"type-product","3":"status-publish","4":"has-post-thumbnail","6":"product_brand-fabio-ferro-i-gioielli","7":"product_cat-perlen-ohrringe","8":"product_tag-verfugbar","10":"first","11":"instock","12":"sale","13":"taxable","14":"shipping-taxable","15":"purchasable","16":"product-type-simple"},"exclude_global_add_ons":[],"addons":[],"df_price":1460,"df_sale_price":1460,"df_regular_price":1820,"df_image_link":"https:\/\/cdn02.fabioferro.eu\/wp-content\/uploads\/orecchini-fabio-ferro-con-perle-in-oro-bianco-e-diamanti-ff45-2.jpg","_links":{"self":[{"href":"https:\/\/www.fabioferro.eu\/de\/wp-json\/wp\/v2\/product\/120212","targetHints":{"allow":["GET"]}}],"collection":[{"href":"https:\/\/www.fabioferro.eu\/de\/wp-json\/wp\/v2\/product"}],"about":[{"href":"https:\/\/www.fabioferro.eu\/de\/wp-json\/wp\/v2\/types\/product"}],"replies":[{"embeddable":true,"href":"https:\/\/www.fabioferro.eu\/de\/wp-json\/wp\/v2\/comments?post=120212"}],"version-history":[{"count":0,"href":"https:\/\/www.fabioferro.eu\/de\/wp-json\/wp\/v2\/product\/120212\/revisions"}],"wp:featuredmedia":[{"embeddable":true,"href":"https:\/\/www.fabioferro.eu\/de\/wp-json\/wp\/v2\/media\/118278"}],"wp:attachment":[{"href":"https:\/\/www.fabioferro.eu\/de\/wp-json\/wp\/v2\/media?parent=120212"}],"wp:term":[{"taxonomy":"product_brand","embeddable":true,"href":"https:\/\/www.fabioferro.eu\/de\/wp-json\/wp\/v2\/product_brand?post=120212"},{"taxonomy":"product_cat","embeddable":true,"href":"https:\/\/www.fabioferro.eu\/de\/wp-json\/wp\/v2\/product_cat?post=120212"},{"taxonomy":"product_tag","embeddable":true,"href":"https:\/\/www.fabioferro.eu\/de\/wp-json\/wp\/v2\/product_tag?post=120212"}],"curies":[{"name":"wp","href":"https:\/\/api.w.org\/{rel}","templated":true}]}}