{"id":120230,"date":"2022-06-01T19:35:09","date_gmt":"2022-06-01T17:35:09","guid":{"rendered":"https:\/\/www.fabioferro.eu\/hamilton-herren-jazzmaster-chrono-quarz-stahl-uhr-mm-42-blaues-zifferblatt-und-schwarzes-lederarmband.html"},"modified":"2025-04-02T21:22:19","modified_gmt":"2025-04-02T19:22:19","slug":"hamilton-herren-jazzmaster-chrono-quarz-stahl-uhr-mm-42-blaues-zifferblatt-und-schwarzes-lederarmband","status":"publish","type":"product","link":"https:\/\/www.fabioferro.eu\/de\/hamilton-herren-jazzmaster-chrono-quarz-stahl-uhr-mm-42-blaues-zifferblatt-und-schwarzes-lederarmband.html","title":{"rendered":"Hamilton Jazzmaster Chrono Quarz 42mm H32612741"},"content":{"rendered":"<p>Hamilton Jazzmaster Chrono Quartz 42mm H32612741 aus Edelstahl.<\/p>\n<p>Swiss Made Quarzwerk Kaliber 251.274.<\/p>\n<p>Geh\u00e4use aus poliertem Stahl, satiniert, Durchmesser 42,00 mm, Dicke 12,13 mm. Wasserdichte, ger\u00e4ndelte Stahlkrone mit Hamilton-Logo.<\/p>\n<p>Blaues Zifferblatt mit Stunden- und Minutenzeiger aus wei\u00dfem Metall. Angewandte polierte Metallindexe. Datumsfeld auf 4 Uhr.<\/p>\n<p>Kratzfestes Saphirkristallglas.<\/p>\n<p>Schwarzes Lederarmband mit kontrastierenden wei\u00dfen N\u00e4hten, 22,00 mm Anst\u00f6\u00dfe.<\/p>\n<p>Wasserdicht bis 10 ATM mit Edelstahlboden.<\/p>\n<p>Neuer Artikel mit Box, Gegenbox und original Hamilton Zweijahresgarantie.<\/p>\n","protected":false},"excerpt":{"rendered":"<p>Hamilton Jazzmaster Chrono Quartz 42mm H32612741 Stahl mit blauem Zifferblatt und schwarzem Lederband<\/p>\n","protected":false},"featured_media":120237,"comment_status":"open","ping_status":"closed","template":"","meta":[],"product_brand":[161],"product_cat":[5974],"product_tag":[],"class_list":{"0":"post-120230","1":"product","2":"type-product","3":"status-publish","4":"has-post-thumbnail","6":"product_brand-hamilton","7":"product_cat-hamilton-herrenuhren","9":"first","10":"instock","11":"sale","12":"taxable","13":"shipping-taxable","14":"purchasable","15":"product-type-simple"},"exclude_global_add_ons":[],"addons":[],"df_price":732,"df_sale_price":732,"df_regular_price":915,"df_image_link":"https:\/\/cdn02.fabioferro.eu\/wp-content\/uploads\/virtuemart\/product\/orologio-hamilton-uomo-jazzmaster-chrono-quartz-blu-H32612741.jpg","_links":{"self":[{"href":"https:\/\/www.fabioferro.eu\/de\/wp-json\/wp\/v2\/product\/120230","targetHints":{"allow":["GET"]}}],"collection":[{"href":"https:\/\/www.fabioferro.eu\/de\/wp-json\/wp\/v2\/product"}],"about":[{"href":"https:\/\/www.fabioferro.eu\/de\/wp-json\/wp\/v2\/types\/product"}],"replies":[{"embeddable":true,"href":"https:\/\/www.fabioferro.eu\/de\/wp-json\/wp\/v2\/comments?post=120230"}],"version-history":[{"count":0,"href":"https:\/\/www.fabioferro.eu\/de\/wp-json\/wp\/v2\/product\/120230\/revisions"}],"wp:featuredmedia":[{"embeddable":true,"href":"https:\/\/www.fabioferro.eu\/de\/wp-json\/wp\/v2\/media\/120237"}],"wp:attachment":[{"href":"https:\/\/www.fabioferro.eu\/de\/wp-json\/wp\/v2\/media?parent=120230"}],"wp:term":[{"taxonomy":"product_brand","embeddable":true,"href":"https:\/\/www.fabioferro.eu\/de\/wp-json\/wp\/v2\/product_brand?post=120230"},{"taxonomy":"product_cat","embeddable":true,"href":"https:\/\/www.fabioferro.eu\/de\/wp-json\/wp\/v2\/product_cat?post=120230"},{"taxonomy":"product_tag","embeddable":true,"href":"https:\/\/www.fabioferro.eu\/de\/wp-json\/wp\/v2\/product_tag?post=120230"}],"curies":[{"name":"wp","href":"https:\/\/api.w.org\/{rel}","templated":true}]}}