{"id":120242,"date":"2022-06-01T19:32:22","date_gmt":"2022-06-01T17:32:22","guid":{"rendered":"https:\/\/www.fabioferro.eu\/giovanni-raspini-herren-krokodil-ring.html"},"modified":"2024-10-30T09:54:05","modified_gmt":"2024-10-30T08:54:05","slug":"giovanni-raspini-herren-krokodil-ring","status":"publish","type":"product","link":"https:\/\/www.fabioferro.eu\/de\/giovanni-raspini-herren-krokodil-ring.html","title":{"rendered":"Giovanni Raspini Herren-Krokodil-Ring"},"content":{"rendered":"<p>Giovanni Raspini Ring aus 925\/1000 Silber Savana Kollektion. Unisex Bandmodell. Handgefertigtes Produkt &#8211; Made in Italy. Der Ring ist aus 925 Sterling Silber mit einem besonderen Spiel von Schatten und hellen und dunklen T\u00f6nen. Das gl\u00e4nzende Silber wurde in Form eines sch\u00f6nen Krokodils geschmiedet, das Ihre Hand umarmt. Das Schmuckst\u00fcck wird von einer Box und einer offiziellen Giovanni Raspini Garantie begleitet.<\/p>\n<p>&nbsp;<\/p>\n","protected":false},"excerpt":{"rendered":"<p>Wilde Natur, immer bei dir.<\/p>\n","protected":false},"featured_media":120249,"comment_status":"open","ping_status":"closed","template":"","meta":[],"product_brand":[],"product_cat":[7600],"product_tag":[],"class_list":{"0":"post-120242","1":"product","2":"type-product","3":"status-publish","4":"has-post-thumbnail","6":"product_cat-ringe-giovanni-raspini-manner","8":"first","9":"instock","10":"sale","11":"taxable","12":"shipping-taxable","13":"purchasable","14":"product-type-variable","15":"has-default-attributes"},"exclude_global_add_ons":[],"addons":[],"df_price":225,"df_sale_price":"","df_regular_price":225,"df_image_link":"https:\/\/cdn02.fabioferro.eu\/wp-content\/uploads\/virtuemart\/product\/anello_giovanni_raspini_coccodrillo_8680__1595925621_620.jpg","_links":{"self":[{"href":"https:\/\/www.fabioferro.eu\/de\/wp-json\/wp\/v2\/product\/120242","targetHints":{"allow":["GET"]}}],"collection":[{"href":"https:\/\/www.fabioferro.eu\/de\/wp-json\/wp\/v2\/product"}],"about":[{"href":"https:\/\/www.fabioferro.eu\/de\/wp-json\/wp\/v2\/types\/product"}],"replies":[{"embeddable":true,"href":"https:\/\/www.fabioferro.eu\/de\/wp-json\/wp\/v2\/comments?post=120242"}],"version-history":[{"count":0,"href":"https:\/\/www.fabioferro.eu\/de\/wp-json\/wp\/v2\/product\/120242\/revisions"}],"wp:featuredmedia":[{"embeddable":true,"href":"https:\/\/www.fabioferro.eu\/de\/wp-json\/wp\/v2\/media\/120249"}],"wp:attachment":[{"href":"https:\/\/www.fabioferro.eu\/de\/wp-json\/wp\/v2\/media?parent=120242"}],"wp:term":[{"taxonomy":"product_brand","embeddable":true,"href":"https:\/\/www.fabioferro.eu\/de\/wp-json\/wp\/v2\/product_brand?post=120242"},{"taxonomy":"product_cat","embeddable":true,"href":"https:\/\/www.fabioferro.eu\/de\/wp-json\/wp\/v2\/product_cat?post=120242"},{"taxonomy":"product_tag","embeddable":true,"href":"https:\/\/www.fabioferro.eu\/de\/wp-json\/wp\/v2\/product_tag?post=120242"}],"curies":[{"name":"wp","href":"https:\/\/api.w.org\/{rel}","templated":true}]}}