{"id":120311,"date":"2022-06-01T19:32:30","date_gmt":"2022-06-01T17:32:30","guid":{"rendered":"https:\/\/www.fabioferro.eu\/giovanni-raspini-jack-grande-ring.html"},"modified":"2024-10-30T09:54:14","modified_gmt":"2024-10-30T08:54:14","slug":"giovanni-raspini-jack-grande-ring","status":"publish","type":"product","link":"https:\/\/www.fabioferro.eu\/de\/giovanni-raspini-jack-grande-ring.html","title":{"rendered":"Giovanni Raspini Jack Grande Ring"},"content":{"rendered":"<div class=\"description\">\n<div class=\"description\">\n<div class=\"description\">\n<p>Herrenring Giovanni Raspini aus 925\/1000 Silber neue Jack Kollektion. Ein Design, das einfach und modern, aber gleichzeitig mutig und stark ist.<\/p>\n<p>Das Schmuckst\u00fcck ist handgefertigt &#8211; Made in Italy mit einem Gesamtgewicht von 14 Gramm.<\/p>\n<p>Breite 1,5 cm.<\/p>\n<p>Das charakteristische Merkmal dieses Schmuckst\u00fccks ist die geh\u00e4mmerte Oberfl\u00e4che, die den Ring noch besonderer macht.<\/p>\n<p>Neues Schmuckst\u00fcck mit original Giovanni Raspini Etui und Garantie.<\/p>\n<\/div>\n<\/div>\n<\/div>\n","protected":false},"excerpt":{"rendered":"<p>Bandring Giovanni Raspini aus 925er Silber Kollektion Jack<\/p>\n","protected":false},"featured_media":120315,"comment_status":"open","ping_status":"closed","template":"","meta":[],"product_brand":[],"product_cat":[7600],"product_tag":[],"class_list":{"0":"post-120311","1":"product","2":"type-product","3":"status-publish","4":"has-post-thumbnail","6":"product_cat-ringe-giovanni-raspini-manner","8":"first","9":"instock","10":"taxable","11":"shipping-taxable","12":"purchasable","13":"product-type-variable","14":"has-default-attributes"},"exclude_global_add_ons":[],"addons":[],"df_price":215,"df_sale_price":"","df_regular_price":215,"df_image_link":"https:\/\/cdn02.fabioferro.eu\/wp-content\/uploads\/virtuemart\/product\/anello_giovanni_raspini_fascia_larga_10371__1595925513_670.jpg","_links":{"self":[{"href":"https:\/\/www.fabioferro.eu\/de\/wp-json\/wp\/v2\/product\/120311","targetHints":{"allow":["GET"]}}],"collection":[{"href":"https:\/\/www.fabioferro.eu\/de\/wp-json\/wp\/v2\/product"}],"about":[{"href":"https:\/\/www.fabioferro.eu\/de\/wp-json\/wp\/v2\/types\/product"}],"replies":[{"embeddable":true,"href":"https:\/\/www.fabioferro.eu\/de\/wp-json\/wp\/v2\/comments?post=120311"}],"version-history":[{"count":0,"href":"https:\/\/www.fabioferro.eu\/de\/wp-json\/wp\/v2\/product\/120311\/revisions"}],"wp:featuredmedia":[{"embeddable":true,"href":"https:\/\/www.fabioferro.eu\/de\/wp-json\/wp\/v2\/media\/120315"}],"wp:attachment":[{"href":"https:\/\/www.fabioferro.eu\/de\/wp-json\/wp\/v2\/media?parent=120311"}],"wp:term":[{"taxonomy":"product_brand","embeddable":true,"href":"https:\/\/www.fabioferro.eu\/de\/wp-json\/wp\/v2\/product_brand?post=120311"},{"taxonomy":"product_cat","embeddable":true,"href":"https:\/\/www.fabioferro.eu\/de\/wp-json\/wp\/v2\/product_cat?post=120311"},{"taxonomy":"product_tag","embeddable":true,"href":"https:\/\/www.fabioferro.eu\/de\/wp-json\/wp\/v2\/product_tag?post=120311"}],"curies":[{"name":"wp","href":"https:\/\/api.w.org\/{rel}","templated":true}]}}