{"id":120364,"date":"2022-06-01T19:26:52","date_gmt":"2022-06-01T17:26:52","guid":{"rendered":"https:\/\/www.fabioferro.eu\/herrenhalsband-comete-schmuck-aus-stahl-und-gruenem-haematit-life-collection-laenge-cm-50.html"},"modified":"2022-06-01T19:26:52","modified_gmt":"2022-06-01T17:26:52","slug":"herrenhalsband-comete-schmuck-aus-stahl-und-gruenem-haematit-life-collection-laenge-cm-50","status":"publish","type":"product","link":"https:\/\/www.fabioferro.eu\/de\/herrenhalsband-comete-schmuck-aus-stahl-und-gruenem-haematit-life-collection-laenge-cm-50.html","title":{"rendered":"Herrenhalsband Comete Schmuck aus Stahl und gr\u00fcnem H\u00e4matit Life Collection L\u00e4nge cm. 50"},"content":{"rendered":"<p>Comete Gioielli Herrenhalskette der neuen Life Kollektion aus Edelstahl mit gr\u00fcnem H\u00e4matit.<\/p>\n<p>Weiche Halskette mit Stahlkabelbasis. Darin eingebettet sind satinierte gr\u00fcne H\u00e4matit-W\u00fcrfel mit einem Durchmesser von 2,70 mm im Wechsel mit satinierten Stahl-Donuts. In der Mitte der Halskette befindet sich ein runder, doppelseitiger Anh\u00e4nger mit einem Durchmesser von 8 mm und einer Dicke von 3 mm, der einen Anker darstellt.<\/p>\n<p>Die Gesamtl\u00e4nge der Kette betr\u00e4gt 55,00 cm, kann aber dank einer Ringverl\u00e4ngerung am Ende der Kette bis zu 50,00 cm getragen werden.<\/p>\n<p>Verschluss mit praktischem Karabinerhaken.<\/p>\n<p>Neues Schmuckst\u00fcck mit Box und offizieller Comete Gioielli Garantie.<\/p>\n","protected":false},"excerpt":{"rendered":"<p>Herrenhalskette von Comete Jewellery aus Stahl und gr\u00fcnem H\u00e4matit.<\/p>\n","protected":false},"featured_media":120371,"comment_status":"open","ping_status":"closed","template":"","meta":[],"product_brand":[157],"product_cat":[6338],"product_tag":[7551],"class_list":{"0":"post-120364","1":"product","2":"type-product","3":"status-publish","4":"has-post-thumbnail","6":"product_brand-comete","7":"product_cat-comete-herren-halsketten","8":"product_tag-ausschlusse","10":"first","11":"outofstock","12":"taxable","13":"shipping-taxable","14":"purchasable","15":"product-type-simple"},"exclude_global_add_ons":[],"addons":[],"df_price":59,"df_sale_price":"","df_regular_price":59,"df_image_link":"https:\/\/cdn02.fabioferro.eu\/wp-content\/uploads\/virtuemart\/product\/collana-comete-uomo-acciaio-ematite-verde-UGL639.jpg","_links":{"self":[{"href":"https:\/\/www.fabioferro.eu\/de\/wp-json\/wp\/v2\/product\/120364","targetHints":{"allow":["GET"]}}],"collection":[{"href":"https:\/\/www.fabioferro.eu\/de\/wp-json\/wp\/v2\/product"}],"about":[{"href":"https:\/\/www.fabioferro.eu\/de\/wp-json\/wp\/v2\/types\/product"}],"replies":[{"embeddable":true,"href":"https:\/\/www.fabioferro.eu\/de\/wp-json\/wp\/v2\/comments?post=120364"}],"version-history":[{"count":0,"href":"https:\/\/www.fabioferro.eu\/de\/wp-json\/wp\/v2\/product\/120364\/revisions"}],"wp:featuredmedia":[{"embeddable":true,"href":"https:\/\/www.fabioferro.eu\/de\/wp-json\/wp\/v2\/media\/120371"}],"wp:attachment":[{"href":"https:\/\/www.fabioferro.eu\/de\/wp-json\/wp\/v2\/media?parent=120364"}],"wp:term":[{"taxonomy":"product_brand","embeddable":true,"href":"https:\/\/www.fabioferro.eu\/de\/wp-json\/wp\/v2\/product_brand?post=120364"},{"taxonomy":"product_cat","embeddable":true,"href":"https:\/\/www.fabioferro.eu\/de\/wp-json\/wp\/v2\/product_cat?post=120364"},{"taxonomy":"product_tag","embeddable":true,"href":"https:\/\/www.fabioferro.eu\/de\/wp-json\/wp\/v2\/product_tag?post=120364"}],"curies":[{"name":"wp","href":"https:\/\/api.w.org\/{rel}","templated":true}]}}