{"id":120365,"date":"2022-06-01T19:28:49","date_gmt":"2022-06-01T17:28:49","guid":{"rendered":"https:\/\/www.fabioferro.eu\/giovanni-raspini-925-sterling-silber-kleines-glattes-herz-charme.html"},"modified":"2024-09-18T15:32:18","modified_gmt":"2024-09-18T13:32:18","slug":"giovanni-raspini-925-sterling-silber-kleines-glattes-herz-charme","status":"publish","type":"product","link":"https:\/\/www.fabioferro.eu\/de\/giovanni-raspini-925-sterling-silber-kleines-glattes-herz-charme.html","title":{"rendered":"Giovanni Raspini 925 Sterling Silber Kleines glattes Herz Charme"},"content":{"rendered":"<div class=\"description\">\n<div class=\"description\">\n<div class=\"description\">\n<div class=\"description\">  Herzf\u00f6rmiger Giovanni Raspini Charm aus 925\/1000 Silber. Hergestellt in Italien &#8211; handgefertigt. Die Abmessungen des Herzens sind mm. 15x13x2 dick. Ausgestattet mit einer 9 mm gro\u00dfen, offenen Perle, die als Anh\u00e4nger an einem Armband oder einfach an einer Kette angebracht werden kann. Wenn du dieses Herz einzigartig machen m\u00f6chtest, kannst du es mit einer Gravur auf der R\u00fcckseite personalisieren; ein Name, Initialen oder ein Datum, was m\u00f6chtest du in deinem Herzen tragen? Vermerken Sie dies unter Anmerkungen in der Bestellung. Die Gravur ist kostenlos. Neues Schmuckst\u00fcck mit original Giovanni Raspini Etui und Garantie. Ich stelle eine Quittung und\/oder Rechnung aus. <\/div>\n<\/div>\n<\/div>\n<\/div>\n","protected":false},"excerpt":{"rendered":"<p>Giovanni Raspini glatter Herzanh\u00e4nger aus 925er Silber<\/p>\n","protected":false},"featured_media":120372,"comment_status":"open","ping_status":"closed","template":"","meta":[],"product_brand":[155],"product_cat":[7575,7576,7578],"product_tag":[7442],"class_list":{"0":"post-120365","1":"product","2":"type-product","3":"status-publish","4":"has-post-thumbnail","6":"product_brand-raspini","7":"product_cat-do-it-yourself-schmuck-giovanni-raspini","8":"product_cat-giovanni-raspini-reize","9":"product_cat-raspini-charms-fur-veranstaltung","10":"product_tag-verfugbar","12":"first","13":"instock","14":"sale","15":"taxable","16":"shipping-taxable","17":"purchasable","18":"product-type-simple"},"exclude_global_add_ons":[],"addons":[],"df_price":36,"df_sale_price":36,"df_regular_price":40,"df_image_link":"https:\/\/cdn02.fabioferro.eu\/wp-content\/uploads\/virtuemart\/product\/CHARM-CUORE-ARGENTO-GIOVANNI-RASPINI-09357.jpg","_links":{"self":[{"href":"https:\/\/www.fabioferro.eu\/de\/wp-json\/wp\/v2\/product\/120365","targetHints":{"allow":["GET"]}}],"collection":[{"href":"https:\/\/www.fabioferro.eu\/de\/wp-json\/wp\/v2\/product"}],"about":[{"href":"https:\/\/www.fabioferro.eu\/de\/wp-json\/wp\/v2\/types\/product"}],"replies":[{"embeddable":true,"href":"https:\/\/www.fabioferro.eu\/de\/wp-json\/wp\/v2\/comments?post=120365"}],"version-history":[{"count":0,"href":"https:\/\/www.fabioferro.eu\/de\/wp-json\/wp\/v2\/product\/120365\/revisions"}],"wp:featuredmedia":[{"embeddable":true,"href":"https:\/\/www.fabioferro.eu\/de\/wp-json\/wp\/v2\/media\/120372"}],"wp:attachment":[{"href":"https:\/\/www.fabioferro.eu\/de\/wp-json\/wp\/v2\/media?parent=120365"}],"wp:term":[{"taxonomy":"product_brand","embeddable":true,"href":"https:\/\/www.fabioferro.eu\/de\/wp-json\/wp\/v2\/product_brand?post=120365"},{"taxonomy":"product_cat","embeddable":true,"href":"https:\/\/www.fabioferro.eu\/de\/wp-json\/wp\/v2\/product_cat?post=120365"},{"taxonomy":"product_tag","embeddable":true,"href":"https:\/\/www.fabioferro.eu\/de\/wp-json\/wp\/v2\/product_tag?post=120365"}],"curies":[{"name":"wp","href":"https:\/\/api.w.org\/{rel}","templated":true}]}}