{"id":120374,"date":"2022-06-01T19:26:46","date_gmt":"2022-06-01T17:26:46","guid":{"rendered":"https:\/\/www.fabioferro.eu\/herrenarmband-comete-gioielli-ubr-888-n-stahl-und-tigerauge-district-collection-laenge-19-cm.html"},"modified":"2024-04-12T09:19:18","modified_gmt":"2024-04-12T07:19:18","slug":"herrenarmband-comete-gioielli-ubr-888-n-stahl-und-tigerauge-district-collection-laenge-19-cm","status":"publish","type":"product","link":"https:\/\/www.fabioferro.eu\/de\/herrenarmband-comete-gioielli-ubr-888-n-stahl-und-tigerauge-district-collection-laenge-19-cm.html","title":{"rendered":"Herrenarmband Comete Gioielli UBR 888 n Stahl und Tigerauge District Collection L\u00e4nge 19 cm."},"content":{"rendered":"<p>Comete Herrenarmband der neuen District Kollektion aus Stahl mit braunem Tigerauge und Zirkonen.<\/p>\n<p>Das Armband besteht aus einem Stahlseil, auf dem braune Tigerauge-Kugeln mit einem Durchmesser von 4,50 mm aufgef\u00e4delt sind, die sich mit polierten Stahlperlen abwechseln. In der Mitte befinden sich vier 4 mm gro\u00dfe Kugeln und ein 7 mm gro\u00dfer W\u00fcrfel aus hochglanzpoliertem Stahl, der 4,50 mm dick und mit einem wei\u00dfen Zirkon besetzt ist.<\/p>\n<p>Die Gesamtl\u00e4nge des Armbands betr\u00e4gt 20,50 cm, kann aber dank der 7 Ringe am Ende des Armbands bis zu einer L\u00e4nge von 17,50 cm getragen werden.<\/p>\n<p>Original Comete Gioielli Box und Garantie.<\/p>\n<p>Ich stelle eine Quittung und\/oder Rechnung aus.<\/p>\n","protected":false},"excerpt":{"rendered":"<p>Comete Jewellery Armband M\u00e4nner District Kollektion<\/p>\n","protected":false},"featured_media":120406,"comment_status":"open","ping_status":"closed","template":"","meta":[],"product_brand":[157],"product_cat":[6341],"product_tag":[7442],"class_list":{"0":"post-120374","1":"product","2":"type-product","3":"status-publish","4":"has-post-thumbnail","6":"product_brand-comete","7":"product_cat-comete-armbander-manner","8":"product_tag-verfugbar","10":"first","11":"outofstock","12":"sale","13":"taxable","14":"shipping-taxable","15":"purchasable","16":"product-type-simple"},"exclude_global_add_ons":[],"addons":[],"df_price":46.8,"df_sale_price":46.8,"df_regular_price":52,"df_image_link":"https:\/\/cdn02.fabioferro.eu\/wp-content\/uploads\/virtuemart\/product\/bracciale-comete-uomo-Occhio-di-tigre-UBR888.jpg","_links":{"self":[{"href":"https:\/\/www.fabioferro.eu\/de\/wp-json\/wp\/v2\/product\/120374","targetHints":{"allow":["GET"]}}],"collection":[{"href":"https:\/\/www.fabioferro.eu\/de\/wp-json\/wp\/v2\/product"}],"about":[{"href":"https:\/\/www.fabioferro.eu\/de\/wp-json\/wp\/v2\/types\/product"}],"replies":[{"embeddable":true,"href":"https:\/\/www.fabioferro.eu\/de\/wp-json\/wp\/v2\/comments?post=120374"}],"version-history":[{"count":0,"href":"https:\/\/www.fabioferro.eu\/de\/wp-json\/wp\/v2\/product\/120374\/revisions"}],"wp:featuredmedia":[{"embeddable":true,"href":"https:\/\/www.fabioferro.eu\/de\/wp-json\/wp\/v2\/media\/120406"}],"wp:attachment":[{"href":"https:\/\/www.fabioferro.eu\/de\/wp-json\/wp\/v2\/media?parent=120374"}],"wp:term":[{"taxonomy":"product_brand","embeddable":true,"href":"https:\/\/www.fabioferro.eu\/de\/wp-json\/wp\/v2\/product_brand?post=120374"},{"taxonomy":"product_cat","embeddable":true,"href":"https:\/\/www.fabioferro.eu\/de\/wp-json\/wp\/v2\/product_cat?post=120374"},{"taxonomy":"product_tag","embeddable":true,"href":"https:\/\/www.fabioferro.eu\/de\/wp-json\/wp\/v2\/product_tag?post=120374"}],"curies":[{"name":"wp","href":"https:\/\/api.w.org\/{rel}","templated":true}]}}