{"id":120382,"date":"2022-06-01T19:27:34","date_gmt":"2022-06-01T17:27:34","guid":{"rendered":"https:\/\/www.fabioferro.eu\/giovanni-raspini-charme-in-form-eines-pferdes.html"},"modified":"2025-06-06T15:55:16","modified_gmt":"2025-06-06T13:55:16","slug":"giovanni-raspini-charme-in-form-eines-pferdes","status":"publish","type":"product","link":"https:\/\/www.fabioferro.eu\/de\/giovanni-raspini-charme-in-form-eines-pferdes.html","title":{"rendered":"Giovanni Raspini Charme in Form eines Pferdes"},"content":{"rendered":"<p>Giovanni Raspini Charme in 925\/1000 Silber Pferd. Das Pferd ist 20&#215;13 mm gro\u00df und 5 mm dick. Offene Gegenperle mit einem Durchmesser von 9,00 mm, die es erm\u00f6glicht, den Anh\u00e4nger an einem Rol\u00f2-Mesh-Armband zu befestigen oder an einer Halskette aufzuh\u00e4ngen. Original Giovanni Raspini Box und Garantie.  &nbsp;<\/p>\n<p>&nbsp;<\/p>\n","protected":false},"excerpt":{"rendered":"<p>925 Sterling Silber Giovanni Raspini Charm in Form eines Pferdes.<\/p>\n","protected":false},"featured_media":120411,"comment_status":"open","ping_status":"closed","template":"","meta":[],"product_brand":[155],"product_cat":[7575,7576,7578],"product_tag":[7442],"class_list":{"0":"post-120382","1":"product","2":"type-product","3":"status-publish","4":"has-post-thumbnail","6":"product_brand-raspini","7":"product_cat-do-it-yourself-schmuck-giovanni-raspini","8":"product_cat-giovanni-raspini-reize","9":"product_cat-raspini-charms-fur-veranstaltung-de","10":"product_tag-verfugbar","12":"first","13":"instock","14":"sale","15":"taxable","16":"shipping-taxable","17":"purchasable","18":"product-type-simple"},"exclude_global_add_ons":[],"addons":[],"df_price":40.5,"df_sale_price":40.5,"df_regular_price":45,"df_image_link":"https:\/\/cdn02.fabioferro.eu\/wp-content\/uploads\/virtuemart\/product\/charm_giovanni_raspini_cavallo_in_argento_9853__1595320917_142.jpg","_links":{"self":[{"href":"https:\/\/www.fabioferro.eu\/de\/wp-json\/wp\/v2\/product\/120382","targetHints":{"allow":["GET"]}}],"collection":[{"href":"https:\/\/www.fabioferro.eu\/de\/wp-json\/wp\/v2\/product"}],"about":[{"href":"https:\/\/www.fabioferro.eu\/de\/wp-json\/wp\/v2\/types\/product"}],"replies":[{"embeddable":true,"href":"https:\/\/www.fabioferro.eu\/de\/wp-json\/wp\/v2\/comments?post=120382"}],"version-history":[{"count":0,"href":"https:\/\/www.fabioferro.eu\/de\/wp-json\/wp\/v2\/product\/120382\/revisions"}],"wp:featuredmedia":[{"embeddable":true,"href":"https:\/\/www.fabioferro.eu\/de\/wp-json\/wp\/v2\/media\/120411"}],"wp:attachment":[{"href":"https:\/\/www.fabioferro.eu\/de\/wp-json\/wp\/v2\/media?parent=120382"}],"wp:term":[{"taxonomy":"product_brand","embeddable":true,"href":"https:\/\/www.fabioferro.eu\/de\/wp-json\/wp\/v2\/product_brand?post=120382"},{"taxonomy":"product_cat","embeddable":true,"href":"https:\/\/www.fabioferro.eu\/de\/wp-json\/wp\/v2\/product_cat?post=120382"},{"taxonomy":"product_tag","embeddable":true,"href":"https:\/\/www.fabioferro.eu\/de\/wp-json\/wp\/v2\/product_tag?post=120382"}],"curies":[{"name":"wp","href":"https:\/\/api.w.org\/{rel}","templated":true}]}}