{"id":120389,"date":"2022-06-01T19:26:14","date_gmt":"2022-06-01T17:26:14","guid":{"rendered":"https:\/\/www.fabioferro.eu\/weissgold-halskette-mit-diamantkreuz-im-brillantschliff.html"},"modified":"2024-02-09T14:47:53","modified_gmt":"2024-02-09T13:47:53","slug":"weissgold-halskette-mit-diamantkreuz-im-brillantschliff","status":"publish","type":"product","link":"https:\/\/www.fabioferro.eu\/de\/weissgold-halskette-mit-diamantkreuz-im-brillantschliff.html","title":{"rendered":"Wei\u00dfgold-Halskette mit Diamantkreuz im Brillantschliff"},"content":{"rendered":"<p>Handgefertigtes Collier in unserer Werkstatt aus 750\/1000 g Wei\u00dfgold mit einem Gewicht von 4,28 g.<\/p>\n<p>Handgefertigt &#8211; Hergestellt in Italien.<\/p>\n<p>Die Kette hat eine Gesamtl\u00e4nge von 45,00 cm. mit der M\u00f6glichkeit, auf 42,00 cm getragen werden. dank der Anwesenheit von einem kleinen Ring am Ende der Kette eingef\u00fcgt, ist der Verschluss ein Karabinerverschluss.<\/p>\n<p>Kreuzf\u00f6rmiges Gleitkreuz mit den Ma\u00dfen 10,60 x 8,00 mm. 3,00 mm dick.<\/p>\n<p>Das Kreuz tr\u00e4gt 6 fein gefasste Diamanten im Brillantschliff von insgesamt 0,24 Karat, Farbe F, Reinheit SI.<\/p>\n<p>Das Schmuckst\u00fcck wird von einer Schachtel und einem Garantiezertifikat von Fabio Ferro i Gioielli begleitet, sowie von einer wertvollen, kostenlosen Geschenkschachtel, die einem einzigartigen Anlass gewidmet ist!<\/p>\n","protected":false},"excerpt":{"rendered":"<p>Handgefertigte Halskette aus Wei\u00dfgold mit einem Kreuz aus Brillanten von 0,26 Karat.<\/p>\n","protected":false},"featured_media":120413,"comment_status":"open","ping_status":"closed","template":"","meta":[],"product_brand":[152],"product_cat":[6015],"product_tag":[7442],"class_list":{"0":"post-120389","1":"product","2":"type-product","3":"status-publish","4":"has-post-thumbnail","6":"product_brand-fabio-ferro-i-gioielli","7":"product_cat-halsketten","8":"product_tag-verfugbar","10":"first","11":"instock","12":"sale","13":"taxable","14":"shipping-taxable","15":"purchasable","16":"product-type-simple"},"exclude_global_add_ons":[],"addons":[],"df_price":1600,"df_sale_price":1600,"df_regular_price":2000,"df_image_link":"https:\/\/cdn02.fabioferro.eu\/wp-content\/uploads\/virtuemart\/product\/collana-oro-bianco-croce-diamanti-fatta-a-mano-FF4956.jpg","_links":{"self":[{"href":"https:\/\/www.fabioferro.eu\/de\/wp-json\/wp\/v2\/product\/120389","targetHints":{"allow":["GET"]}}],"collection":[{"href":"https:\/\/www.fabioferro.eu\/de\/wp-json\/wp\/v2\/product"}],"about":[{"href":"https:\/\/www.fabioferro.eu\/de\/wp-json\/wp\/v2\/types\/product"}],"replies":[{"embeddable":true,"href":"https:\/\/www.fabioferro.eu\/de\/wp-json\/wp\/v2\/comments?post=120389"}],"version-history":[{"count":0,"href":"https:\/\/www.fabioferro.eu\/de\/wp-json\/wp\/v2\/product\/120389\/revisions"}],"wp:featuredmedia":[{"embeddable":true,"href":"https:\/\/www.fabioferro.eu\/de\/wp-json\/wp\/v2\/media\/120413"}],"wp:attachment":[{"href":"https:\/\/www.fabioferro.eu\/de\/wp-json\/wp\/v2\/media?parent=120389"}],"wp:term":[{"taxonomy":"product_brand","embeddable":true,"href":"https:\/\/www.fabioferro.eu\/de\/wp-json\/wp\/v2\/product_brand?post=120389"},{"taxonomy":"product_cat","embeddable":true,"href":"https:\/\/www.fabioferro.eu\/de\/wp-json\/wp\/v2\/product_cat?post=120389"},{"taxonomy":"product_tag","embeddable":true,"href":"https:\/\/www.fabioferro.eu\/de\/wp-json\/wp\/v2\/product_tag?post=120389"}],"curies":[{"name":"wp","href":"https:\/\/api.w.org\/{rel}","templated":true}]}}