{"id":120431,"date":"2022-06-01T19:26:08","date_gmt":"2022-06-01T17:26:08","guid":{"rendered":"https:\/\/www.fabioferro.eu\/fabio-ferro-kate-grosser-ring-mit-ceylon-saphir-aus-weissgold-und-diamanten.html"},"modified":"2025-06-06T16:23:01","modified_gmt":"2025-06-06T14:23:01","slug":"fabio-ferro-kate-grosser-ring-mit-ceylon-saphir-aus-weissgold-und-diamanten","status":"publish","type":"product","link":"https:\/\/www.fabioferro.eu\/de\/fabio-ferro-kate-grosser-ring-mit-ceylon-saphir-aus-weissgold-und-diamanten.html","title":{"rendered":"Fabio Ferro Kate Gro\u00dfer Ring mit Ceylon-Saphir aus Wei\u00dfgold und Diamanten"},"content":{"rendered":"<p>Der Ring wird in unserer Goldschmiedewerkstatt von Hand gefertigt, wobei stets hochwertige Materialien verwendet werden.<\/p>\n<p>Die Fassung des Rings ist wie die von Prinzessin Kate, ein Symbol des K\u00f6nigtums und der Eleganz. Das Gesamtgewicht betr\u00e4gt 4,67 Gramm. Er ist speziell mit &#8220;L\u00f6chern&#8221; an der Unterseite versehen, um das Licht durchzulassen, so dass alle Steine die maximale Menge an reflektiertem Licht abgeben k\u00f6nnen.<\/p>\n<p>Er wurde in unserer Goldschmiedewerkstatt entworfen und schlie\u00dflich in Handarbeit aus 18 Karat Wei\u00dfgold gefertigt.<\/p>\n<p>Ein pr\u00e4chtiger blauer Ceylon-Saphir im Ovalschliff ist der Star des Schmuckst\u00fccks. Er besteht aus 1,45 Karat Saphiren, die mit Diamanten im Brillantschliff von insgesamt 0,84 Karat besetzt sind. Letztere zeichnen sich durch eine Farbe von Reinheit VS1 F aus.<\/p>\n<p>Alle Steine werden von erfahrenen Edelsteinfasserinnen und -fasser von Hand gefasst. Jeder Edelstein ist mit 4 Griffen mit abgerundeten Spitzen f\u00fcr absolute Sicherheit gesichert.<\/p>\n<p>Die Rosette, die den Saphir und die Diamanten enth\u00e4lt, misst 13,8 x 11,7 mm und ist 7,20 mm dick.<\/p>\n<p>Auf der Innenseite des Fassungsstiels sind stets die Karatierung des Schmuckst\u00fccks sowie das Markenzeichen &#8220;Fabio Ferro I Gioielli&#8221; eingraviert.<\/p>\n<p>Bitte verlassen Sie sich auf die Beschreibung f\u00fcr die tats\u00e4chlichen Eigenschaften des Juwels, das Foto ist nur zu Demonstrationszwecken.<\/p>\n<p>Der Ring wird mit einer eleganten, individuell gestalteten Schachtel von Fabio Ferro i Gioielli und einem Qualit\u00e4ts- und Garantiezertifikat geliefert.<\/p>\n<p>&nbsp;<\/p>\n<p><img decoding=\"async\" class=\"alignnone wp-image-68675\" src=\"https:\/\/cdn02.fabioferro.eu\/wp-content\/uploads\/IGI-4cs-chart-IT-scaled.jpg\" alt=\"\" width=\"971\" height=\"1334\" title=\"\" srcset=\"https:\/\/cdn02.fabioferro.eu\/wp-content\/uploads\/IGI-4cs-chart-IT-scaled.jpg 1864w, https:\/\/cdn02.fabioferro.eu\/wp-content\/uploads\/IGI-4cs-chart-IT-768x1055.jpg 768w, https:\/\/cdn02.fabioferro.eu\/wp-content\/uploads\/IGI-4cs-chart-IT-1119x1536.jpg 1119w, https:\/\/cdn02.fabioferro.eu\/wp-content\/uploads\/IGI-4cs-chart-IT-1491x2048.jpg 1491w, https:\/\/cdn02.fabioferro.eu\/wp-content\/uploads\/IGI-4cs-chart-IT-990x1359.jpg 990w, https:\/\/cdn02.fabioferro.eu\/wp-content\/uploads\/IGI-4cs-chart-IT-441x606.jpg 441w, https:\/\/cdn02.fabioferro.eu\/wp-content\/uploads\/IGI-4cs-chart-IT-600x824.jpg 600w, https:\/\/cdn02.fabioferro.eu\/wp-content\/uploads\/IGI-4cs-chart-IT-150x206.jpg 150w\" sizes=\"(max-width: 971px) 100vw, 971px\" \/><\/p>\n<p>&nbsp;<\/p>\n<div class=\"custom\">\n<p>&nbsp;<\/p>\n<\/div>\n","protected":false},"excerpt":{"rendered":"<p>Der ber\u00fchmte Ring, der Prinzessin Kate geschenkt wurde, mit einem pr\u00e4chtigen nat\u00fcrlichen Ceylon-Saphir.<\/p>\n","protected":false},"featured_media":120433,"comment_status":"open","ping_status":"closed","template":"","meta":[],"product_brand":[152],"product_cat":[5934],"product_tag":[],"class_list":{"0":"post-120431","1":"product","2":"type-product","3":"status-publish","4":"has-post-thumbnail","6":"product_brand-fabio-ferro-i-gioielli","7":"product_cat-ringe","9":"first","10":"instock","11":"sale","12":"taxable","13":"shipping-taxable","14":"purchasable","15":"product-type-variable","16":"has-default-attributes"},"exclude_global_add_ons":[],"addons":[],"df_price":5000,"df_sale_price":"","df_regular_price":5000,"df_image_link":"https:\/\/cdn02.fabioferro.eu\/wp-content\/uploads\/anello-fabio-ferro-kate-zaffiro-diamanti-ff1004.jpg","_links":{"self":[{"href":"https:\/\/www.fabioferro.eu\/de\/wp-json\/wp\/v2\/product\/120431","targetHints":{"allow":["GET"]}}],"collection":[{"href":"https:\/\/www.fabioferro.eu\/de\/wp-json\/wp\/v2\/product"}],"about":[{"href":"https:\/\/www.fabioferro.eu\/de\/wp-json\/wp\/v2\/types\/product"}],"replies":[{"embeddable":true,"href":"https:\/\/www.fabioferro.eu\/de\/wp-json\/wp\/v2\/comments?post=120431"}],"version-history":[{"count":0,"href":"https:\/\/www.fabioferro.eu\/de\/wp-json\/wp\/v2\/product\/120431\/revisions"}],"wp:featuredmedia":[{"embeddable":true,"href":"https:\/\/www.fabioferro.eu\/de\/wp-json\/wp\/v2\/media\/120433"}],"wp:attachment":[{"href":"https:\/\/www.fabioferro.eu\/de\/wp-json\/wp\/v2\/media?parent=120431"}],"wp:term":[{"taxonomy":"product_brand","embeddable":true,"href":"https:\/\/www.fabioferro.eu\/de\/wp-json\/wp\/v2\/product_brand?post=120431"},{"taxonomy":"product_cat","embeddable":true,"href":"https:\/\/www.fabioferro.eu\/de\/wp-json\/wp\/v2\/product_cat?post=120431"},{"taxonomy":"product_tag","embeddable":true,"href":"https:\/\/www.fabioferro.eu\/de\/wp-json\/wp\/v2\/product_tag?post=120431"}],"curies":[{"name":"wp","href":"https:\/\/api.w.org\/{rel}","templated":true}]}}