{"id":120468,"date":"2022-06-01T19:26:04","date_gmt":"2022-06-01T17:26:04","guid":{"rendered":"https:\/\/www.fabioferro.eu\/giovanni-raspini-maui-perlmutt-und-hydrothermalquarz-halskette.html"},"modified":"2024-09-18T16:40:33","modified_gmt":"2024-09-18T14:40:33","slug":"giovanni-raspini-maui-perlmutt-und-hydrothermalquarz-halskette","status":"publish","type":"product","link":"https:\/\/www.fabioferro.eu\/de\/giovanni-raspini-maui-perlmutt-und-hydrothermalquarz-halskette.html","title":{"rendered":"Giovanni Raspini Maui Perlmutt und Hydrothermalquarz Halskette"},"content":{"rendered":"<p>Damenhalskette Giovanni Raspini neue Kollektion Maui in 925\/1000 Silber mit Perlmutt und Quarz. Handgefertigt Made in Italy. Asymmetrische Mikroblasenverarbeitung mit einem Wechselspiel von Hell und Dunkel. Gesamtgewicht des Schmuckst\u00fccks gr. 75.00. Besteht aus 19 kreisf\u00f6rmigen Maschen, die in Mikroblasen gearbeitet sind. Das Collier ist mit 9 Perlmuttperlen mit Hydrothermalquarz in Grau- und Rosat\u00f6nen besetzt, die sich mit silbernen Gliedern abwechseln. Die Kette endet mit zwei Ringkettenst\u00fccken, von denen ein Teil mit einem Karabinerverschluss versehen ist. Das andere St\u00fcck endet mit einem niedlichen Gl\u00fccksbringer in Form einer Chilischote, einem unverkennbaren Detail bei Giovanni Raspini-Schmuck. Die Gesamtl\u00e4nge der Halskette ist cm. 42,00. Praktischer Karabinerhakenverschluss. Neues Schmuckst\u00fcck mit Krokodil-Etui und offizieller Giovanni Raspini-Garantie.<\/p>\n","protected":false},"excerpt":{"rendered":"<p>Damenhalskette Giovanni Raspini neue Kollektion Maui in 925 Silber mit Perlmutt und Hydrothermalquarz grau\/rosa L\u00e4nge cm. 42.<\/p>\n","protected":false},"featured_media":120474,"comment_status":"open","ping_status":"closed","template":"","meta":[],"product_brand":[155],"product_cat":[7568],"product_tag":[],"class_list":{"0":"post-120468","1":"product","2":"type-product","3":"status-publish","4":"has-post-thumbnail","6":"product_brand-raspini","7":"product_cat-giovanni-raspini-halsketten","9":"first","10":"instock","11":"sale","12":"taxable","13":"shipping-taxable","14":"purchasable","15":"product-type-simple"},"exclude_global_add_ons":[],"addons":[],"df_price":711,"df_sale_price":711,"df_regular_price":790,"df_image_link":"https:\/\/cdn02.fabioferro.eu\/wp-content\/uploads\/virtuemart\/product\/collana-giovanni-raspini-donna-maui-argento-quarzi-10312.jpg","_links":{"self":[{"href":"https:\/\/www.fabioferro.eu\/de\/wp-json\/wp\/v2\/product\/120468","targetHints":{"allow":["GET"]}}],"collection":[{"href":"https:\/\/www.fabioferro.eu\/de\/wp-json\/wp\/v2\/product"}],"about":[{"href":"https:\/\/www.fabioferro.eu\/de\/wp-json\/wp\/v2\/types\/product"}],"replies":[{"embeddable":true,"href":"https:\/\/www.fabioferro.eu\/de\/wp-json\/wp\/v2\/comments?post=120468"}],"version-history":[{"count":0,"href":"https:\/\/www.fabioferro.eu\/de\/wp-json\/wp\/v2\/product\/120468\/revisions"}],"wp:featuredmedia":[{"embeddable":true,"href":"https:\/\/www.fabioferro.eu\/de\/wp-json\/wp\/v2\/media\/120474"}],"wp:attachment":[{"href":"https:\/\/www.fabioferro.eu\/de\/wp-json\/wp\/v2\/media?parent=120468"}],"wp:term":[{"taxonomy":"product_brand","embeddable":true,"href":"https:\/\/www.fabioferro.eu\/de\/wp-json\/wp\/v2\/product_brand?post=120468"},{"taxonomy":"product_cat","embeddable":true,"href":"https:\/\/www.fabioferro.eu\/de\/wp-json\/wp\/v2\/product_cat?post=120468"},{"taxonomy":"product_tag","embeddable":true,"href":"https:\/\/www.fabioferro.eu\/de\/wp-json\/wp\/v2\/product_tag?post=120468"}],"curies":[{"name":"wp","href":"https:\/\/api.w.org\/{rel}","templated":true}]}}