{"id":120489,"date":"2022-06-01T19:25:33","date_gmt":"2022-06-01T17:25:33","guid":{"rendered":"https:\/\/www.fabioferro.eu\/giovanni-raspini-super-bowl-medium-armband.html"},"modified":"2026-02-28T08:32:42","modified_gmt":"2026-02-28T07:32:42","slug":"giovanni-raspini-super-bowl-medium-armband","status":"publish","type":"product","link":"https:\/\/www.fabioferro.eu\/de\/giovanni-raspini-super-bowl-medium-armband.html","title":{"rendered":"Giovanni Raspini Super Bowl Medium Armband"},"content":{"rendered":"<div class=\"description\">  Damenarmband Giovanni Raspini neue Kollektion Super Bowl Mini aus geh\u00e4mmertem 925\/1000 Silber. Bestehend aus 19 geh\u00e4mmerten Effektkugeln mit einem Durchmesser von 8,00 mm. Das Armband hat eine Gesamtl\u00e4nge von 22,00 cm einschlie\u00dflich der Schlie\u00dfe. Dank einer Reihe von Ringen am Ende des Armbands kann es bis zu einer L\u00e4nge von 19,00 cm getragen werden. Praktischer Verschluss mit Karabinerhaken mit Logo. Das Juwel wird von einer Schachtel und der offiziellen Garantie von Giovanni Raspini begleitet.  <\/div>\n","protected":false},"excerpt":{"rendered":"<p>Armband Giovanni Raspini in 925 Silber Super Bowl Mini Kollektion Durchmesser mm.8,00 L\u00e4nge cm. 22,00.<\/p>\n","protected":false},"featured_media":120496,"comment_status":"open","ping_status":"closed","template":"","meta":[],"product_brand":[155],"product_cat":[7569],"product_tag":[],"class_list":{"0":"post-120489","1":"product","2":"type-product","3":"status-publish","4":"has-post-thumbnail","6":"product_brand-raspini","7":"product_cat-armbander-giovanni-raspini","9":"first","10":"instock","11":"sale","12":"taxable","13":"shipping-taxable","14":"purchasable","15":"product-type-simple"},"exclude_global_add_ons":[],"addons":[],"df_price":216,"df_sale_price":216,"df_regular_price":240,"df_image_link":"https:\/\/cdn02.fabioferro.eu\/wp-content\/uploads\/virtuemart\/product\/bracciale-donna-giovanni-raspini-argento-925-10327.jpg","_links":{"self":[{"href":"https:\/\/www.fabioferro.eu\/de\/wp-json\/wp\/v2\/product\/120489","targetHints":{"allow":["GET"]}}],"collection":[{"href":"https:\/\/www.fabioferro.eu\/de\/wp-json\/wp\/v2\/product"}],"about":[{"href":"https:\/\/www.fabioferro.eu\/de\/wp-json\/wp\/v2\/types\/product"}],"replies":[{"embeddable":true,"href":"https:\/\/www.fabioferro.eu\/de\/wp-json\/wp\/v2\/comments?post=120489"}],"version-history":[{"count":0,"href":"https:\/\/www.fabioferro.eu\/de\/wp-json\/wp\/v2\/product\/120489\/revisions"}],"wp:featuredmedia":[{"embeddable":true,"href":"https:\/\/www.fabioferro.eu\/de\/wp-json\/wp\/v2\/media\/120496"}],"wp:attachment":[{"href":"https:\/\/www.fabioferro.eu\/de\/wp-json\/wp\/v2\/media?parent=120489"}],"wp:term":[{"taxonomy":"product_brand","embeddable":true,"href":"https:\/\/www.fabioferro.eu\/de\/wp-json\/wp\/v2\/product_brand?post=120489"},{"taxonomy":"product_cat","embeddable":true,"href":"https:\/\/www.fabioferro.eu\/de\/wp-json\/wp\/v2\/product_cat?post=120489"},{"taxonomy":"product_tag","embeddable":true,"href":"https:\/\/www.fabioferro.eu\/de\/wp-json\/wp\/v2\/product_tag?post=120489"}],"curies":[{"name":"wp","href":"https:\/\/api.w.org\/{rel}","templated":true}]}}