{"id":120490,"date":"2022-06-01T19:25:21","date_gmt":"2022-06-01T17:25:21","guid":{"rendered":"https:\/\/www.fabioferro.eu\/tamashii-mudra-halskette-mit-tuerkis-laenge-cm-50.html"},"modified":"2024-07-10T09:13:41","modified_gmt":"2024-07-10T07:13:41","slug":"tamashii-mudra-halskette-mit-tuerkis-laenge-cm-50","status":"publish","type":"product","link":"https:\/\/www.fabioferro.eu\/de\/tamashii-mudra-halskette-mit-tuerkis-laenge-cm-50.html","title":{"rendered":"Tamashii Mudra Halskette mit T\u00fcrkis L\u00e4nge Cm. 50"},"content":{"rendered":"<p>Tamashii Produkte, die mit <b>nat\u00fcrlichen Steinen\/Perlen<\/b> handgefertigt werden, k\u00f6nnen Farbt\u00f6ne aufweisen, die leicht von den Fotos abweichen.<\/p>\n<p>Original Tamashii Unisex-Halskette mit 54 nat\u00fcrlichen T\u00fcrkisperlen, komplett mit Kalebasse, Vajra und Glocke.<\/p>\n<p>Der<strong> Vajra<\/strong> und die <strong>Glocke<\/strong> stellen koexistierende Gegens\u00e4tze dar: Die Glocke ist ein Symbol f\u00fcr die weibliche Seite, den physischen K\u00f6rper, w\u00e4hrend der Vajra f\u00fcr die m\u00e4nnliche Seite, den Geist, steht. Bei buddhistischen Ritualen wird der Vajra in der rechten Hand und die Glocke in der linken Hand gehalten.<\/p>\n<p>T\u00fcrkis ist ein tiefblauer, ins Gr\u00fcne tendierender Naturstein, der die Bedeutung und die Esoterik dieser beiden Farben vereint und in der buddhistischen Esoterik weit verbreitet ist.<br \/>\nF\u00fcr Buddhisten steht Gr\u00fcn f\u00fcr Ruhe und Blau f\u00fcr Aufstieg und Reinheit.<br \/>\nDas t\u00fcrkisfarbene Tamashii beruhigt die Seele, indem es Wut in Weisheit verwandelt.<\/p>\n<p>Die Kette hat eine Gesamtl\u00e4nge von 50 cm, kann aber dank des Verl\u00e4ngerungskabels bis zu 55 cm getragen werden.<\/p>\n<p>Praktischer br\u00fcnierter Metallknopfverschluss mit Tamashii-Logo.<\/p>\n<p>Ein einzigartiges Schmuckst\u00fcck, denn es wird vollst\u00e4ndig von den geschickten H\u00e4nden tibetischer M\u00f6nche hergestellt und am Ende seiner Herstellung einzeln gesegnet.<\/p>\n<p>Neues Produkt in Originalverpackung mit Tamashii-Echtheitsgarantie.<\/p>\n<p>\u00a0<\/p>\n","protected":false},"excerpt":{"rendered":"<p>Tamashii Halskette in T\u00fcrkis cm. 50<\/p>\n","protected":false},"featured_media":120495,"comment_status":"open","ping_status":"closed","template":"","meta":[],"product_brand":[199],"product_cat":[6318],"product_tag":[],"class_list":{"0":"post-120490","1":"product","2":"type-product","3":"status-publish","4":"has-post-thumbnail","6":"product_brand-tamashii","7":"product_cat-tamashii","9":"first","10":"instock","11":"taxable","12":"shipping-taxable","13":"purchasable","14":"product-type-simple"},"exclude_global_add_ons":[],"addons":[],"df_price":55,"df_sale_price":"","df_regular_price":55,"df_image_link":"https:\/\/cdn02.fabioferro.eu\/wp-content\/uploads\/virtuemart\/product\/collana-tamashii-mudra-turchese-NHS1600-07.jpg","_links":{"self":[{"href":"https:\/\/www.fabioferro.eu\/de\/wp-json\/wp\/v2\/product\/120490","targetHints":{"allow":["GET"]}}],"collection":[{"href":"https:\/\/www.fabioferro.eu\/de\/wp-json\/wp\/v2\/product"}],"about":[{"href":"https:\/\/www.fabioferro.eu\/de\/wp-json\/wp\/v2\/types\/product"}],"replies":[{"embeddable":true,"href":"https:\/\/www.fabioferro.eu\/de\/wp-json\/wp\/v2\/comments?post=120490"}],"version-history":[{"count":0,"href":"https:\/\/www.fabioferro.eu\/de\/wp-json\/wp\/v2\/product\/120490\/revisions"}],"wp:featuredmedia":[{"embeddable":true,"href":"https:\/\/www.fabioferro.eu\/de\/wp-json\/wp\/v2\/media\/120495"}],"wp:attachment":[{"href":"https:\/\/www.fabioferro.eu\/de\/wp-json\/wp\/v2\/media?parent=120490"}],"wp:term":[{"taxonomy":"product_brand","embeddable":true,"href":"https:\/\/www.fabioferro.eu\/de\/wp-json\/wp\/v2\/product_brand?post=120490"},{"taxonomy":"product_cat","embeddable":true,"href":"https:\/\/www.fabioferro.eu\/de\/wp-json\/wp\/v2\/product_cat?post=120490"},{"taxonomy":"product_tag","embeddable":true,"href":"https:\/\/www.fabioferro.eu\/de\/wp-json\/wp\/v2\/product_tag?post=120490"}],"curies":[{"name":"wp","href":"https:\/\/api.w.org\/{rel}","templated":true}]}}