{"id":120512,"date":"2022-06-01T19:25:46","date_gmt":"2022-06-01T17:25:46","guid":{"rendered":"https:\/\/www.fabioferro.eu\/hamilton-khaki-field-mechanische-uhr-beige-38-mm.html"},"modified":"2025-04-02T21:25:01","modified_gmt":"2025-04-02T19:25:01","slug":"hamilton-khaki-field-mechanische-uhr-beige-38-mm","status":"publish","type":"product","link":"https:\/\/www.fabioferro.eu\/de\/hamilton-khaki-field-mechanische-uhr-beige-38-mm.html","title":{"rendered":"Hamilton Khaki Field Mechanisch 38mm H69439933"},"content":{"rendered":"<div class=\"description\">\n<div class=\"description\">\n<div class=\"description\">\n<div class=\"description\">\n<p>Hamilton Khaki Field Mechanical H69439933 Kaliber H-50 aus satiniertem Edelstahl.<\/p>\n<p>Mechanisches Swiss-Made-Uhrwerk mit Handaufzug und 80 Stunden Gangreserve.<\/p>\n<p>Geh\u00e4use aus satiniertem Edelstahl, 38,00 mm x 9,50 mm dick.<\/p>\n<p>Stahlboden und wasserdicht bis 5 ATM. Ger\u00e4ndelte und satinierte Stahlkrone mit Hamilton-Logo.<\/p>\n<p>Schwarzes Zifferblatt mit wei\u00dfem Stunden- und Minutenzeiger, wei\u00dfer Zentralsekundenzeiger. Arabische Ziffern in Wei\u00df. Datumsfeld auf 3 Uhr.<\/p>\n<p>Kratzfestes Saphirkristallglas.<\/p>\n<p>Beigefarbenes Canvasband mit satinierter Stahlschlie\u00dfe mit Hamilton-Logo. 20-mm-Schleifen.<\/p>\n<p>Neue Uhr mit Original-Hamilton-Box, Z\u00e4hlerkasten und 2 Jahren Garantie.<\/p>\n<\/div>\n<\/div>\n<\/div>\n<\/div>\n","protected":false},"excerpt":{"rendered":"<p>Hamilton Khaki Field H69439933 mechanichal 38 mm. mit beigem Canvas-Armband<\/p>\n","protected":false},"featured_media":120530,"comment_status":"open","ping_status":"closed","template":"","meta":[],"product_brand":[161],"product_cat":[5974],"product_tag":[],"class_list":{"0":"post-120512","1":"product","2":"type-product","3":"status-publish","4":"has-post-thumbnail","6":"product_brand-hamilton","7":"product_cat-hamilton-herrenuhren","9":"first","10":"instock","11":"sale","12":"taxable","13":"shipping-taxable","14":"purchasable","15":"product-type-simple"},"exclude_global_add_ons":[],"addons":[],"df_price":500,"df_sale_price":500,"df_regular_price":625,"df_image_link":"https:\/\/cdn02.fabioferro.eu\/wp-content\/uploads\/virtuemart\/product\/orologio-hamilton-H69439933-khaki-field-80-ore-riserva-carica.jpg","_links":{"self":[{"href":"https:\/\/www.fabioferro.eu\/de\/wp-json\/wp\/v2\/product\/120512","targetHints":{"allow":["GET"]}}],"collection":[{"href":"https:\/\/www.fabioferro.eu\/de\/wp-json\/wp\/v2\/product"}],"about":[{"href":"https:\/\/www.fabioferro.eu\/de\/wp-json\/wp\/v2\/types\/product"}],"replies":[{"embeddable":true,"href":"https:\/\/www.fabioferro.eu\/de\/wp-json\/wp\/v2\/comments?post=120512"}],"version-history":[{"count":0,"href":"https:\/\/www.fabioferro.eu\/de\/wp-json\/wp\/v2\/product\/120512\/revisions"}],"wp:featuredmedia":[{"embeddable":true,"href":"https:\/\/www.fabioferro.eu\/de\/wp-json\/wp\/v2\/media\/120530"}],"wp:attachment":[{"href":"https:\/\/www.fabioferro.eu\/de\/wp-json\/wp\/v2\/media?parent=120512"}],"wp:term":[{"taxonomy":"product_brand","embeddable":true,"href":"https:\/\/www.fabioferro.eu\/de\/wp-json\/wp\/v2\/product_brand?post=120512"},{"taxonomy":"product_cat","embeddable":true,"href":"https:\/\/www.fabioferro.eu\/de\/wp-json\/wp\/v2\/product_cat?post=120512"},{"taxonomy":"product_tag","embeddable":true,"href":"https:\/\/www.fabioferro.eu\/de\/wp-json\/wp\/v2\/product_tag?post=120512"}],"curies":[{"name":"wp","href":"https:\/\/api.w.org\/{rel}","templated":true}]}}