{"id":120527,"date":"2022-06-01T19:25:00","date_gmt":"2022-06-01T17:25:00","guid":{"rendered":"https:\/\/www.fabioferro.eu\/hamilton-herrenuhr-american-classic-intra-matic-chrono-automatik-40-mm.html"},"modified":"2025-04-02T21:24:49","modified_gmt":"2025-04-02T19:24:49","slug":"hamilton-herrenuhr-american-classic-intra-matic-chrono-automatik-40-mm","status":"publish","type":"product","link":"https:\/\/www.fabioferro.eu\/de\/hamilton-herrenuhr-american-classic-intra-matic-chrono-automatik-40-mm.html","title":{"rendered":"Hamilton Intra-Matic American Classic 40mm H38416711"},"content":{"rendered":"<p>Hamilton H38416711 Intra-Matic Chrono Automatik Amerikanische Klassik.<\/p>\n<p>Mechanisches H-31 Automatikwerk Swiss Made. Das Uhrwerk H-31 ist ein leistungsstarkes Automatik-Chronographenwerk mit einer erh\u00f6hten Gangreserve von 60 Stunden, das den Anforderungen der sportlichsten Modelle gerecht wird. Das H-Motiv auf der Schwungmasse l\u00e4sst keinen Zweifel daran, wer dieses Uhrwerk hergestellt hat.<\/p>\n<p>Geh\u00e4use aus poliertem Edelstahl, Durchmesser 40,00 mm. Ger\u00e4ndelte Stahlkrone mit Hamilton-Logo, Pump-Chronokn\u00f6pfe aus Stahl. Durch den verschraubten Edelstahlboden ist die Uhr bis zu 10 ATM wasserdicht.<\/p>\n<p>Beigefarbenes Zifferblatt mit schwarzen Z\u00e4hlern und Tachymeterl\u00fcnette. Stunden- und Minutenzeiger aus wei\u00dfem Metall, Chronozeiger aus schwarzem Metall in der Mitte. Datumsfeld bei 6 Uhr.<\/p>\n<p>Kratzfestes Saphirkristallglas.<\/p>\n<p>Schwarzes Lederarmband mit Dornschlie\u00dfe mit Hamilton-Logo aus Stahl. 20,00 mm Schleifen.<\/p>\n<p>Die Uhr wird von einer personalisierten Box und einer zweij\u00e4hrigen Originalgarantie von Hamilton begleitet.<\/p>\n<p>Ein Zubeh\u00f6rteil zum Einstellen des Datums wird mitgeliefert.<\/p>\n<p>Mit Verpackung und offizieller 2-Jahres-Garantie von Hamilton.<\/p>\n","protected":false},"excerpt":{"rendered":"<p>Hamilton Intra-Matic Chrono H38416711 Automatik mit beigem Zifferblatt und schwarzem Lederband.<\/p>\n","protected":false},"featured_media":120541,"comment_status":"open","ping_status":"closed","template":"","meta":[],"product_brand":[161],"product_cat":[5974],"product_tag":[],"class_list":{"0":"post-120527","1":"product","2":"type-product","3":"status-publish","4":"has-post-thumbnail","6":"product_brand-hamilton","7":"product_cat-hamilton-herrenuhren","8":"pa_collezione-hamilton-amerikanischer-klassiker","10":"first","11":"instock","12":"sale","13":"taxable","14":"shipping-taxable","15":"purchasable","16":"product-type-simple"},"exclude_global_add_ons":[],"addons":[],"df_price":1956,"df_sale_price":1956,"df_regular_price":2445,"df_image_link":"https:\/\/cdn02.fabioferro.eu\/wp-content\/uploads\/virtuemart\/product\/orologio-hamilton-uomo-intramatic-edizione-limitata-H38416711.jpg","_links":{"self":[{"href":"https:\/\/www.fabioferro.eu\/de\/wp-json\/wp\/v2\/product\/120527","targetHints":{"allow":["GET"]}}],"collection":[{"href":"https:\/\/www.fabioferro.eu\/de\/wp-json\/wp\/v2\/product"}],"about":[{"href":"https:\/\/www.fabioferro.eu\/de\/wp-json\/wp\/v2\/types\/product"}],"replies":[{"embeddable":true,"href":"https:\/\/www.fabioferro.eu\/de\/wp-json\/wp\/v2\/comments?post=120527"}],"version-history":[{"count":0,"href":"https:\/\/www.fabioferro.eu\/de\/wp-json\/wp\/v2\/product\/120527\/revisions"}],"wp:featuredmedia":[{"embeddable":true,"href":"https:\/\/www.fabioferro.eu\/de\/wp-json\/wp\/v2\/media\/120541"}],"wp:attachment":[{"href":"https:\/\/www.fabioferro.eu\/de\/wp-json\/wp\/v2\/media?parent=120527"}],"wp:term":[{"taxonomy":"product_brand","embeddable":true,"href":"https:\/\/www.fabioferro.eu\/de\/wp-json\/wp\/v2\/product_brand?post=120527"},{"taxonomy":"product_cat","embeddable":true,"href":"https:\/\/www.fabioferro.eu\/de\/wp-json\/wp\/v2\/product_cat?post=120527"},{"taxonomy":"product_tag","embeddable":true,"href":"https:\/\/www.fabioferro.eu\/de\/wp-json\/wp\/v2\/product_tag?post=120527"}],"curies":[{"name":"wp","href":"https:\/\/api.w.org\/{rel}","templated":true}]}}