{"id":120557,"date":"2022-06-01T19:20:24","date_gmt":"2022-06-01T17:20:24","guid":{"rendered":"https:\/\/www.fabioferro.eu\/original-tibetischer-gruener-achat-tamashii-armband.html"},"modified":"2024-09-18T16:41:00","modified_gmt":"2024-09-18T14:41:00","slug":"original-tibetischer-gruener-achat-tamashii-armband","status":"publish","type":"product","link":"https:\/\/www.fabioferro.eu\/de\/original-tibetischer-gruener-achat-tamashii-armband.html","title":{"rendered":"Original Tibetischer Gr\u00fcner Achat Tamashii-Armband"},"content":{"rendered":"<p>Tamashii Produkte, die mit <b>nat\u00fcrlichen Steinen\/Perlen<\/b> handgefertigt werden, k\u00f6nnen Farbt\u00f6ne aufweisen, die leicht von den Fotos abweichen. Original Tamashii Unisex-Armband aus Tibet mit nat\u00fcrlichem gr\u00fcnem Achatstein. Achat ist ein nat\u00fcrlich vorkommender Stein in verschiedenen Farben. In diesem Fall bezeichnet die Farbe Gr\u00fcn die Farbe der Natur, der B\u00e4ume und der Pflanzen. Er fasst die Qualit\u00e4ten von Gleichgewicht und Harmonie, aber auch jugendlicher Kraft und Aktion zusammen.  &nbsp;  Das Armband ist mit 12 Kugeln aus nat\u00fcrlichem gr\u00fcnem Achat mit einem Durchmesser von 8,00 mm besetzt und handgekn\u00fcpft. Die Gesamtl\u00e4nge des Armbands betr\u00e4gt 24,00 cm, aber es kann auch bis zu 18,00 cm getragen werden. Praktischer Knopfverschluss aus Metall. Jedes Tamashii-Armband ist mit einem h\u00f6lzernen Element versehen, das einen mit Samen gef\u00fcllten K\u00fcrbis darstellt, der Kamawatchi Calabush oder einfach Kalebasse genannt wird und f\u00fcr die Kontinuit\u00e4t des Lebens steht. Ein einzigartiges Schmuckst\u00fcck, denn es wird ausschlie\u00dflich von den geschickten H\u00e4nden tibetischer M\u00f6nche hergestellt und am Ende seiner Herstellung einzeln gesegnet. Neues Produkt in Originalverpackung mit authentischer Tamashii-Garantie.  &nbsp;<\/p>\n","protected":false},"excerpt":{"rendered":"<p>Tamashii-Armband aus gr\u00fcnem Achat<\/p>\n","protected":false},"featured_media":120565,"comment_status":"open","ping_status":"closed","template":"","meta":[],"product_brand":[199],"product_cat":[6318],"product_tag":[7442],"class_list":{"0":"post-120557","1":"product","2":"type-product","3":"status-publish","4":"has-post-thumbnail","6":"product_brand-tamashii","7":"product_cat-tamashii","8":"product_tag-verfugbar","10":"first","11":"instock","12":"taxable","13":"shipping-taxable","14":"purchasable","15":"product-type-simple"},"exclude_global_add_ons":[],"addons":[],"df_price":42,"df_sale_price":"","df_regular_price":42,"df_image_link":"https:\/\/cdn02.fabioferro.eu\/wp-content\/uploads\/virtuemart\/product\/bracciale-tamashii-agata-verde-BHS900-12.jpg","_links":{"self":[{"href":"https:\/\/www.fabioferro.eu\/de\/wp-json\/wp\/v2\/product\/120557","targetHints":{"allow":["GET"]}}],"collection":[{"href":"https:\/\/www.fabioferro.eu\/de\/wp-json\/wp\/v2\/product"}],"about":[{"href":"https:\/\/www.fabioferro.eu\/de\/wp-json\/wp\/v2\/types\/product"}],"replies":[{"embeddable":true,"href":"https:\/\/www.fabioferro.eu\/de\/wp-json\/wp\/v2\/comments?post=120557"}],"version-history":[{"count":0,"href":"https:\/\/www.fabioferro.eu\/de\/wp-json\/wp\/v2\/product\/120557\/revisions"}],"wp:featuredmedia":[{"embeddable":true,"href":"https:\/\/www.fabioferro.eu\/de\/wp-json\/wp\/v2\/media\/120565"}],"wp:attachment":[{"href":"https:\/\/www.fabioferro.eu\/de\/wp-json\/wp\/v2\/media?parent=120557"}],"wp:term":[{"taxonomy":"product_brand","embeddable":true,"href":"https:\/\/www.fabioferro.eu\/de\/wp-json\/wp\/v2\/product_brand?post=120557"},{"taxonomy":"product_cat","embeddable":true,"href":"https:\/\/www.fabioferro.eu\/de\/wp-json\/wp\/v2\/product_cat?post=120557"},{"taxonomy":"product_tag","embeddable":true,"href":"https:\/\/www.fabioferro.eu\/de\/wp-json\/wp\/v2\/product_tag?post=120557"}],"curies":[{"name":"wp","href":"https:\/\/api.w.org\/{rel}","templated":true}]}}